{"id":10898,"date":"2025-09-05T03:12:30","date_gmt":"2025-09-05T01:12:30","guid":{"rendered":"https:\/\/bio-reflexo-therapie.fr\/how-to-register\/"},"modified":"2025-11-14T19:02:06","modified_gmt":"2025-11-14T18:02:06","slug":"how-to-register","status":"publish","type":"page","link":"https:\/\/bio-reflexo-therapie.fr\/en\/how-to-register\/","title":{"rendered":"How to register"},"content":{"rendered":"\t\t<div data-elementor-type=\"wp-page\" data-elementor-id=\"10898\" class=\"elementor elementor-10898 elementor-10592\" data-elementor-post-type=\"page\">\n\t\t\t\t<div class=\"elementor-element elementor-element-312bdfd e-flex e-con-boxed e-con e-parent\" data-id=\"312bdfd\" data-element_type=\"container\" data-e-type=\"container\" data-settings=\"{&quot;background_background&quot;:&quot;gradient&quot;}\">\n\t\t\t\t\t<div class=\"e-con-inner\">\n\t\t\t\t<div class=\"elementor-element elementor-element-6f7dbf6 elementor-widget elementor-widget-image\" data-id=\"6f7dbf6\" data-element_type=\"widget\" data-e-type=\"widget\" data-widget_type=\"image.default\">\n\t\t\t\t<div class=\"elementor-widget-container\">\n\t\t\t\t\t\t\t\t\t\t\t\t\t\t\t<img fetchpriority=\"high\" decoding=\"async\" width=\"800\" height=\"800\" src=\"https:\/\/bio-reflexo-therapie.fr\/wp-content\/uploads\/2025\/09\/logo-nlibrach-PT-blanc-1024x1024.png\" class=\"attachment-large size-large wp-image-10596\" alt=\"\" srcset=\"https:\/\/bio-reflexo-therapie.fr\/wp-content\/uploads\/2025\/09\/logo-nlibrach-PT-blanc-1024x1024.png 1024w, https:\/\/bio-reflexo-therapie.fr\/wp-content\/uploads\/2025\/09\/logo-nlibrach-PT-blanc-300x300.png 300w, https:\/\/bio-reflexo-therapie.fr\/wp-content\/uploads\/2025\/09\/logo-nlibrach-PT-blanc-138x138.png 138w, https:\/\/bio-reflexo-therapie.fr\/wp-content\/uploads\/2025\/09\/logo-nlibrach-PT-blanc-768x767.png 768w, https:\/\/bio-reflexo-therapie.fr\/wp-content\/uploads\/2025\/09\/logo-nlibrach-PT-blanc.png 1362w\" sizes=\"(max-width: 800px) 100vw, 800px\" \/>\t\t\t\t\t\t\t\t\t\t\t\t\t\t\t<\/div>\n\t\t\t\t<\/div>\n\t\t\t\t<div class=\"elementor-element elementor-element-3ca832c elementor-widget elementor-widget-text-editor\" data-id=\"3ca832c\" data-element_type=\"widget\" data-e-type=\"widget\" data-widget_type=\"text-editor.default\">\n\t\t\t\t<div class=\"elementor-widget-container\">\n\t\t\t\t\t\t\t\t\t<h2>Certification registration process<\/h2><p>Candidates must <strong>submit<\/strong> their application file<br>including a fact sheet, CV and any required appendices proving their <strong>prerequisites <\/strong> (see page 5 of the brochure).<\/p><p>Followed by a positioning interview.<\/p><p><strong>Analysis of the<\/strong> application <strong>file<\/strong> with its various attachments to ensure validation of prerequisites.<\/p><p>Take into <strong>account<\/strong> any disability situations with a view to providing accommodation solutions.<\/p><p>**********<br><strong>Training becomes effective once the following documents have been completed and signed:<\/strong><br>\u21d2 the agreement sent by e-mail<\/p><p>\u21d2 Signed Code of Ethics (sent by e-mail)<\/p><p>\u21d2 Signed General Terms and Conditions (download below)<\/p><p>\u21d2 Information form (download below)<\/p><p>*** Confirmation of registration sent by e-mail to candidate<br>To be sent to Mme Librach Nadine<\/p><p>ln.pro@free.fr<\/p>\t\t\t\t\t\t\t\t<\/div>\n\t\t\t\t<\/div>\n\t\t\t\t\t<\/div>\n\t\t\t\t<\/div>\n\t\t<div class=\"elementor-element elementor-element-64db58b e-flex e-con-boxed e-con e-parent\" data-id=\"64db58b\" data-element_type=\"container\" data-e-type=\"container\">\n\t\t\t\t\t<div class=\"e-con-inner\">\n\t\t\t\t<div class=\"elementor-element elementor-element-3a2380b elementor-align-center elementor-widget elementor-widget-button\" data-id=\"3a2380b\" data-element_type=\"widget\" data-e-type=\"widget\" data-widget_type=\"button.default\">\n\t\t\t\t<div class=\"elementor-widget-container\">\n\t\t\t\t\t\t\t\t\t<div class=\"elementor-button-wrapper\">\n\t\t\t\t\t<a class=\"elementor-button elementor-button-link elementor-size-sm\" href=\"https:\/\/formation-psychocorporel.fr\/wp-content\/uploads\/2025\/07\/Plaquette-2025-formation-Nadine-Librach-1.pdf\">\n\t\t\t\t\t\t<span class=\"elementor-button-content-wrapper\">\n\t\t\t\t\t\t\t\t\t<span class=\"elementor-button-text\">Training brochure<\/span>\n\t\t\t\t\t<\/span>\n\t\t\t\t\t<\/a>\n\t\t\t\t<\/div>\n\t\t\t\t\t\t\t\t<\/div>\n\t\t\t\t<\/div>\n\t\t<div class=\"elementor-element elementor-element-39af46c e-con-full e-flex e-con e-child\" data-id=\"39af46c\" data-element_type=\"container\" data-e-type=\"container\">\n\t\t\t\t<div class=\"elementor-element elementor-element-6fa024d elementor-align-center elementor-widget elementor-widget-button\" data-id=\"6fa024d\" data-element_type=\"widget\" data-e-type=\"widget\" data-widget_type=\"button.default\">\n\t\t\t\t<div class=\"elementor-widget-container\">\n\t\t\t\t\t\t\t\t\t<div class=\"elementor-button-wrapper\">\n\t\t\t\t\t<a class=\"elementor-button elementor-button-link elementor-size-sm\" href=\"https:\/\/formation-psychocorporel.fr\/wp-content\/uploads\/2025\/07\/Fiche-de-renseignement-protocole-drainant-corporel-2024doc.pdf\">\n\t\t\t\t\t\t<span class=\"elementor-button-content-wrapper\">\n\t\t\t\t\t\t\t\t\t<span class=\"elementor-button-text\">Information form to fill in and send<\/span>\n\t\t\t\t\t<\/span>\n\t\t\t\t\t<\/a>\n\t\t\t\t<\/div>\n\t\t\t\t\t\t\t\t<\/div>\n\t\t\t\t<\/div>\n\t\t\t\t<div class=\"elementor-element elementor-element-a30a5de elementor-align-center elementor-widget elementor-widget-button\" data-id=\"a30a5de\" data-element_type=\"widget\" data-e-type=\"widget\" data-widget_type=\"button.default\">\n\t\t\t\t<div class=\"elementor-widget-container\">\n\t\t\t\t\t\t\t\t\t<div class=\"elementor-button-wrapper\">\n\t\t\t\t\t<a class=\"elementor-button elementor-button-link elementor-size-sm\" href=\"https:\/\/formation-psychocorporel.fr\/wp-content\/uploads\/2025\/07\/CGV-juillet-2025-NADINE-LIBRACH-V9.pdf\">\n\t\t\t\t\t\t<span class=\"elementor-button-content-wrapper\">\n\t\t\t\t\t\t\t\t\t<span class=\"elementor-button-text\">General Sales Conditions<\/span>\n\t\t\t\t\t<\/span>\n\t\t\t\t\t<\/a>\n\t\t\t\t<\/div>\n\t\t\t\t\t\t\t\t<\/div>\n\t\t\t\t<\/div>\n\t\t\t\t<\/div>\n\t\t\t\t\t<\/div>\n\t\t\t\t<\/div>\n\t\t<div class=\"elementor-element elementor-element-ab8396f e-flex e-con-boxed e-con e-parent\" data-id=\"ab8396f\" data-element_type=\"container\" data-e-type=\"container\" data-settings=\"{&quot;background_background&quot;:&quot;classic&quot;}\">\n\t\t\t\t\t<div class=\"e-con-inner\">\n\t\t<div class=\"elementor-element elementor-element-097e75f e-con-full e-flex e-con e-child\" data-id=\"097e75f\" data-element_type=\"container\" data-e-type=\"container\" data-settings=\"{&quot;background_background&quot;:&quot;classic&quot;}\">\n\t\t\t\t<div class=\"elementor-element elementor-element-51f9c5e elementor-widget elementor-widget-heading\" data-id=\"51f9c5e\" data-element_type=\"widget\" data-e-type=\"widget\" data-widget_type=\"heading.default\">\n\t\t\t\t<div class=\"elementor-widget-container\">\n\t\t\t\t\t<h3 class=\"elementor-heading-title elementor-size-default\">Mrs LIBRACH's office\n<\/h3>\t\t\t\t<\/div>\n\t\t\t\t<\/div>\n\t\t\t\t<div class=\"elementor-element elementor-element-47f2bc3 elementor-widget elementor-widget-heading\" data-id=\"47f2bc3\" data-element_type=\"widget\" data-e-type=\"widget\" data-widget_type=\"heading.default\">\n\t\t\t\t<div class=\"elementor-widget-container\">\n\t\t\t\t\t<h1 class=\"elementor-heading-title elementor-size-default\">Consultation by appointment\n\n<\/h1>\t\t\t\t<\/div>\n\t\t\t\t<\/div>\n\t\t<div class=\"elementor-element elementor-element-d1bf418 e-con-full e-flex e-con e-child\" data-id=\"d1bf418\" data-element_type=\"container\" data-e-type=\"container\">\n\t\t\t\t<div class=\"elementor-element elementor-element-2474e56 elementor-widget-tablet__width-initial elementor-widget-mobile__width-inherit elementor-widget elementor-widget-heading\" data-id=\"2474e56\" data-element_type=\"widget\" data-e-type=\"widget\" data-widget_type=\"heading.default\">\n\t\t\t\t<div class=\"elementor-widget-container\">\n\t\t\t\t\t<h3 class=\"elementor-heading-title elementor-size-default\">Phone &amp; Mail<\/h3>\t\t\t\t<\/div>\n\t\t\t\t<\/div>\n\t\t\t\t<div class=\"elementor-element elementor-element-1f2263d elementor-icon-list--layout-traditional elementor-list-item-link-full_width elementor-widget elementor-widget-icon-list\" data-id=\"1f2263d\" data-element_type=\"widget\" data-e-type=\"widget\" data-widget_type=\"icon-list.default\">\n\t\t\t\t<div class=\"elementor-widget-container\">\n\t\t\t\t\t\t\t<ul class=\"elementor-icon-list-items\">\n\t\t\t\t\t\t\t<li class=\"elementor-icon-list-item\">\n\t\t\t\t\t\t\t\t\t\t\t<a href=\"tel:0609386642%20\">\n\n\t\t\t\t\t\t\t\t\t\t\t<span class=\"elementor-icon-list-text\">  Telephone: 06 09 38 66 42  <\/span>\n\t\t\t\t\t\t\t\t\t\t\t<\/a>\n\t\t\t\t\t\t\t\t\t<\/li>\n\t\t\t\t\t\t\t\t<li class=\"elementor-icon-list-item\">\n\t\t\t\t\t\t\t\t\t\t\t<a href=\"mailto:ln.pro@free.fr\">\n\n\t\t\t\t\t\t\t\t\t\t\t<span class=\"elementor-icon-list-text\">Email : ln.pro@free.fr<\/span>\n\t\t\t\t\t\t\t\t\t\t\t<\/a>\n\t\t\t\t\t\t\t\t\t<\/li>\n\t\t\t\t\t\t<\/ul>\n\t\t\t\t\t\t<\/div>\n\t\t\t\t<\/div>\n\t\t<div class=\"elementor-element elementor-element-26bf7e3 e-con-full e-flex e-con e-child\" data-id=\"26bf7e3\" data-element_type=\"container\" data-e-type=\"container\">\n\t\t\t\t<div class=\"elementor-element elementor-element-112efc5 elementor-widget-tablet__width-initial elementor-widget-mobile__width-inherit elementor-widget elementor-widget-heading\" data-id=\"112efc5\" data-element_type=\"widget\" data-e-type=\"widget\" data-widget_type=\"heading.default\">\n\t\t\t\t<div class=\"elementor-widget-container\">\n\t\t\t\t\t<h3 class=\"elementor-heading-title elementor-size-default\">Address<\/h3>\t\t\t\t<\/div>\n\t\t\t\t<\/div>\n\t\t\t\t<div class=\"elementor-element elementor-element-c8aa77f elementor-icon-list--layout-traditional elementor-list-item-link-full_width elementor-widget elementor-widget-icon-list\" data-id=\"c8aa77f\" data-element_type=\"widget\" data-e-type=\"widget\" data-widget_type=\"icon-list.default\">\n\t\t\t\t<div class=\"elementor-widget-container\">\n\t\t\t\t\t\t\t<ul class=\"elementor-icon-list-items\">\n\t\t\t\t\t\t\t<li class=\"elementor-icon-list-item\">\n\t\t\t\t\t\t\t\t\t\t\t<a href=\"https:\/\/maps.app.goo.gl\/vPAz6iXmdzUxYof2A\">\n\n\t\t\t\t\t\t\t\t\t\t\t<span class=\"elementor-icon-list-text\">Cabinet Soin Corporel Nadine Librach <br>11 rue d'artois Paris 75008<br> Metro St philippe du Roule<\/span>\n\t\t\t\t\t\t\t\t\t\t\t<\/a>\n\t\t\t\t\t\t\t\t\t<\/li>\n\t\t\t\t\t\t<\/ul>\n\t\t\t\t\t\t<\/div>\n\t\t\t\t<\/div>\n\t\t\t\t<div class=\"elementor-element elementor-element-70e3ed5 elementor-align-justify elementor-widget elementor-widget-button\" data-id=\"70e3ed5\" data-element_type=\"widget\" data-e-type=\"widget\" data-widget_type=\"button.default\">\n\t\t\t\t<div class=\"elementor-widget-container\">\n\t\t\t\t\t\t\t\t\t<div class=\"elementor-button-wrapper\">\n\t\t\t\t\t<a class=\"elementor-button elementor-button-link elementor-size-sm\" href=\"https:\/\/bio-reflexo-therapie.fr\/en\/contact\/\">\n\t\t\t\t\t\t<span class=\"elementor-button-content-wrapper\">\n\t\t\t\t\t\t\t\t\t<span class=\"elementor-button-text\">Call the office<\/span>\n\t\t\t\t\t<\/span>\n\t\t\t\t\t<\/a>\n\t\t\t\t<\/div>\n\t\t\t\t\t\t\t\t<\/div>\n\t\t\t\t<\/div>\n\t\t\t\t<\/div>\n\t\t\t\t<\/div>\n\t\t\t\t<\/div>\n\t\t<div class=\"elementor-element elementor-element-81fafa7 e-con-full e-flex e-con e-child\" data-id=\"81fafa7\" data-element_type=\"container\" data-e-type=\"container\">\n\t\t\t\t<div class=\"elementor-element elementor-element-49fca57 elementor-widget elementor-widget-image\" data-id=\"49fca57\" data-element_type=\"widget\" data-e-type=\"widget\" data-widget_type=\"image.default\">\n\t\t\t\t<div class=\"elementor-widget-container\">\n\t\t\t\t\t\t\t\t\t\t\t\t\t\t\t<img decoding=\"async\" width=\"150\" height=\"115\" src=\"https:\/\/bio-reflexo-therapie.fr\/wp-content\/uploads\/2025\/06\/FFMBE-logo-RVB_petit.jpg\" class=\"attachment-large size-large wp-image-10300\" alt=\"\" \/>\t\t\t\t\t\t\t\t\t\t\t\t\t\t\t<\/div>\n\t\t\t\t<\/div>\n\t\t\t\t<div class=\"elementor-element elementor-element-62c3dd5 elementor-widget elementor-widget-heading\" data-id=\"62c3dd5\" data-element_type=\"widget\" data-e-type=\"widget\" data-widget_type=\"heading.default\">\n\t\t\t\t<div class=\"elementor-widget-container\">\n\t\t\t\t\t<h1 class=\"elementor-heading-title elementor-size-default\">Certified practitioner of the Association Fran\u00e7aise de Bio-\u00e9nerg\u00e9tique AFB\n\n<\/h1>\t\t\t\t<\/div>\n\t\t\t\t<\/div>\n\t\t\t\t<div class=\"elementor-element elementor-element-1a7c126 elementor-widget elementor-widget-heading\" data-id=\"1a7c126\" data-element_type=\"widget\" data-e-type=\"widget\" data-widget_type=\"heading.default\">\n\t\t\t\t<div class=\"elementor-widget-container\">\n\t\t\t\t\t<h1 class=\"elementor-heading-title elementor-size-default\">Certified practitioner of the French Federation of Well-Being Massage FFMBE\n\n<\/h1>\t\t\t\t<\/div>\n\t\t\t\t<\/div>\n\t\t\t\t<div class=\"elementor-element elementor-element-e710733 elementor-widget elementor-widget-heading\" data-id=\"e710733\" data-element_type=\"widget\" data-e-type=\"widget\" data-widget_type=\"heading.default\">\n\t\t\t\t<div class=\"elementor-widget-container\">\n\t\t\t\t\t<h1 class=\"elementor-heading-title elementor-size-default\">Links to partner sites<\/h1>\t\t\t\t<\/div>\n\t\t\t\t<\/div>\n\t\t\t\t<div class=\"elementor-element elementor-element-adab9aa elementor-widget elementor-widget-heading\" data-id=\"adab9aa\" data-element_type=\"widget\" data-e-type=\"widget\" data-widget_type=\"heading.default\">\n\t\t\t\t<div class=\"elementor-widget-container\">\n\t\t\t\t\t<h1 class=\"elementor-heading-title elementor-size-default\">Intellectual Property Nadine Librach<\/h1>\t\t\t\t<\/div>\n\t\t\t\t<\/div>\n\t\t\t\t<\/div>\n\t\t\t\t\t<\/div>\n\t\t\t\t<\/div>\n\t\t\t\t<\/div>\n\t\t","protected":false},"excerpt":{"rendered":"<p>Certification registration process Candidates must submit their application fileincluding a fact sheet, CV and any required appendices proving their prerequisites (see page 5 of the brochure). Followed by a positioning interview. Analysis of the application file with its various attachments to ensure validation of prerequisites. Take into account any disability situations with a view to [&hellip;]<\/p>\n","protected":false},"author":7,"featured_media":0,"parent":0,"menu_order":0,"comment_status":"closed","ping_status":"closed","template":"","meta":{"footnotes":""},"class_list":["post-10898","page","type-page","status-publish","hentry"],"yoast_head":"<!-- This site is optimized with the Yoast SEO Premium plugin v27.0 (Yoast SEO v27.5) - https:\/\/yoast.com\/product\/yoast-seo-premium-wordpress\/ -->\n<title>How to register training Manual Lymph Drainage 2026<\/title>\n<meta name=\"description\" content=\"Registration for the training course follows a personal interview with the trainer, who will guide and advise you.\" \/>\n<meta name=\"robots\" content=\"index, follow, max-snippet:-1, max-image-preview:large, max-video-preview:-1\" \/>\n<link rel=\"canonical\" href=\"https:\/\/bio-reflexo-therapie.fr\/en\/how-to-register\/\" \/>\n<meta property=\"og:locale\" content=\"en_US\" \/>\n<meta property=\"og:type\" content=\"article\" \/>\n<meta property=\"og:title\" content=\"Nadine Librach expertise professionnelle Drainage lymphatique manuel et Autres soins corporels\" \/>\n<meta property=\"og:description\" content=\"Nadine Librach 30 ans d&#039;expertise professionnelle et enseignante en drainage lymphatique manuel m\u00e9thode Vodder , sp\u00e9cialis\u00e9e en th\u00e9rapie \u00e9nerg\u00e9tique globale et holistique\" \/>\n<meta property=\"og:url\" content=\"https:\/\/bio-reflexo-therapie.fr\/en\/how-to-register\/\" \/>\n<meta property=\"og:site_name\" content=\"Bio R\u00e9fl\u00e9xo Th\u00e9rapie\" \/>\n<meta property=\"article:modified_time\" content=\"2025-11-14T18:02:06+00:00\" \/>\n<meta property=\"og:image\" content=\"https:\/\/bio-reflexo-therapie.fr\/wp-content\/uploads\/2025\/09\/logo-nlibrach-PT-blanc-1024x1024.png\" \/>\n<meta name=\"twitter:card\" content=\"summary_large_image\" \/>\n<meta name=\"twitter:label1\" content=\"Est. reading time\" \/>\n\t<meta name=\"twitter:data1\" content=\"1 minute\" \/>\n<script type=\"application\/ld+json\" class=\"yoast-schema-graph\">{\"@context\":\"https:\\\/\\\/schema.org\",\"@graph\":[{\"@type\":\"WebPage\",\"@id\":\"https:\\\/\\\/bio-reflexo-therapie.fr\\\/en\\\/how-to-register\\\/\",\"url\":\"https:\\\/\\\/bio-reflexo-therapie.fr\\\/en\\\/how-to-register\\\/\",\"name\":\"How to register training Manual Lymph Drainage 2026\",\"isPartOf\":{\"@id\":\"https:\\\/\\\/bio-reflexo-therapie.fr\\\/en\\\/#website\"},\"primaryImageOfPage\":{\"@id\":\"https:\\\/\\\/bio-reflexo-therapie.fr\\\/en\\\/how-to-register\\\/#primaryimage\"},\"image\":{\"@id\":\"https:\\\/\\\/bio-reflexo-therapie.fr\\\/en\\\/how-to-register\\\/#primaryimage\"},\"thumbnailUrl\":\"https:\\\/\\\/bio-reflexo-therapie.fr\\\/wp-content\\\/uploads\\\/2025\\\/09\\\/logo-nlibrach-PT-blanc-1024x1024.png\",\"datePublished\":\"2025-09-05T01:12:30+00:00\",\"dateModified\":\"2025-11-14T18:02:06+00:00\",\"description\":\"Registration for the training course follows a personal interview with the trainer, who will guide and advise you.\",\"breadcrumb\":{\"@id\":\"https:\\\/\\\/bio-reflexo-therapie.fr\\\/en\\\/how-to-register\\\/#breadcrumb\"},\"inLanguage\":\"en-US\",\"potentialAction\":[{\"@type\":\"ReadAction\",\"target\":[\"https:\\\/\\\/bio-reflexo-therapie.fr\\\/en\\\/how-to-register\\\/\"]}]},{\"@type\":\"ImageObject\",\"inLanguage\":\"en-US\",\"@id\":\"https:\\\/\\\/bio-reflexo-therapie.fr\\\/en\\\/how-to-register\\\/#primaryimage\",\"url\":\"https:\\\/\\\/bio-reflexo-therapie.fr\\\/wp-content\\\/uploads\\\/2025\\\/09\\\/logo-nlibrach-PT-blanc-1024x1024.png\",\"contentUrl\":\"https:\\\/\\\/bio-reflexo-therapie.fr\\\/wp-content\\\/uploads\\\/2025\\\/09\\\/logo-nlibrach-PT-blanc-1024x1024.png\"},{\"@type\":\"BreadcrumbList\",\"@id\":\"https:\\\/\\\/bio-reflexo-therapie.fr\\\/en\\\/how-to-register\\\/#breadcrumb\",\"itemListElement\":[{\"@type\":\"ListItem\",\"position\":1,\"name\":\"Accueil\",\"item\":\"https:\\\/\\\/bio-reflexo-therapie.fr\\\/en\\\/?page_id=10454\"},{\"@type\":\"ListItem\",\"position\":2,\"name\":\"How to register\"}]},{\"@type\":\"WebSite\",\"@id\":\"https:\\\/\\\/bio-reflexo-therapie.fr\\\/en\\\/#website\",\"url\":\"https:\\\/\\\/bio-reflexo-therapie.fr\\\/en\\\/\",\"name\":\"Bio R\u00e9fl\u00e9xo Th\u00e9rapie\",\"description\":\"Nadine Librach Drainage lymphatique manuel et th\u00e9rapie alternative\",\"publisher\":{\"@id\":\"https:\\\/\\\/bio-reflexo-therapie.fr\\\/en\\\/#organization\"},\"potentialAction\":[{\"@type\":\"SearchAction\",\"target\":{\"@type\":\"EntryPoint\",\"urlTemplate\":\"https:\\\/\\\/bio-reflexo-therapie.fr\\\/en\\\/?s={search_term_string}\"},\"query-input\":{\"@type\":\"PropertyValueSpecification\",\"valueRequired\":true,\"valueName\":\"search_term_string\"}}],\"inLanguage\":\"en-US\"},{\"@type\":\"Organization\",\"@id\":\"https:\\\/\\\/bio-reflexo-therapie.fr\\\/en\\\/#organization\",\"name\":\"Cabinet de Soins Psycho-corporels Nadine LIBRACH\",\"url\":\"https:\\\/\\\/bio-reflexo-therapie.fr\\\/en\\\/\",\"logo\":{\"@type\":\"ImageObject\",\"inLanguage\":\"en-US\",\"@id\":\"https:\\\/\\\/bio-reflexo-therapie.fr\\\/en\\\/#\\\/schema\\\/logo\\\/image\\\/\",\"url\":\"https:\\\/\\\/bio-reflexo-therapie.fr\\\/wp-content\\\/uploads\\\/2021\\\/07\\\/logo-nlibrach-PT-couleur.jpg\",\"contentUrl\":\"https:\\\/\\\/bio-reflexo-therapie.fr\\\/wp-content\\\/uploads\\\/2021\\\/07\\\/logo-nlibrach-PT-couleur.jpg\",\"width\":1362,\"height\":1361,\"caption\":\"Cabinet de Soins Psycho-corporels Nadine LIBRACH\"},\"image\":{\"@id\":\"https:\\\/\\\/bio-reflexo-therapie.fr\\\/en\\\/#\\\/schema\\\/logo\\\/image\\\/\"},\"sameAs\":[\"https:\\\/\\\/www.instagram.com\\\/nlmethode\\\/?hl=fr\"]}]}<\/script>\n<!-- \/ Yoast SEO Premium plugin. -->","yoast_head_json":{"title":"How to register training Manual Lymph Drainage 2026","description":"Registration for the training course follows a personal interview with the trainer, who will guide and advise you.","robots":{"index":"index","follow":"follow","max-snippet":"max-snippet:-1","max-image-preview":"max-image-preview:large","max-video-preview":"max-video-preview:-1"},"canonical":"https:\/\/bio-reflexo-therapie.fr\/en\/how-to-register\/","og_locale":"en_US","og_type":"article","og_title":"Nadine Librach expertise professionnelle Drainage lymphatique manuel et Autres soins corporels","og_description":"Nadine Librach 30 ans d'expertise professionnelle et enseignante en drainage lymphatique manuel m\u00e9thode Vodder , sp\u00e9cialis\u00e9e en th\u00e9rapie \u00e9nerg\u00e9tique globale et holistique","og_url":"https:\/\/bio-reflexo-therapie.fr\/en\/how-to-register\/","og_site_name":"Bio R\u00e9fl\u00e9xo Th\u00e9rapie","article_modified_time":"2025-11-14T18:02:06+00:00","og_image":[{"url":"https:\/\/bio-reflexo-therapie.fr\/wp-content\/uploads\/2025\/09\/logo-nlibrach-PT-blanc-1024x1024.png","type":"","width":"","height":""}],"twitter_card":"summary_large_image","twitter_misc":{"Est. reading time":"1 minute"},"schema":{"@context":"https:\/\/schema.org","@graph":[{"@type":"WebPage","@id":"https:\/\/bio-reflexo-therapie.fr\/en\/how-to-register\/","url":"https:\/\/bio-reflexo-therapie.fr\/en\/how-to-register\/","name":"How to register training Manual Lymph Drainage 2026","isPartOf":{"@id":"https:\/\/bio-reflexo-therapie.fr\/en\/#website"},"primaryImageOfPage":{"@id":"https:\/\/bio-reflexo-therapie.fr\/en\/how-to-register\/#primaryimage"},"image":{"@id":"https:\/\/bio-reflexo-therapie.fr\/en\/how-to-register\/#primaryimage"},"thumbnailUrl":"https:\/\/bio-reflexo-therapie.fr\/wp-content\/uploads\/2025\/09\/logo-nlibrach-PT-blanc-1024x1024.png","datePublished":"2025-09-05T01:12:30+00:00","dateModified":"2025-11-14T18:02:06+00:00","description":"Registration for the training course follows a personal interview with the trainer, who will guide and advise you.","breadcrumb":{"@id":"https:\/\/bio-reflexo-therapie.fr\/en\/how-to-register\/#breadcrumb"},"inLanguage":"en-US","potentialAction":[{"@type":"ReadAction","target":["https:\/\/bio-reflexo-therapie.fr\/en\/how-to-register\/"]}]},{"@type":"ImageObject","inLanguage":"en-US","@id":"https:\/\/bio-reflexo-therapie.fr\/en\/how-to-register\/#primaryimage","url":"https:\/\/bio-reflexo-therapie.fr\/wp-content\/uploads\/2025\/09\/logo-nlibrach-PT-blanc-1024x1024.png","contentUrl":"https:\/\/bio-reflexo-therapie.fr\/wp-content\/uploads\/2025\/09\/logo-nlibrach-PT-blanc-1024x1024.png"},{"@type":"BreadcrumbList","@id":"https:\/\/bio-reflexo-therapie.fr\/en\/how-to-register\/#breadcrumb","itemListElement":[{"@type":"ListItem","position":1,"name":"Accueil","item":"https:\/\/bio-reflexo-therapie.fr\/en\/?page_id=10454"},{"@type":"ListItem","position":2,"name":"How to register"}]},{"@type":"WebSite","@id":"https:\/\/bio-reflexo-therapie.fr\/en\/#website","url":"https:\/\/bio-reflexo-therapie.fr\/en\/","name":"Bio R\u00e9fl\u00e9xo Th\u00e9rapie","description":"Nadine Librach Drainage lymphatique manuel et th\u00e9rapie alternative","publisher":{"@id":"https:\/\/bio-reflexo-therapie.fr\/en\/#organization"},"potentialAction":[{"@type":"SearchAction","target":{"@type":"EntryPoint","urlTemplate":"https:\/\/bio-reflexo-therapie.fr\/en\/?s={search_term_string}"},"query-input":{"@type":"PropertyValueSpecification","valueRequired":true,"valueName":"search_term_string"}}],"inLanguage":"en-US"},{"@type":"Organization","@id":"https:\/\/bio-reflexo-therapie.fr\/en\/#organization","name":"Cabinet de Soins Psycho-corporels Nadine LIBRACH","url":"https:\/\/bio-reflexo-therapie.fr\/en\/","logo":{"@type":"ImageObject","inLanguage":"en-US","@id":"https:\/\/bio-reflexo-therapie.fr\/en\/#\/schema\/logo\/image\/","url":"https:\/\/bio-reflexo-therapie.fr\/wp-content\/uploads\/2021\/07\/logo-nlibrach-PT-couleur.jpg","contentUrl":"https:\/\/bio-reflexo-therapie.fr\/wp-content\/uploads\/2021\/07\/logo-nlibrach-PT-couleur.jpg","width":1362,"height":1361,"caption":"Cabinet de Soins Psycho-corporels Nadine LIBRACH"},"image":{"@id":"https:\/\/bio-reflexo-therapie.fr\/en\/#\/schema\/logo\/image\/"},"sameAs":["https:\/\/www.instagram.com\/nlmethode\/?hl=fr"]}]}},"_links":{"self":[{"href":"https:\/\/bio-reflexo-therapie.fr\/en\/wp-json\/wp\/v2\/pages\/10898","targetHints":{"allow":["GET"]}}],"collection":[{"href":"https:\/\/bio-reflexo-therapie.fr\/en\/wp-json\/wp\/v2\/pages"}],"about":[{"href":"https:\/\/bio-reflexo-therapie.fr\/en\/wp-json\/wp\/v2\/types\/page"}],"author":[{"embeddable":true,"href":"https:\/\/bio-reflexo-therapie.fr\/en\/wp-json\/wp\/v2\/users\/7"}],"replies":[{"embeddable":true,"href":"https:\/\/bio-reflexo-therapie.fr\/en\/wp-json\/wp\/v2\/comments?post=10898"}],"version-history":[{"count":2,"href":"https:\/\/bio-reflexo-therapie.fr\/en\/wp-json\/wp\/v2\/pages\/10898\/revisions"}],"predecessor-version":[{"id":10903,"href":"https:\/\/bio-reflexo-therapie.fr\/en\/wp-json\/wp\/v2\/pages\/10898\/revisions\/10903"}],"wp:attachment":[{"href":"https:\/\/bio-reflexo-therapie.fr\/en\/wp-json\/wp\/v2\/media?parent=10898"}],"curies":[{"name":"wp","href":"https:\/\/api.w.org\/{rel}","templated":true}]}}