{"id":10402,"date":"2015-06-17T13:26:04","date_gmt":"2015-06-17T11:26:04","guid":{"rendered":"https:\/\/bio-reflexo-therapie.fr\/bioenergetic-therapy-training\/"},"modified":"2025-06-29T14:21:50","modified_gmt":"2025-06-29T12:21:50","slug":"bioenergetic-therapy-training","status":"publish","type":"page","link":"https:\/\/bio-reflexo-therapie.fr\/en\/bioenergetic-therapy-training\/","title":{"rendered":"Bioenergetic therapy training"},"content":{"rendered":"\n[et_pb_section admin_label=&#8221;section&#8221;]\n\t\t[et_pb_row admin_label=&#8221;row&#8221;]\n\t\t\t[et_pb_column type=&#8221;4_4&#8243;][et_pb_text admin_label=&#8221;Text&#8221;]<h1 style=\"text-align: center;\"><span style=\"font-size: 18pt; color: #636366;\">Training in bioenergetic therapy<\/span><\/h1>\n<p style=\"text-align: left;\"><span style=\"color: #333399;\"><em>This training in bioenergetic therapy is based on two concepts.<\/em><\/span><\/p>\n<p style=\"text-align: left;\"><span style=\"color: #333399;\"><em>Organic means using natural means. Energetic is the vibratory structure of the elements that make up and surround us. Knowing how to make the link between these interferences, and understanding their mechanisms, is part of a holistic approach.  &nbsp;<\/em><\/span><span style=\"color: #333399;\"><em>bioenergy.<\/em><\/span><\/p>\n&nbsp;\n<p style=\"text-align: left;\"><strong><span style=\"font-size: 14pt; color: #333333;\">Bio-resonance technique<\/span><\/strong><\/p>\n&nbsp;\n<p style=\"text-align: left;\"><span style=\"color: #000000;\">Bio-resonance is what resonates with us, and vice versa.  <\/span><\/p>\n<p style=\"text-align: left;\"><span style=\"color: #000000;\">What are the means of measuring, capturing and finally restoring a better overall balance? You&#8217;ll learn a wide range of techniques to best respond to a variety of symptoms. <\/span><\/p>\n&nbsp;\n\n&nbsp;\n<h2 style=\"text-align: center;\"><span style=\"color: #000000;\"><strong><em>THE SPECIFIC FEATURES OF THIS TRAINING COURSE&nbsp;<\/em><\/strong><\/span><\/h2>\n<figure id=\"attachment_10151\" aria-describedby=\"caption-attachment-10151\" style=\"width: 191px\" class=\"wp-caption aligncenter\"><a href=\"http:\/http:\/\/bio-reflexo-therapie.fr\/formation-therapie-bioenergetique-les-grands-principes\/\"><img decoding=\"async\" class=\"wp-image-851\" src=\"https:\/\/bio-reflexo-therapie.fr\/wp-content\/uploads\/2011\/01\/Fotolia_3924820_XS-300x300.jpg\" alt=\"\" width=\"191\" height=\"191\" srcset=\"https:\/\/bio-reflexo-therapie.fr\/wp-content\/uploads\/2011\/01\/Fotolia_3924820_XS-300x300.jpg 300w, https:\/\/bio-reflexo-therapie.fr\/wp-content\/uploads\/2011\/01\/Fotolia_3924820_XS-150x150.jpg 150w, https:\/\/bio-reflexo-therapie.fr\/wp-content\/uploads\/2011\/01\/Fotolia_3924820_XS.jpg 346w\" sizes=\"(max-width: 191px) 100vw, 191px\" \/><\/a><figcaption id=\"caption-attachment-10151\" class=\"wp-caption-text\">Everything interacts with everything: our thoughts, our actions, our diet&#8230;<\/figcaption><\/figure>\n<p style=\"text-align: left;\"><span style=\"color: #000000;\"><em>This bio-energetic training course covers the study of subtle perceptions, resonance systems and energy. The correspondence of a set of factors likely to generate interference.   <a href=\"http:\/\/bio-reflexo-therapie.fr\/sujet\/bioenergetique-programme-formation-certification\/\">This approach and these techniques are part of a holistic practice.<\/a><\/em><\/span><\/p>\n\n<h4><\/h4>\n<h4><span style=\"font-size: 12pt;\"><span style=\"color: #333333;\">Foot Reflexology.<\/span><\/span><\/h4>\n<span style=\"font-size: 12pt;\"><span style=\"color: #333333;\">  A highly accurate medium, it not only authenticates the areas in pain, but also conveys a great deal of information. With this in mind, the various resonance techniques take on their full dimension and deliver palpable, lasting results. To achieve this, it is important for the future therapist to know and understand the various mechanical, organic, physiological and psychological functions of human functioning.    <\/span><em><span style=\"color: #333333;\">classical foot reflexology and energetic foot reflexology<\/span>.<\/em>\n<\/span>\n<h5><span style=\"font-size: 12pt;\"><span style=\"color: #333333;\"><strong>Study of the L\u00e9cher antenna<\/strong><\/span><\/span><\/h5>\n<span style=\"font-size: 12pt;\"><span style=\"color: #333333;\"><strong>  <\/strong>A very concrete and practical tool and means of measuring a person&#8217;s vibratory state, in its functional and emotional aspects, as well as the various interfering nuisances and imbalances<\/span>.<strong>&nbsp; &nbsp; &nbsp; <\/strong><\/span>\n\n<span style=\"font-size: 12pt;\"><strong>&nbsp; &nbsp; &nbsp; &nbsp; &nbsp; &nbsp; &nbsp; &nbsp; &nbsp; &nbsp; &nbsp; &nbsp; &nbsp;&nbsp;<\/strong><\/span>\n<h3><strong>Study of the structure and function of the human body.  <\/strong><\/h3>\nLearning the basics of the mechanical, organic and functional aspects of the human body is important for understanding the rest.\n\n&nbsp;\n<p style=\"text-align: left;\"><span style=\"font-size: 12pt; color: #000000;\"><strong>Study of the law of the five elements in Chinese medicine.  <\/strong><\/span><\/p>\n<p style=\"text-align: left;\"><span style=\"font-size: 12pt; color: #000000;\">Understanding the energy circulation system in Chinese medicine enables us to integrate the major fundamental laws of the energy system.  &nbsp;<\/span><\/p>\n&nbsp;\n\n<strong>Study how the chakra system works.<\/strong>\n\nthe endocrine glands are the basis of all our internal functioning.the chakras connected to these glands provide important information about the entire circulation through their study.they are the important links between all levels of the body and mind.\n\n&nbsp;\n\n<strong>Study of nutrition and its resonant effects on body and mind.<\/strong>\n\nFood (a very topical subject) is also an essential part of any treatment approach. Studying the different current approaches, knowing the benefits or the harmful effects are complementary and important knowledge on the well-foundedness of a therapeutic approach for BETTER BEING. For this module, a nutritionist will teach you the basics and subtleties of nutrition. The resonance effects of food, body and mind will also be integrated, based on the energetic fundamentals described above.   \n\n&nbsp;\n<h4><span style=\"font-size: 14pt;\">The benefits of this training<\/span><\/h4>\n&nbsp;\n\n<span style=\"color: #333333; font-size: large;\"><i>In many ways, this training offers <\/i><\/span><span style=\"font-size: large;\"><i>interests<\/i><\/span><span style=\"font-size: large;\"><i style=\"color: #333333;\"> <\/i><i>practically functional.<\/i><\/span>\n\n<span style=\"font-size: large;\"><i style=\"color: #333333;\">The techniques we teach will help you identify the various factors that have caused an imbalance and restore the body&#8217;s and mind&#8217;s means of defense.<\/i><\/span>\n\n*&nbsp;<span style=\"text-decoration: underline;\">But y<\/span><span style=\"text-decoration: underline;\">ou&#8217;re not a doctor and you won&#8217;t practice medicine!<\/span>\n\n<span style=\"font-size: 13px; line-height: 19px;\"><strong><span style=\"color: #ff6600;\">*Under no circumstances can you claim to be a substitute for officially recognized medical practices.<\/span><\/strong><\/span>\n\nThis course is designed for those wishing to complete their training and<a href=\"http:\/\/bio-reflexo-therapie.fr\/formation\/comment-devenir-bioenergeticien\/\"> become a fully-fledged energy reflexologist or bio-energetician.<\/a> All techniques are the subject of intensive practical work. The theoretical part, supported by elaborate documentation and your own note-taking. \n\n&nbsp;\n\n<a href=\"http:\/\/bio-reflexo-therapie.fr\/sujet\/bioenergetique-programme-formation-certification\/\"><span style=\"font-size: small;\"><span style=\"color: #ff9900;\"><span style=\"font-size: medium;\"><span style=\"color: #ff9900;\"><span style=\"font-size: large;\"><span style=\"color: #ff9900;\"><span style=\"font-size: medium;\"><strong><span style=\"color: #000000;\">VALIDATION CONDITIONS<\/span><\/strong><\/span><\/span><\/span><\/span><\/span><\/span><\/span><\/a>\n\n<strong><span style=\"font-size: small;\"><span style=\"color: #ff9900;\"><span style=\"font-size: large;\"><span style=\"color: #ff9900;\"><span style=\"font-size: medium;\"><span style=\"color: #ff9900;\"><span style=\"color: #ff6600;\">For complete training as a Bioenergetician and Energy Reflexologist<\/span><\/span><\/span><\/span><\/span><\/span><\/span><\/strong>\n<ul>\n \t<li><span style=\"font-size: 12pt;\"><strong>All courses (corresponding to all techniques) must be completed.  <\/strong><\/span><\/li>\n \t<li><span style=\"font-size: 12pt;\"><strong>The training will be validated by an assessment in a real-life situation.<\/strong><\/span><\/li>\n \t<li><span style=\"font-size: 12pt;\"><strong>In the event of non-validation, the trainee must repeat one or more sessions at a preferential rate.<\/strong><\/span><\/li>\n \t<li><span style=\"font-size: medium; color: #000000;\"><span style=\"font-size: small;\"><strong><span style=\"font-size: 12pt;\">This certified training course can be part of a professional retraining program: see the file with Nadine Librach for details<\/span>.<\/strong><\/span><\/span><\/li>\n<\/ul>\n&nbsp;\n<p style=\"text-align: center;\"><span style=\"color: #ff6600;\"><strong>For further training<\/strong><\/span><\/p>\n\n<ul>\n \t<li><strong>Each module (corresponding to a technique) can be taken \u00e0 la carte, and will be accompanied by a certificate of participation.<\/strong><\/li>\n \t<li><strong>An invoice will be issued at your request.<\/strong><\/li>\n<\/ul>\n&nbsp;\n\n<strong><span style=\"font-size: medium;\"><span style=\"color: #000000;\">PRACTICAL DETAILS AND COST<\/span><\/span><\/strong>\n<ul>\n \t<li>The number of participants is deliberately limited to 10.<\/li>\n \t<li>The cost of a complete module (4 days) is \u20ac500 per person, including 2 breaks with snacks.<\/li>\n \t<li>Payment terms: 30% on registration &#8211; balance 15 days before course start date.<\/li>\n \t<li>Courses take place in Paris<\/li>\n<\/ul>\n<span style=\"font-family: Georgia,'Bitstream Charter',serif; line-height: 24px;\"><strong>Contact Nadine Librach<\/strong><\/span>\n<ul>\n \t<li>Registration: 06 09 38 66 42<\/li>\n \t<li>By e-mail: nadine.librach@free.fr<\/li>\n<\/ul>[\/et_pb_text][\/et_pb_column]\n\t\t[\/et_pb_row]\n\t[\/et_pb_section]\n","protected":false},"excerpt":{"rendered":"","protected":false},"author":2,"featured_media":0,"parent":0,"menu_order":0,"comment_status":"closed","ping_status":"closed","template":"","meta":{"footnotes":""},"class_list":["post-10402","page","type-page","status-publish","hentry"],"yoast_head":"<!-- This site is optimized with the Yoast SEO Premium plugin v27.0 (Yoast SEO v27.5) - https:\/\/yoast.com\/product\/yoast-seo-premium-wordpress\/ -->\n<title>Bioenergetic therapy training - the main principles<\/title>\n<meta name=\"description\" content=\"This course in bioenergetic therapy teaches the principles of two closely related approaches: bioenergetics and bioresonance, and provides practitioners with a solid foundation for their practice.\" \/>\n<meta name=\"robots\" content=\"index, follow, max-snippet:-1, max-image-preview:large, max-video-preview:-1\" \/>\n<link rel=\"canonical\" href=\"https:\/\/bio-reflexo-therapie.fr\/en\/bioenergetic-therapy-training\/\" \/>\n<meta property=\"og:locale\" content=\"en_US\" \/>\n<meta property=\"og:type\" content=\"article\" \/>\n<meta property=\"og:title\" content=\"Nadine Librach expertise professionnelle Drainage lymphatique manuel et Autres soins corporels\" \/>\n<meta property=\"og:description\" content=\"Nadine Librach 30 ans d&#039;expertise professionnelle et enseignante en drainage lymphatique manuel m\u00e9thode Vodder , sp\u00e9cialis\u00e9e en th\u00e9rapie \u00e9nerg\u00e9tique globale et holistique\" \/>\n<meta property=\"og:url\" content=\"https:\/\/bio-reflexo-therapie.fr\/en\/bioenergetic-therapy-training\/\" \/>\n<meta property=\"og:site_name\" content=\"Bio R\u00e9fl\u00e9xo Th\u00e9rapie\" \/>\n<meta property=\"article:modified_time\" content=\"2025-06-29T12:21:50+00:00\" \/>\n<meta property=\"og:image\" content=\"http:\/\/bio-reflexo-therapie.fr\/wp-content\/uploads\/2011\/01\/Fotolia_3924820_XS-300x300.jpg\" \/>\n<meta name=\"twitter:card\" content=\"summary_large_image\" \/>\n<meta name=\"twitter:label1\" content=\"Est. reading time\" \/>\n\t<meta name=\"twitter:data1\" content=\"4 minutes\" \/>\n<script type=\"application\/ld+json\" class=\"yoast-schema-graph\">{\"@context\":\"https:\\\/\\\/schema.org\",\"@graph\":[{\"@type\":\"WebPage\",\"@id\":\"https:\\\/\\\/bio-reflexo-therapie.fr\\\/en\\\/bioenergetic-therapy-training\\\/\",\"url\":\"https:\\\/\\\/bio-reflexo-therapie.fr\\\/en\\\/bioenergetic-therapy-training\\\/\",\"name\":\"Bioenergetic therapy training - the main principles\",\"isPartOf\":{\"@id\":\"https:\\\/\\\/bio-reflexo-therapie.fr\\\/en\\\/#website\"},\"primaryImageOfPage\":{\"@id\":\"https:\\\/\\\/bio-reflexo-therapie.fr\\\/en\\\/bioenergetic-therapy-training\\\/#primaryimage\"},\"image\":{\"@id\":\"https:\\\/\\\/bio-reflexo-therapie.fr\\\/en\\\/bioenergetic-therapy-training\\\/#primaryimage\"},\"thumbnailUrl\":\"https:\\\/\\\/bio-reflexo-therapie.fr\\\/wp-content\\\/uploads\\\/2011\\\/01\\\/Fotolia_3924820_XS-300x300.jpg\",\"datePublished\":\"2015-06-17T11:26:04+00:00\",\"dateModified\":\"2025-06-29T12:21:50+00:00\",\"description\":\"This course in bioenergetic therapy teaches the principles of two closely related approaches: bioenergetics and bioresonance, and provides practitioners with a solid foundation for their practice.\",\"breadcrumb\":{\"@id\":\"https:\\\/\\\/bio-reflexo-therapie.fr\\\/en\\\/bioenergetic-therapy-training\\\/#breadcrumb\"},\"inLanguage\":\"en-US\",\"potentialAction\":[{\"@type\":\"ReadAction\",\"target\":[\"https:\\\/\\\/bio-reflexo-therapie.fr\\\/en\\\/bioenergetic-therapy-training\\\/\"]}]},{\"@type\":\"ImageObject\",\"inLanguage\":\"en-US\",\"@id\":\"https:\\\/\\\/bio-reflexo-therapie.fr\\\/en\\\/bioenergetic-therapy-training\\\/#primaryimage\",\"url\":\"https:\\\/\\\/bio-reflexo-therapie.fr\\\/wp-content\\\/uploads\\\/2011\\\/01\\\/Fotolia_3924820_XS-300x300.jpg\",\"contentUrl\":\"https:\\\/\\\/bio-reflexo-therapie.fr\\\/wp-content\\\/uploads\\\/2011\\\/01\\\/Fotolia_3924820_XS-300x300.jpg\"},{\"@type\":\"BreadcrumbList\",\"@id\":\"https:\\\/\\\/bio-reflexo-therapie.fr\\\/en\\\/bioenergetic-therapy-training\\\/#breadcrumb\",\"itemListElement\":[{\"@type\":\"ListItem\",\"position\":1,\"name\":\"Accueil\",\"item\":\"https:\\\/\\\/bio-reflexo-therapie.fr\\\/en\\\/?page_id=10454\"},{\"@type\":\"ListItem\",\"position\":2,\"name\":\"Bioenergetic therapy training\"}]},{\"@type\":\"WebSite\",\"@id\":\"https:\\\/\\\/bio-reflexo-therapie.fr\\\/en\\\/#website\",\"url\":\"https:\\\/\\\/bio-reflexo-therapie.fr\\\/en\\\/\",\"name\":\"Bio R\u00e9fl\u00e9xo Th\u00e9rapie\",\"description\":\"Nadine Librach Drainage lymphatique manuel et th\u00e9rapie alternative\",\"publisher\":{\"@id\":\"https:\\\/\\\/bio-reflexo-therapie.fr\\\/en\\\/#organization\"},\"potentialAction\":[{\"@type\":\"SearchAction\",\"target\":{\"@type\":\"EntryPoint\",\"urlTemplate\":\"https:\\\/\\\/bio-reflexo-therapie.fr\\\/en\\\/?s={search_term_string}\"},\"query-input\":{\"@type\":\"PropertyValueSpecification\",\"valueRequired\":true,\"valueName\":\"search_term_string\"}}],\"inLanguage\":\"en-US\"},{\"@type\":\"Organization\",\"@id\":\"https:\\\/\\\/bio-reflexo-therapie.fr\\\/en\\\/#organization\",\"name\":\"Cabinet de Soins Psycho-corporels Nadine LIBRACH\",\"url\":\"https:\\\/\\\/bio-reflexo-therapie.fr\\\/en\\\/\",\"logo\":{\"@type\":\"ImageObject\",\"inLanguage\":\"en-US\",\"@id\":\"https:\\\/\\\/bio-reflexo-therapie.fr\\\/en\\\/#\\\/schema\\\/logo\\\/image\\\/\",\"url\":\"https:\\\/\\\/bio-reflexo-therapie.fr\\\/wp-content\\\/uploads\\\/2021\\\/07\\\/logo-nlibrach-PT-couleur.jpg\",\"contentUrl\":\"https:\\\/\\\/bio-reflexo-therapie.fr\\\/wp-content\\\/uploads\\\/2021\\\/07\\\/logo-nlibrach-PT-couleur.jpg\",\"width\":1362,\"height\":1361,\"caption\":\"Cabinet de Soins Psycho-corporels Nadine LIBRACH\"},\"image\":{\"@id\":\"https:\\\/\\\/bio-reflexo-therapie.fr\\\/en\\\/#\\\/schema\\\/logo\\\/image\\\/\"},\"sameAs\":[\"https:\\\/\\\/www.instagram.com\\\/nlmethode\\\/?hl=fr\"]}]}<\/script>\n<!-- \/ Yoast SEO Premium plugin. -->","yoast_head_json":{"title":"Bioenergetic therapy training - the main principles","description":"This course in bioenergetic therapy teaches the principles of two closely related approaches: bioenergetics and bioresonance, and provides practitioners with a solid foundation for their practice.","robots":{"index":"index","follow":"follow","max-snippet":"max-snippet:-1","max-image-preview":"max-image-preview:large","max-video-preview":"max-video-preview:-1"},"canonical":"https:\/\/bio-reflexo-therapie.fr\/en\/bioenergetic-therapy-training\/","og_locale":"en_US","og_type":"article","og_title":"Nadine Librach expertise professionnelle Drainage lymphatique manuel et Autres soins corporels","og_description":"Nadine Librach 30 ans d'expertise professionnelle et enseignante en drainage lymphatique manuel m\u00e9thode Vodder , sp\u00e9cialis\u00e9e en th\u00e9rapie \u00e9nerg\u00e9tique globale et holistique","og_url":"https:\/\/bio-reflexo-therapie.fr\/en\/bioenergetic-therapy-training\/","og_site_name":"Bio R\u00e9fl\u00e9xo Th\u00e9rapie","article_modified_time":"2025-06-29T12:21:50+00:00","og_image":[{"url":"http:\/\/bio-reflexo-therapie.fr\/wp-content\/uploads\/2011\/01\/Fotolia_3924820_XS-300x300.jpg","type":"","width":"","height":""}],"twitter_card":"summary_large_image","twitter_misc":{"Est. reading time":"4 minutes"},"schema":{"@context":"https:\/\/schema.org","@graph":[{"@type":"WebPage","@id":"https:\/\/bio-reflexo-therapie.fr\/en\/bioenergetic-therapy-training\/","url":"https:\/\/bio-reflexo-therapie.fr\/en\/bioenergetic-therapy-training\/","name":"Bioenergetic therapy training - the main principles","isPartOf":{"@id":"https:\/\/bio-reflexo-therapie.fr\/en\/#website"},"primaryImageOfPage":{"@id":"https:\/\/bio-reflexo-therapie.fr\/en\/bioenergetic-therapy-training\/#primaryimage"},"image":{"@id":"https:\/\/bio-reflexo-therapie.fr\/en\/bioenergetic-therapy-training\/#primaryimage"},"thumbnailUrl":"https:\/\/bio-reflexo-therapie.fr\/wp-content\/uploads\/2011\/01\/Fotolia_3924820_XS-300x300.jpg","datePublished":"2015-06-17T11:26:04+00:00","dateModified":"2025-06-29T12:21:50+00:00","description":"This course in bioenergetic therapy teaches the principles of two closely related approaches: bioenergetics and bioresonance, and provides practitioners with a solid foundation for their practice.","breadcrumb":{"@id":"https:\/\/bio-reflexo-therapie.fr\/en\/bioenergetic-therapy-training\/#breadcrumb"},"inLanguage":"en-US","potentialAction":[{"@type":"ReadAction","target":["https:\/\/bio-reflexo-therapie.fr\/en\/bioenergetic-therapy-training\/"]}]},{"@type":"ImageObject","inLanguage":"en-US","@id":"https:\/\/bio-reflexo-therapie.fr\/en\/bioenergetic-therapy-training\/#primaryimage","url":"https:\/\/bio-reflexo-therapie.fr\/wp-content\/uploads\/2011\/01\/Fotolia_3924820_XS-300x300.jpg","contentUrl":"https:\/\/bio-reflexo-therapie.fr\/wp-content\/uploads\/2011\/01\/Fotolia_3924820_XS-300x300.jpg"},{"@type":"BreadcrumbList","@id":"https:\/\/bio-reflexo-therapie.fr\/en\/bioenergetic-therapy-training\/#breadcrumb","itemListElement":[{"@type":"ListItem","position":1,"name":"Accueil","item":"https:\/\/bio-reflexo-therapie.fr\/en\/?page_id=10454"},{"@type":"ListItem","position":2,"name":"Bioenergetic therapy training"}]},{"@type":"WebSite","@id":"https:\/\/bio-reflexo-therapie.fr\/en\/#website","url":"https:\/\/bio-reflexo-therapie.fr\/en\/","name":"Bio R\u00e9fl\u00e9xo Th\u00e9rapie","description":"Nadine Librach Drainage lymphatique manuel et th\u00e9rapie alternative","publisher":{"@id":"https:\/\/bio-reflexo-therapie.fr\/en\/#organization"},"potentialAction":[{"@type":"SearchAction","target":{"@type":"EntryPoint","urlTemplate":"https:\/\/bio-reflexo-therapie.fr\/en\/?s={search_term_string}"},"query-input":{"@type":"PropertyValueSpecification","valueRequired":true,"valueName":"search_term_string"}}],"inLanguage":"en-US"},{"@type":"Organization","@id":"https:\/\/bio-reflexo-therapie.fr\/en\/#organization","name":"Cabinet de Soins Psycho-corporels Nadine LIBRACH","url":"https:\/\/bio-reflexo-therapie.fr\/en\/","logo":{"@type":"ImageObject","inLanguage":"en-US","@id":"https:\/\/bio-reflexo-therapie.fr\/en\/#\/schema\/logo\/image\/","url":"https:\/\/bio-reflexo-therapie.fr\/wp-content\/uploads\/2021\/07\/logo-nlibrach-PT-couleur.jpg","contentUrl":"https:\/\/bio-reflexo-therapie.fr\/wp-content\/uploads\/2021\/07\/logo-nlibrach-PT-couleur.jpg","width":1362,"height":1361,"caption":"Cabinet de Soins Psycho-corporels Nadine LIBRACH"},"image":{"@id":"https:\/\/bio-reflexo-therapie.fr\/en\/#\/schema\/logo\/image\/"},"sameAs":["https:\/\/www.instagram.com\/nlmethode\/?hl=fr"]}]}},"_links":{"self":[{"href":"https:\/\/bio-reflexo-therapie.fr\/en\/wp-json\/wp\/v2\/pages\/10402","targetHints":{"allow":["GET"]}}],"collection":[{"href":"https:\/\/bio-reflexo-therapie.fr\/en\/wp-json\/wp\/v2\/pages"}],"about":[{"href":"https:\/\/bio-reflexo-therapie.fr\/en\/wp-json\/wp\/v2\/types\/page"}],"author":[{"embeddable":true,"href":"https:\/\/bio-reflexo-therapie.fr\/en\/wp-json\/wp\/v2\/users\/2"}],"replies":[{"embeddable":true,"href":"https:\/\/bio-reflexo-therapie.fr\/en\/wp-json\/wp\/v2\/comments?post=10402"}],"version-history":[{"count":2,"href":"https:\/\/bio-reflexo-therapie.fr\/en\/wp-json\/wp\/v2\/pages\/10402\/revisions"}],"predecessor-version":[{"id":10408,"href":"https:\/\/bio-reflexo-therapie.fr\/en\/wp-json\/wp\/v2\/pages\/10402\/revisions\/10408"}],"wp:attachment":[{"href":"https:\/\/bio-reflexo-therapie.fr\/en\/wp-json\/wp\/v2\/media?parent=10402"}],"curies":[{"name":"wp","href":"https:\/\/api.w.org\/{rel}","templated":true}]}}