{"id":10390,"date":"2011-03-29T15:26:37","date_gmt":"2011-03-29T13:26:37","guid":{"rendered":"https:\/\/bio-reflexo-therapie.fr\/deontology-of-the-practice-of-lymphatic-drainage-nadine-librach-method\/"},"modified":"2025-06-29T14:21:50","modified_gmt":"2025-06-29T12:21:50","slug":"deontology-of-the-practice-of-lymphatic-drainage-nadine-librach-method","status":"publish","type":"page","link":"https:\/\/bio-reflexo-therapie.fr\/en\/deontology-of-the-practice-of-lymphatic-drainage-nadine-librach-method\/","title":{"rendered":"Deontology of the practice of lymphatic drainage Nadine Librach Method"},"content":{"rendered":"\t\t<div data-elementor-type=\"wp-page\" data-elementor-id=\"10390\" class=\"elementor elementor-10390 elementor-1131\" data-elementor-post-type=\"page\">\n\t\t\t\t<div class=\"elementor-element elementor-element-4a5bfe89 e-flex e-con-boxed e-con e-parent\" data-id=\"4a5bfe89\" data-element_type=\"container\" data-e-type=\"container\">\n\t\t\t\t\t<div class=\"e-con-inner\">\n\t\t\t\t\t<\/div>\n\t\t\t\t<\/div>\n\t\t<div class=\"elementor-element elementor-element-1b327c3 e-flex e-con-boxed e-con e-parent\" data-id=\"1b327c3\" data-element_type=\"container\" data-e-type=\"container\">\n\t\t\t\t\t<div class=\"e-con-inner\">\n\t\t<div class=\"elementor-element elementor-element-488a81e e-con-full e-flex e-con e-child\" data-id=\"488a81e\" data-element_type=\"container\" data-e-type=\"container\">\n\t\t\t\t<div class=\"elementor-element elementor-element-b99ebfd elementor-widget elementor-widget-heading\" data-id=\"b99ebfd\" data-element_type=\"widget\" data-e-type=\"widget\" data-widget_type=\"heading.default\">\n\t\t\t\t<div class=\"elementor-widget-container\">\n\t\t\t\t\t<h2 class=\"elementor-heading-title elementor-size-default\">Deontology of practice<\/h2>\t\t\t\t<\/div>\n\t\t\t\t<\/div>\n\t\t\t\t<\/div>\n\t\t\t\t\t<\/div>\n\t\t\t\t<\/div>\n\t\t<div class=\"elementor-element elementor-element-5807c4e e-flex e-con-boxed e-con e-parent\" data-id=\"5807c4e\" data-element_type=\"container\" data-e-type=\"container\">\n\t\t\t\t\t<div class=\"e-con-inner\">\n\t\t\t\t<div class=\"elementor-element elementor-element-1cb23fa elementor-widget elementor-widget-html\" data-id=\"1cb23fa\" data-element_type=\"widget\" data-e-type=\"widget\" data-widget_type=\"html.default\">\n\t\t\t\t<div class=\"elementor-widget-container\">\n\t\t\t\t\t<h2 style=\"font-size: 19px;\">\"La M\u00e9thode de Nadine Librach \u00e0 vis\u00e9e de bien \u00eatre\u00ae\" (Nadine Librach's wellness method)<\/h2>\n<p>This method was created and is taught by Ms Librach.<\/p>\n\n<p>This method enables those who have taken this training to practice and be able to provide manual drainage for well-being.<\/p>\n\n<p>Ethical teaching standards require those trained in this drainage method to mention the name of the method on their communication materials, so that customers can be sure that this is the method they are using. For your information <\/p>\n\n<p><strong>\"Well-being drainage method\"<br>M\u00e9thode Nadine Librach<\/strong><\/p>\n\n<p><em>Ms. Librach's teaching of this technique does not authorize mixing it with other techniques that could disrupt the expected results.<\/em><\/p>\n\n<h3 style=\"font-size: 19px;\">The following are not permitted:<\/h3>\n<ul>\n  <li>slimming products designed to heat the lymphatic system<\/li>\n  <li>palpating and rolling techniques, whether by machine or by hand, which can damage the vessels and lymphatic system<\/li>\n  <li>any other form of massage that blocks the lymphatic system<\/li>\n<\/ul>\n\n<p><em>*You can contact Mrs Librach for a list of people who meet all the conditions for teaching.<\/em><\/p>\n\t\t\t\t<\/div>\n\t\t\t\t<\/div>\n\t\t\t\t\t<\/div>\n\t\t\t\t<\/div>\n\t\t<div class=\"elementor-element elementor-element-34cc675 e-flex e-con-boxed e-con e-parent\" data-id=\"34cc675\" data-element_type=\"container\" data-e-type=\"container\" data-settings=\"{&quot;background_background&quot;:&quot;classic&quot;}\">\n\t\t\t\t\t<div class=\"e-con-inner\">\n\t\t\t\t<div class=\"elementor-element elementor-element-90dc9c4 elementor-widget__width-initial elementor-widget elementor-widget-heading\" data-id=\"90dc9c4\" data-element_type=\"widget\" data-e-type=\"widget\" data-widget_type=\"heading.default\">\n\t\t\t\t<div class=\"elementor-widget-container\">\n\t\t\t\t\t<h2 class=\"elementor-heading-title elementor-size-default\">Customer testimonials<\/h2>\t\t\t\t<\/div>\n\t\t\t\t<\/div>\n\t\t\t\t<div class=\"elementor-element elementor-element-93bac06 elementor-align-justify elementor-widget elementor-widget-button\" data-id=\"93bac06\" data-element_type=\"widget\" data-e-type=\"widget\" data-widget_type=\"button.default\">\n\t\t\t\t<div class=\"elementor-widget-container\">\n\t\t\t\t\t\t\t\t\t<div class=\"elementor-button-wrapper\">\n\t\t\t\t\t<a class=\"elementor-button elementor-button-link elementor-size-sm\" href=\"https:\/\/www.bio-reflexo-therapie.fr\/temoignages\/\">\n\t\t\t\t\t\t<span class=\"elementor-button-content-wrapper\">\n\t\t\t\t\t\t\t\t\t<span class=\"elementor-button-text\">See testimonials<\/span>\n\t\t\t\t\t<\/span>\n\t\t\t\t\t<\/a>\n\t\t\t\t<\/div>\n\t\t\t\t\t\t\t\t<\/div>\n\t\t\t\t<\/div>\n\t\t\t\t\t<\/div>\n\t\t\t\t<\/div>\n\t\t<div class=\"elementor-element elementor-element-240ce15 e-flex e-con-boxed e-con e-parent\" data-id=\"240ce15\" data-element_type=\"container\" data-e-type=\"container\" data-settings=\"{&quot;background_background&quot;:&quot;classic&quot;}\">\n\t\t\t\t\t<div class=\"e-con-inner\">\n\t\t<div class=\"elementor-element elementor-element-097bf06 e-con-full e-flex e-con e-child\" data-id=\"097bf06\" data-element_type=\"container\" data-e-type=\"container\" data-settings=\"{&quot;background_background&quot;:&quot;classic&quot;}\">\n\t\t\t\t<div class=\"elementor-element elementor-element-8d07b14 elementor-widget elementor-widget-heading\" data-id=\"8d07b14\" data-element_type=\"widget\" data-e-type=\"widget\" data-widget_type=\"heading.default\">\n\t\t\t\t<div class=\"elementor-widget-container\">\n\t\t\t\t\t<h3 class=\"elementor-heading-title elementor-size-default\">Mrs LIBRACH's office\n<\/h3>\t\t\t\t<\/div>\n\t\t\t\t<\/div>\n\t\t\t\t<div class=\"elementor-element elementor-element-02734b0 elementor-widget elementor-widget-heading\" data-id=\"02734b0\" data-element_type=\"widget\" data-e-type=\"widget\" data-widget_type=\"heading.default\">\n\t\t\t\t<div class=\"elementor-widget-container\">\n\t\t\t\t\t<h1 class=\"elementor-heading-title elementor-size-default\">Consultation by appointment\n\n<\/h1>\t\t\t\t<\/div>\n\t\t\t\t<\/div>\n\t\t<div class=\"elementor-element elementor-element-7b28d7e e-con-full e-flex e-con e-child\" data-id=\"7b28d7e\" data-element_type=\"container\" data-e-type=\"container\">\n\t\t\t\t<div class=\"elementor-element elementor-element-caa14d6 elementor-widget-tablet__width-initial elementor-widget-mobile__width-inherit elementor-widget elementor-widget-heading\" data-id=\"caa14d6\" data-element_type=\"widget\" data-e-type=\"widget\" data-widget_type=\"heading.default\">\n\t\t\t\t<div class=\"elementor-widget-container\">\n\t\t\t\t\t<h3 class=\"elementor-heading-title elementor-size-default\">Phone &amp; Mail<\/h3>\t\t\t\t<\/div>\n\t\t\t\t<\/div>\n\t\t\t\t<div class=\"elementor-element elementor-element-ec9ef2b elementor-icon-list--layout-traditional elementor-list-item-link-full_width elementor-widget elementor-widget-icon-list\" data-id=\"ec9ef2b\" data-element_type=\"widget\" data-e-type=\"widget\" data-widget_type=\"icon-list.default\">\n\t\t\t\t<div class=\"elementor-widget-container\">\n\t\t\t\t\t\t\t<ul class=\"elementor-icon-list-items\">\n\t\t\t\t\t\t\t<li class=\"elementor-icon-list-item\">\n\t\t\t\t\t\t\t\t\t\t\t<a href=\"tel:0609386642%20\">\n\n\t\t\t\t\t\t\t\t\t\t\t<span class=\"elementor-icon-list-text\">  Telephone: 06 09 38 66 42  <\/span>\n\t\t\t\t\t\t\t\t\t\t\t<\/a>\n\t\t\t\t\t\t\t\t\t<\/li>\n\t\t\t\t\t\t\t\t<li class=\"elementor-icon-list-item\">\n\t\t\t\t\t\t\t\t\t\t\t<a href=\"mailto:ln.pro@free.fr\">\n\n\t\t\t\t\t\t\t\t\t\t\t<span class=\"elementor-icon-list-text\">Email : ln.pro@free.fr<\/span>\n\t\t\t\t\t\t\t\t\t\t\t<\/a>\n\t\t\t\t\t\t\t\t\t<\/li>\n\t\t\t\t\t\t<\/ul>\n\t\t\t\t\t\t<\/div>\n\t\t\t\t<\/div>\n\t\t<div class=\"elementor-element elementor-element-adf6d11 e-con-full e-flex e-con e-child\" data-id=\"adf6d11\" data-element_type=\"container\" data-e-type=\"container\">\n\t\t\t\t<div class=\"elementor-element elementor-element-07aed88 elementor-widget-tablet__width-initial elementor-widget-mobile__width-inherit elementor-widget elementor-widget-heading\" data-id=\"07aed88\" data-element_type=\"widget\" data-e-type=\"widget\" data-widget_type=\"heading.default\">\n\t\t\t\t<div class=\"elementor-widget-container\">\n\t\t\t\t\t<h3 class=\"elementor-heading-title elementor-size-default\">Address<\/h3>\t\t\t\t<\/div>\n\t\t\t\t<\/div>\n\t\t\t\t<div class=\"elementor-element elementor-element-aac30c0 elementor-icon-list--layout-traditional elementor-list-item-link-full_width elementor-widget elementor-widget-icon-list\" data-id=\"aac30c0\" data-element_type=\"widget\" data-e-type=\"widget\" data-widget_type=\"icon-list.default\">\n\t\t\t\t<div class=\"elementor-widget-container\">\n\t\t\t\t\t\t\t<ul class=\"elementor-icon-list-items\">\n\t\t\t\t\t\t\t<li class=\"elementor-icon-list-item\">\n\t\t\t\t\t\t\t\t\t\t\t<a href=\"https:\/\/maps.app.goo.gl\/NnyYtbWZ2y6d6LRJ6\">\n\n\t\t\t\t\t\t\t\t\t\t\t<span class=\"elementor-icon-list-text\">Cabinet Soin Corporel Nadine Librach <br>17 Bd Raspail Paris 75007<br> M\u00e9tro rue du bac  <\/span>\n\t\t\t\t\t\t\t\t\t\t\t<\/a>\n\t\t\t\t\t\t\t\t\t<\/li>\n\t\t\t\t\t\t<\/ul>\n\t\t\t\t\t\t<\/div>\n\t\t\t\t<\/div>\n\t\t\t\t<div class=\"elementor-element elementor-element-f890aca elementor-align-justify elementor-widget elementor-widget-button\" data-id=\"f890aca\" data-element_type=\"widget\" data-e-type=\"widget\" data-widget_type=\"button.default\">\n\t\t\t\t<div class=\"elementor-widget-container\">\n\t\t\t\t\t\t\t\t\t<div class=\"elementor-button-wrapper\">\n\t\t\t\t\t<a class=\"elementor-button elementor-button-link elementor-size-sm\" href=\"https:\/\/bio-reflexo-therapie.fr\/en\/?page_id=10390\">\n\t\t\t\t\t\t<span class=\"elementor-button-content-wrapper\">\n\t\t\t\t\t\t\t\t\t<span class=\"elementor-button-text\">Call the office<\/span>\n\t\t\t\t\t<\/span>\n\t\t\t\t\t<\/a>\n\t\t\t\t<\/div>\n\t\t\t\t\t\t\t\t<\/div>\n\t\t\t\t<\/div>\n\t\t\t\t<\/div>\n\t\t\t\t<\/div>\n\t\t\t\t<\/div>\n\t\t<div class=\"elementor-element elementor-element-e5154d6 e-con-full e-flex e-con e-child\" data-id=\"e5154d6\" data-element_type=\"container\" data-e-type=\"container\">\n\t\t\t\t<div class=\"elementor-element elementor-element-b8e4234 elementor-widget elementor-widget-image\" data-id=\"b8e4234\" data-element_type=\"widget\" data-e-type=\"widget\" data-widget_type=\"image.default\">\n\t\t\t\t<div class=\"elementor-widget-container\">\n\t\t\t\t\t\t\t\t\t\t\t\t\t\t\t<img decoding=\"async\" width=\"150\" height=\"115\" src=\"https:\/\/bio-reflexo-therapie.fr\/wp-content\/uploads\/2025\/06\/FFMBE-logo-RVB_petit.jpg\" class=\"attachment-large size-large wp-image-10300\" alt=\"\" \/>\t\t\t\t\t\t\t\t\t\t\t\t\t\t\t<\/div>\n\t\t\t\t<\/div>\n\t\t\t\t<div class=\"elementor-element elementor-element-1909708 elementor-widget elementor-widget-heading\" data-id=\"1909708\" data-element_type=\"widget\" data-e-type=\"widget\" data-widget_type=\"heading.default\">\n\t\t\t\t<div class=\"elementor-widget-container\">\n\t\t\t\t\t<h1 class=\"elementor-heading-title elementor-size-default\">Certified practitioner of the Association Fran\u00e7aise de Bio-\u00e9nerg\u00e9tique AFB\n\n<\/h1>\t\t\t\t<\/div>\n\t\t\t\t<\/div>\n\t\t\t\t<div class=\"elementor-element elementor-element-491d5dd elementor-widget elementor-widget-heading\" data-id=\"491d5dd\" data-element_type=\"widget\" data-e-type=\"widget\" data-widget_type=\"heading.default\">\n\t\t\t\t<div class=\"elementor-widget-container\">\n\t\t\t\t\t<h1 class=\"elementor-heading-title elementor-size-default\">Certified practitioner of the French Federation of Well-Being Massage FFMBE\n\n<\/h1>\t\t\t\t<\/div>\n\t\t\t\t<\/div>\n\t\t\t\t<div class=\"elementor-element elementor-element-6b1e107 elementor-widget elementor-widget-heading\" data-id=\"6b1e107\" data-element_type=\"widget\" data-e-type=\"widget\" data-widget_type=\"heading.default\">\n\t\t\t\t<div class=\"elementor-widget-container\">\n\t\t\t\t\t<h1 class=\"elementor-heading-title elementor-size-default\">Links to partner sites<\/h1>\t\t\t\t<\/div>\n\t\t\t\t<\/div>\n\t\t\t\t<div class=\"elementor-element elementor-element-02adfa4 elementor-widget elementor-widget-heading\" data-id=\"02adfa4\" data-element_type=\"widget\" data-e-type=\"widget\" data-widget_type=\"heading.default\">\n\t\t\t\t<div class=\"elementor-widget-container\">\n\t\t\t\t\t<h1 class=\"elementor-heading-title elementor-size-default\">Intellectual Property Nadine Librach<\/h1>\t\t\t\t<\/div>\n\t\t\t\t<\/div>\n\t\t\t\t<\/div>\n\t\t\t\t\t<\/div>\n\t\t\t\t<\/div>\n\t\t\t\t<\/div>\n\t\t","protected":false},"excerpt":{"rendered":"<p>Deontology of practice &#8220;La M\u00e9thode de Nadine Librach \u00e0 vis\u00e9e de bien \u00eatre\u00ae&#8221; (Nadine Librach&#8217;s wellness method) This method was created and is taught by Ms Librach. This method enables those who have taken this training to practice and be able to provide manual drainage for well-being. Ethical teaching standards require those trained in this [&hellip;]<\/p>\n","protected":false},"author":2,"featured_media":10252,"parent":0,"menu_order":5,"comment_status":"closed","ping_status":"closed","template":"","meta":{"footnotes":""},"class_list":["post-10390","page","type-page","status-publish","has-post-thumbnail","hentry"],"yoast_head":"<!-- This site is optimized with the Yoast SEO Premium plugin v27.0 (Yoast SEO v27.5) - https:\/\/yoast.com\/product\/yoast-seo-premium-wordpress\/ -->\n<title>Ethics of the Nadine Librach Lymphatic Drainage Method<\/title>\n<meta name=\"description\" content=\"Here you will find a list of practitioners certified in Mme Librach Nadine&#039;s method of manual lymphatic drainage modeling.\" \/>\n<meta name=\"robots\" content=\"index, follow, max-snippet:-1, max-image-preview:large, max-video-preview:-1\" \/>\n<link rel=\"canonical\" href=\"https:\/\/bio-reflexo-therapie.fr\/en\/deontology-of-the-practice-of-lymphatic-drainage-nadine-librach-method\/\" \/>\n<meta property=\"og:locale\" content=\"en_US\" \/>\n<meta property=\"og:type\" content=\"article\" \/>\n<meta property=\"og:title\" content=\"Nadine Librach expertise professionnelle Drainage lymphatique manuel et Autres soins corporels\" \/>\n<meta property=\"og:description\" content=\"Nadine Librach 30 ans d&#039;expertise professionnelle et enseignante en drainage lymphatique manuel m\u00e9thode Vodder , sp\u00e9cialis\u00e9e en th\u00e9rapie \u00e9nerg\u00e9tique globale et holistique\" \/>\n<meta property=\"og:url\" content=\"https:\/\/bio-reflexo-therapie.fr\/en\/deontology-of-the-practice-of-lymphatic-drainage-nadine-librach-method\/\" \/>\n<meta property=\"og:site_name\" content=\"Bio R\u00e9fl\u00e9xo Th\u00e9rapie\" \/>\n<meta property=\"article:modified_time\" content=\"2025-06-29T12:21:50+00:00\" \/>\n<meta property=\"og:image\" content=\"https:\/\/bio-reflexo-therapie.fr\/wp-content\/uploads\/2023\/03\/20230225_170315-scaled.jpg\" \/>\n\t<meta property=\"og:image:width\" content=\"1920\" \/>\n\t<meta property=\"og:image:height\" content=\"2560\" \/>\n\t<meta property=\"og:image:type\" content=\"image\/jpeg\" \/>\n<meta name=\"twitter:card\" content=\"summary_large_image\" \/>\n<meta name=\"twitter:label1\" content=\"Est. reading time\" \/>\n\t<meta name=\"twitter:data1\" content=\"1 minute\" \/>\n<script type=\"application\/ld+json\" class=\"yoast-schema-graph\">{\"@context\":\"https:\\\/\\\/schema.org\",\"@graph\":[{\"@type\":\"WebPage\",\"@id\":\"https:\\\/\\\/bio-reflexo-therapie.fr\\\/en\\\/deontology-of-the-practice-of-lymphatic-drainage-nadine-librach-method\\\/\",\"url\":\"https:\\\/\\\/bio-reflexo-therapie.fr\\\/en\\\/deontology-of-the-practice-of-lymphatic-drainage-nadine-librach-method\\\/\",\"name\":\"Ethics of the Nadine Librach Lymphatic Drainage Method\",\"isPartOf\":{\"@id\":\"https:\\\/\\\/bio-reflexo-therapie.fr\\\/en\\\/#website\"},\"primaryImageOfPage\":{\"@id\":\"https:\\\/\\\/bio-reflexo-therapie.fr\\\/en\\\/deontology-of-the-practice-of-lymphatic-drainage-nadine-librach-method\\\/#primaryimage\"},\"image\":{\"@id\":\"https:\\\/\\\/bio-reflexo-therapie.fr\\\/en\\\/deontology-of-the-practice-of-lymphatic-drainage-nadine-librach-method\\\/#primaryimage\"},\"thumbnailUrl\":\"https:\\\/\\\/bio-reflexo-therapie.fr\\\/wp-content\\\/uploads\\\/2023\\\/03\\\/20230225_170315-scaled.jpg\",\"datePublished\":\"2011-03-29T13:26:37+00:00\",\"dateModified\":\"2025-06-29T12:21:50+00:00\",\"description\":\"Here you will find a list of practitioners certified in Mme Librach Nadine's method of manual lymphatic drainage modeling.\",\"breadcrumb\":{\"@id\":\"https:\\\/\\\/bio-reflexo-therapie.fr\\\/en\\\/deontology-of-the-practice-of-lymphatic-drainage-nadine-librach-method\\\/#breadcrumb\"},\"inLanguage\":\"en-US\",\"potentialAction\":[{\"@type\":\"ReadAction\",\"target\":[\"https:\\\/\\\/bio-reflexo-therapie.fr\\\/en\\\/deontology-of-the-practice-of-lymphatic-drainage-nadine-librach-method\\\/\"]}]},{\"@type\":\"ImageObject\",\"inLanguage\":\"en-US\",\"@id\":\"https:\\\/\\\/bio-reflexo-therapie.fr\\\/en\\\/deontology-of-the-practice-of-lymphatic-drainage-nadine-librach-method\\\/#primaryimage\",\"url\":\"https:\\\/\\\/bio-reflexo-therapie.fr\\\/wp-content\\\/uploads\\\/2023\\\/03\\\/20230225_170315-scaled.jpg\",\"contentUrl\":\"https:\\\/\\\/bio-reflexo-therapie.fr\\\/wp-content\\\/uploads\\\/2023\\\/03\\\/20230225_170315-scaled.jpg\",\"width\":1920,\"height\":2560,\"caption\":\"drainage lymphatique manuel m\u00e9thode Nadine Librach formation\"},{\"@type\":\"BreadcrumbList\",\"@id\":\"https:\\\/\\\/bio-reflexo-therapie.fr\\\/en\\\/deontology-of-the-practice-of-lymphatic-drainage-nadine-librach-method\\\/#breadcrumb\",\"itemListElement\":[{\"@type\":\"ListItem\",\"position\":1,\"name\":\"Accueil\",\"item\":\"https:\\\/\\\/bio-reflexo-therapie.fr\\\/en\\\/?page_id=10454\"},{\"@type\":\"ListItem\",\"position\":2,\"name\":\"Deontology of the practice of lymphatic drainage Nadine Librach Method\"}]},{\"@type\":\"WebSite\",\"@id\":\"https:\\\/\\\/bio-reflexo-therapie.fr\\\/en\\\/#website\",\"url\":\"https:\\\/\\\/bio-reflexo-therapie.fr\\\/en\\\/\",\"name\":\"Bio R\u00e9fl\u00e9xo Th\u00e9rapie\",\"description\":\"Nadine Librach Drainage lymphatique manuel et th\u00e9rapie alternative\",\"publisher\":{\"@id\":\"https:\\\/\\\/bio-reflexo-therapie.fr\\\/en\\\/#organization\"},\"potentialAction\":[{\"@type\":\"SearchAction\",\"target\":{\"@type\":\"EntryPoint\",\"urlTemplate\":\"https:\\\/\\\/bio-reflexo-therapie.fr\\\/en\\\/?s={search_term_string}\"},\"query-input\":{\"@type\":\"PropertyValueSpecification\",\"valueRequired\":true,\"valueName\":\"search_term_string\"}}],\"inLanguage\":\"en-US\"},{\"@type\":\"Organization\",\"@id\":\"https:\\\/\\\/bio-reflexo-therapie.fr\\\/en\\\/#organization\",\"name\":\"Cabinet de Soins Psycho-corporels Nadine LIBRACH\",\"url\":\"https:\\\/\\\/bio-reflexo-therapie.fr\\\/en\\\/\",\"logo\":{\"@type\":\"ImageObject\",\"inLanguage\":\"en-US\",\"@id\":\"https:\\\/\\\/bio-reflexo-therapie.fr\\\/en\\\/#\\\/schema\\\/logo\\\/image\\\/\",\"url\":\"https:\\\/\\\/bio-reflexo-therapie.fr\\\/wp-content\\\/uploads\\\/2021\\\/07\\\/logo-nlibrach-PT-couleur.jpg\",\"contentUrl\":\"https:\\\/\\\/bio-reflexo-therapie.fr\\\/wp-content\\\/uploads\\\/2021\\\/07\\\/logo-nlibrach-PT-couleur.jpg\",\"width\":1362,\"height\":1361,\"caption\":\"Cabinet de Soins Psycho-corporels Nadine LIBRACH\"},\"image\":{\"@id\":\"https:\\\/\\\/bio-reflexo-therapie.fr\\\/en\\\/#\\\/schema\\\/logo\\\/image\\\/\"},\"sameAs\":[\"https:\\\/\\\/www.instagram.com\\\/nlmethode\\\/?hl=fr\"]}]}<\/script>\n<!-- \/ Yoast SEO Premium plugin. -->","yoast_head_json":{"title":"Ethics of the Nadine Librach Lymphatic Drainage Method","description":"Here you will find a list of practitioners certified in Mme Librach Nadine's method of manual lymphatic drainage modeling.","robots":{"index":"index","follow":"follow","max-snippet":"max-snippet:-1","max-image-preview":"max-image-preview:large","max-video-preview":"max-video-preview:-1"},"canonical":"https:\/\/bio-reflexo-therapie.fr\/en\/deontology-of-the-practice-of-lymphatic-drainage-nadine-librach-method\/","og_locale":"en_US","og_type":"article","og_title":"Nadine Librach expertise professionnelle Drainage lymphatique manuel et Autres soins corporels","og_description":"Nadine Librach 30 ans d'expertise professionnelle et enseignante en drainage lymphatique manuel m\u00e9thode Vodder , sp\u00e9cialis\u00e9e en th\u00e9rapie \u00e9nerg\u00e9tique globale et holistique","og_url":"https:\/\/bio-reflexo-therapie.fr\/en\/deontology-of-the-practice-of-lymphatic-drainage-nadine-librach-method\/","og_site_name":"Bio R\u00e9fl\u00e9xo Th\u00e9rapie","article_modified_time":"2025-06-29T12:21:50+00:00","og_image":[{"width":1920,"height":2560,"url":"https:\/\/bio-reflexo-therapie.fr\/wp-content\/uploads\/2023\/03\/20230225_170315-scaled.jpg","type":"image\/jpeg"}],"twitter_card":"summary_large_image","twitter_misc":{"Est. reading time":"1 minute"},"schema":{"@context":"https:\/\/schema.org","@graph":[{"@type":"WebPage","@id":"https:\/\/bio-reflexo-therapie.fr\/en\/deontology-of-the-practice-of-lymphatic-drainage-nadine-librach-method\/","url":"https:\/\/bio-reflexo-therapie.fr\/en\/deontology-of-the-practice-of-lymphatic-drainage-nadine-librach-method\/","name":"Ethics of the Nadine Librach Lymphatic Drainage Method","isPartOf":{"@id":"https:\/\/bio-reflexo-therapie.fr\/en\/#website"},"primaryImageOfPage":{"@id":"https:\/\/bio-reflexo-therapie.fr\/en\/deontology-of-the-practice-of-lymphatic-drainage-nadine-librach-method\/#primaryimage"},"image":{"@id":"https:\/\/bio-reflexo-therapie.fr\/en\/deontology-of-the-practice-of-lymphatic-drainage-nadine-librach-method\/#primaryimage"},"thumbnailUrl":"https:\/\/bio-reflexo-therapie.fr\/wp-content\/uploads\/2023\/03\/20230225_170315-scaled.jpg","datePublished":"2011-03-29T13:26:37+00:00","dateModified":"2025-06-29T12:21:50+00:00","description":"Here you will find a list of practitioners certified in Mme Librach Nadine's method of manual lymphatic drainage modeling.","breadcrumb":{"@id":"https:\/\/bio-reflexo-therapie.fr\/en\/deontology-of-the-practice-of-lymphatic-drainage-nadine-librach-method\/#breadcrumb"},"inLanguage":"en-US","potentialAction":[{"@type":"ReadAction","target":["https:\/\/bio-reflexo-therapie.fr\/en\/deontology-of-the-practice-of-lymphatic-drainage-nadine-librach-method\/"]}]},{"@type":"ImageObject","inLanguage":"en-US","@id":"https:\/\/bio-reflexo-therapie.fr\/en\/deontology-of-the-practice-of-lymphatic-drainage-nadine-librach-method\/#primaryimage","url":"https:\/\/bio-reflexo-therapie.fr\/wp-content\/uploads\/2023\/03\/20230225_170315-scaled.jpg","contentUrl":"https:\/\/bio-reflexo-therapie.fr\/wp-content\/uploads\/2023\/03\/20230225_170315-scaled.jpg","width":1920,"height":2560,"caption":"drainage lymphatique manuel m\u00e9thode Nadine Librach formation"},{"@type":"BreadcrumbList","@id":"https:\/\/bio-reflexo-therapie.fr\/en\/deontology-of-the-practice-of-lymphatic-drainage-nadine-librach-method\/#breadcrumb","itemListElement":[{"@type":"ListItem","position":1,"name":"Accueil","item":"https:\/\/bio-reflexo-therapie.fr\/en\/?page_id=10454"},{"@type":"ListItem","position":2,"name":"Deontology of the practice of lymphatic drainage Nadine Librach Method"}]},{"@type":"WebSite","@id":"https:\/\/bio-reflexo-therapie.fr\/en\/#website","url":"https:\/\/bio-reflexo-therapie.fr\/en\/","name":"Bio R\u00e9fl\u00e9xo Th\u00e9rapie","description":"Nadine Librach Drainage lymphatique manuel et th\u00e9rapie alternative","publisher":{"@id":"https:\/\/bio-reflexo-therapie.fr\/en\/#organization"},"potentialAction":[{"@type":"SearchAction","target":{"@type":"EntryPoint","urlTemplate":"https:\/\/bio-reflexo-therapie.fr\/en\/?s={search_term_string}"},"query-input":{"@type":"PropertyValueSpecification","valueRequired":true,"valueName":"search_term_string"}}],"inLanguage":"en-US"},{"@type":"Organization","@id":"https:\/\/bio-reflexo-therapie.fr\/en\/#organization","name":"Cabinet de Soins Psycho-corporels Nadine LIBRACH","url":"https:\/\/bio-reflexo-therapie.fr\/en\/","logo":{"@type":"ImageObject","inLanguage":"en-US","@id":"https:\/\/bio-reflexo-therapie.fr\/en\/#\/schema\/logo\/image\/","url":"https:\/\/bio-reflexo-therapie.fr\/wp-content\/uploads\/2021\/07\/logo-nlibrach-PT-couleur.jpg","contentUrl":"https:\/\/bio-reflexo-therapie.fr\/wp-content\/uploads\/2021\/07\/logo-nlibrach-PT-couleur.jpg","width":1362,"height":1361,"caption":"Cabinet de Soins Psycho-corporels Nadine LIBRACH"},"image":{"@id":"https:\/\/bio-reflexo-therapie.fr\/en\/#\/schema\/logo\/image\/"},"sameAs":["https:\/\/www.instagram.com\/nlmethode\/?hl=fr"]}]}},"_links":{"self":[{"href":"https:\/\/bio-reflexo-therapie.fr\/en\/wp-json\/wp\/v2\/pages\/10390","targetHints":{"allow":["GET"]}}],"collection":[{"href":"https:\/\/bio-reflexo-therapie.fr\/en\/wp-json\/wp\/v2\/pages"}],"about":[{"href":"https:\/\/bio-reflexo-therapie.fr\/en\/wp-json\/wp\/v2\/types\/page"}],"author":[{"embeddable":true,"href":"https:\/\/bio-reflexo-therapie.fr\/en\/wp-json\/wp\/v2\/users\/2"}],"replies":[{"embeddable":true,"href":"https:\/\/bio-reflexo-therapie.fr\/en\/wp-json\/wp\/v2\/comments?post=10390"}],"version-history":[{"count":11,"href":"https:\/\/bio-reflexo-therapie.fr\/en\/wp-json\/wp\/v2\/pages\/10390\/revisions"}],"predecessor-version":[{"id":10435,"href":"https:\/\/bio-reflexo-therapie.fr\/en\/wp-json\/wp\/v2\/pages\/10390\/revisions\/10435"}],"wp:featuredmedia":[{"embeddable":true,"href":"https:\/\/bio-reflexo-therapie.fr\/en\/wp-json\/wp\/v2\/media\/10252"}],"wp:attachment":[{"href":"https:\/\/bio-reflexo-therapie.fr\/en\/wp-json\/wp\/v2\/media?parent=10390"}],"curies":[{"name":"wp","href":"https:\/\/api.w.org\/{rel}","templated":true}]}}