{"id":10384,"date":"2023-02-20T10:17:13","date_gmt":"2023-02-20T09:17:13","guid":{"rendered":"https:\/\/bio-reflexo-therapie.fr\/lymphatic-drainage-training\/"},"modified":"2025-06-29T14:21:29","modified_gmt":"2025-06-29T12:21:29","slug":"lymphatic-drainage-training","status":"publish","type":"page","link":"https:\/\/bio-reflexo-therapie.fr\/en\/lymphatic-drainage-training\/","title":{"rendered":"Lymphatic drainage training"},"content":{"rendered":"\n[et_pb_section fb_built=&#8221;1&#8243; admin_label=&#8221;Header Section&#8221; _builder_version=&#8221;4.16&#8243; use_background_color_gradient=&#8221;on&#8221; background_color_gradient_stops=&#8221;#ffffff 0%|rgba(255,255,255,0.42) 100%&#8221; background_color_gradient_overlays_image=&#8221;on&#8221; background_color_gradient_start=&#8221;#ffffff&#8221; background_color_gradient_end=&#8221;rgba(255,255,255,0.42)&#8221; background_image=&#8221;https:\/\/bio-reflexo-therapie.fr\/wp-content\/uploads\/2019\/12\/roman-kraft-0EVKn3-5JSU-unsplash-scaled.jpg&#8221; custom_margin=&#8221;||||false|false&#8221; custom_padding=&#8221;10%||||false|false&#8221; global_colors_info=&#8221;{}&#8221;][et_pb_row _builder_version=&#8221;4.16&#8243; global_colors_info=&#8221;{}&#8221;][et_pb_column type=&#8221;4_4&#8243; _builder_version=&#8221;4.16&#8243; global_colors_info=&#8221;{}&#8221;][et_pb_text _builder_version=&#8221;4.16&#8243; text_font=&#8221;|300|||||||&#8221; text_text_color=&#8221;#000000&#8243; text_font_size=&#8221;16px&#8221; text_line_height=&#8221;1.8em&#8221; header_font=&#8221;|800|||||||&#8221; header_font_size=&#8221;50px&#8221; header_letter_spacing=&#8221;3px&#8221; header_line_height=&#8221;1.4em&#8221; header_2_font=&#8221;|700|||||||&#8221; header_2_font_size=&#8221;40px&#8221; header_2_line_height=&#8221;1.7em&#8221; header_font_size_tablet=&#8221;&#8221; header_font_size_phone=&#8221;30px&#8221; header_font_size_last_edited=&#8221;on|phone&#8221; header_2_font_size_tablet=&#8221;&#8221; header_2_font_size_phone=&#8221;32px&#8221; header_2_font_size_last_edited=&#8221;on|phone&#8221; global_colors_info=&#8221;{}&#8221;]<h2 style=\"text-align: center;\">Nadine Librach&#8217;s training<\/h2>[\/et_pb_text][\/et_pb_column][\/et_pb_row][\/et_pb_section][et_pb_section fb_built=&#8221;1&#8243; custom_padding_last_edited=&#8221;on|phone&#8221; _builder_version=&#8221;4.16&#8243; custom_padding=&#8221;116px||148px|||&#8221; custom_padding_tablet=&#8221;&#8221; custom_padding_phone=&#8221;11%||11%||true|false&#8221; global_colors_info=&#8221;{}&#8221;][et_pb_row column_structure=&#8221;1_2,1_2&#8243; _builder_version=&#8221;4.16&#8243; custom_margin=&#8221;||||false|false&#8221; global_colors_info=&#8221;{}&#8221;][et_pb_column type=&#8221;1_2&#8243; _builder_version=&#8221;4.16&#8243; global_colors_info=&#8221;{}&#8221;][et_pb_cta title=&#8221;Manual lymphatic drainage training&#8221; button_url=&#8221;@ET-DC@eyJkeW5hbWljIjp0cnVlLCJjb250ZW50IjoicG9zdF9saW5rX3VybF9wYWdlIiwic2V0dGluZ3MiOnsicG9zdF9pZCI6IjY2NjIifX0=@&#8221; button_text=&#8221;voir en d\u00e9tails&#8221; button_text_tablet=&#8221;&#8221; button_text_phone=&#8221;&#8221; button_text_last_edited=&#8221;on|desktop&#8221; _builder_version=&#8221;4.16&#8243; _dynamic_attributes=&#8221;button_url,link_option_url&#8221; header_font=&#8221;|600|||||||&#8221; header_text_align=&#8221;center&#8221; header_text_color=&#8221;#FFDAB9&#8243; header_font_size=&#8221;22px&#8221; header_line_height=&#8221;1.5em&#8221; background_enable_color=&#8221;off&#8221; use_background_color_gradient=&#8221;on&#8221; background_color_gradient_stops=&#8221;rgba(255,255,255,0.85) 0%|rgba(0,0,0,0.47) 100%&#8221; background_color_gradient_overlays_image=&#8221;on&#8221; background_color_gradient_start=&#8221;rgba(255,255,255,0.85)&#8221; background_color_gradient_end=&#8221;rgba(0,0,0,0.47)&#8221; background_image=&#8221;https:\/\/bio-reflexo-therapie.fr\/wp-content\/uploads\/2019\/12\/jambes-et-corps-drainage-1.jpg&#8221; custom_button=&#8221;on&#8221; button_text_size=&#8221;18px&#8221; button_text_color=&#8221;#000000&#8243; button_bg_color=&#8221;#FFDAB9&#8243; button_border_width=&#8221;1px&#8221; button_border_color=&#8221;#e09900&#8243; link_option_url=&#8221;@ET-DC@eyJkeW5hbWljIjp0cnVlLCJjb250ZW50IjoicG9zdF9saW5rX3VybF9wYWdlIiwic2V0dGluZ3MiOnsicG9zdF9pZCI6IjY2NjIifX0=@&#8221; box_shadow_style=&#8221;preset2&#8243; box_shadow_horizontal=&#8221;3px&#8221; box_shadow_vertical=&#8221;3px&#8221; box_shadow_blur=&#8221;10px&#8221; box_shadow_style_button=&#8221;preset1&#8243; global_colors_info=&#8221;{}&#8221;][\/et_pb_cta][\/et_pb_column][et_pb_column type=&#8221;1_2&#8243; _builder_version=&#8221;4.16&#8243; global_colors_info=&#8221;{}&#8221;][et_pb_cta title=&#8221;Practitioners trained by Mme Librach in manual drainage&#8221; button_url=&#8221;@ET-DC@eyJkeW5hbWljIjp0cnVlLCJjb250ZW50IjoicG9zdF9saW5rX3VybF9wYWdlIiwic2V0dGluZ3MiOnsicG9zdF9pZCI6IjExMzEifX0=@&#8221; button_text=&#8221;voir en d\u00e9tails&#8221; button_text_tablet=&#8221;&#8221; button_text_phone=&#8221;&#8221; button_text_last_edited=&#8221;on|desktop&#8221; _builder_version=&#8221;4.16&#8243; _dynamic_attributes=&#8221;button_url,link_option_url&#8221; header_font=&#8221;|600|||||||&#8221; header_text_align=&#8221;center&#8221; header_text_color=&#8221;#FFDAB9&#8243; header_font_size=&#8221;20px&#8221; header_line_height=&#8221;1.4em&#8221; background_enable_color=&#8221;off&#8221; use_background_color_gradient=&#8221;on&#8221; background_color_gradient_stops=&#8221;rgba(255,255,255,0.85) 0%|rgba(0,0,0,0.47) 100%&#8221; background_color_gradient_overlays_image=&#8221;on&#8221; background_color_gradient_start=&#8221;rgba(255,255,255,0.85)&#8221; background_color_gradient_end=&#8221;rgba(0,0,0,0.47)&#8221; background_image=&#8221;https:\/\/bio-reflexo-therapie.fr\/wp-content\/uploads\/2019\/12\/u10436612.jpg&#8221; custom_button=&#8221;on&#8221; button_text_size=&#8221;18px&#8221; button_text_color=&#8221;#000000&#8243; button_bg_color=&#8221;#FFDAB9&#8243; button_border_width=&#8221;1px&#8221; button_border_color=&#8221;#e09900&#8243; link_option_url=&#8221;@ET-DC@eyJkeW5hbWljIjp0cnVlLCJjb250ZW50IjoicG9zdF9saW5rX3VybF9wYWdlIiwic2V0dGluZ3MiOnsicG9zdF9pZCI6IjExMzEifX0=@&#8221; box_shadow_style=&#8221;preset2&#8243; box_shadow_horizontal=&#8221;3px&#8221; box_shadow_vertical=&#8221;3px&#8221; box_shadow_blur=&#8221;10px&#8221; box_shadow_style_button=&#8221;preset1&#8243; global_colors_info=&#8221;{}&#8221;][\/et_pb_cta][\/et_pb_column][\/et_pb_row][\/et_pb_section][et_pb_section fb_built=&#8221;1&#8243; specialty=&#8221;on&#8221; _builder_version=&#8221;4.20.2&#8243; _module_preset=&#8221;default&#8221; background_color=&#8221;#f2eeed&#8221; global_colors_info=&#8221;{}&#8221;][et_pb_column type=&#8221;1_2&#8243; specialty_columns=&#8221;2&#8243; _builder_version=&#8221;4.16&#8243; custom_padding=&#8221;|||&#8221; global_colors_info=&#8221;{}&#8221; custom_padding__hover=&#8221;|||&#8221;][et_pb_row_inner column_structure=&#8221;1_2,1_2&#8243; _builder_version=&#8221;4.20.0&#8243; _module_preset=&#8221;default&#8221; global_colors_info=&#8221;{}&#8221;][et_pb_column_inner type=&#8221;1_2&#8243; saved_specialty_column_type=&#8221;1_2&#8243; _builder_version=&#8221;4.20.0&#8243; _module_preset=&#8221;default&#8221; global_colors_info=&#8221;{}&#8221;][et_pb_text _builder_version=&#8221;4.20.0&#8243; _module_preset=&#8221;default&#8221; global_colors_info=&#8221;{}&#8221;]<h4><span style=\"color: #808080;\"><b>Popular treatments<\/b><\/span><\/h4>\n<p><b><\/b><\/p>\n<p><span style=\"color: #b8a596;\"><a href=\"https:\/\/bio-reflexo-therapie.fr\/drainage-lymphatique-manuel-corps-et-visage-paris\/\" style=\"color: #b8a596;\"><b><span style=\"font-weight: 400;\">Manual lymph drainage<\/span><\/b><\/a><\/span><\/p>\n<p><span style=\"color: #b8a596;\"><b><a href=\"https:\/\/bio-reflexo-therapie.fr\/temoignage-sur-le-drainage-lymphatique-manuel\/\" style=\"color: #b8a596;\"><span style=\"font-weight: 400;\">Testimonials on manual lymphatic drainage<\/span><\/a><\/b><\/span><\/p>\n<p><span style=\"color: #b8a596;\"><b><a href=\"https:\/\/bio-reflexo-therapie.fr\/les-soins-proposes-par-nadine-librach\/\" style=\"color: #b8a596;\"><span style=\"font-weight: 400;\">Lymphatic drainage rates<\/span><\/a><\/b><\/span><\/p>\n<p><span style=\"color: #b8a596;\"><a href=\"https:\/\/bio-reflexo-therapie.fr\/offrir-un-soin-bien-etre-par-professionnelle\/?et_fb=1&#038;PageSpeed=off\" style=\"color: #b8a596;\">Offer a treatment<\/a><\/span><\/p>[\/et_pb_text][\/et_pb_column_inner][et_pb_column_inner type=&#8221;1_2&#8243; saved_specialty_column_type=&#8221;1_2&#8243; _builder_version=&#8221;4.20.0&#8243; _module_preset=&#8221;default&#8221; global_colors_info=&#8221;{}&#8221;][et_pb_text _builder_version=&#8221;4.20.2&#8243; _module_preset=&#8221;default&#8221; global_colors_info=&#8221;{}&#8221;]<h4><span style=\"color: #808080;\"><b>Lymphatic drainage training<\/b><\/span><\/h4>\n<p><span style=\"color: #b8a596;\"><a style=\"color: #b8a596;\" href=\"https:\/\/bio-reflexo-therapie.fr\/formation-drainage-lymphatique\/formation-au-drainage-lymphatique-manuel\/\"><span style=\"font-weight: 400;\">Certified training in manual lymphatic drainage<\/span><\/a><\/span><\/p>\n<p><span style=\"color: #b8a596;\"><a style=\"color: #b8a596;\" href=\"https:\/\/www.google.fr\/search?tbs=lf:1,lf_ui:2&amp;tbm=lcl&amp;q=drainage+lymphatique+manuel&amp;rflfq=1&amp;num=10&amp;sa=X&amp;ved=2ahUKEwijvcDx1LD9AhV1Y6QEHcXhC_kQjGp6BAhXEAI&amp;biw=1440&amp;bih=740&amp;dpr=2#rlfi=hd:;si:6983399841679813499,l,ChtkcmFpbmFnZSBseW1waGF0aXF1ZSBtYW51ZWwZgj6qGeUq8WJIjPvl7eWAgIAIWisQABABEAIYABgBIhtkcmFpbmFnZSBseW1waGF0aXF1ZSBtYW51ZWwyAmZykgEObHltcGhfZHJhaW5hZ2WaASNDaFpEU1VoTk1HOW5TMFZKUTBGblNVTmxiblYyU1dabkVBRaoBRBABGh8QASIbWcSy2I1aNeUklPK759ZRPWq7SZBA4KMrcM4BKh8iG2RyYWluYWdlIGx5bXBoYXRpcXVlIG1hbnVlbCgE;mv:%5B%5B48.8957549,2.6130782%5D,%5B48.666646,2.2105733000000005%5D%5D\"><span style=\"font-weight: 400;\">Training testimonials<\/span><\/a><\/span><\/p>\n<p><span style=\"color: #b8a596;\"><a style=\"color: #b8a596;\" href=\"https:\/\/bio-reflexo-therapie.fr\/en\/?page_id=10381\"><span style=\"font-weight: 400;\">Registration formalities<\/span><\/a><\/span><\/p>\n<p><span style=\"color: #b8a596;\"><a style=\"color: #b8a596;\" href=\"https:\/\/bio-reflexo-therapie.fr\/formation-drainage-lymphatique\/financement-formation-nadine-lib\/\" data-wplink-edit=\"true\">Training financing<\/a><\/span><\/p>[\/et_pb_text][\/et_pb_column_inner][\/et_pb_row_inner][\/et_pb_column][et_pb_column type=&#8221;1_4&#8243; _builder_version=&#8221;4.16&#8243; custom_padding=&#8221;|||&#8221; global_colors_info=&#8221;{}&#8221; custom_padding__hover=&#8221;|||&#8221;][et_pb_text _builder_version=&#8221;4.20.0&#8243; _module_preset=&#8221;default&#8221; global_colors_info=&#8221;{}&#8221;]<h4><span style=\"color: #808080;\"><b>About Nadine Librach<\/b><\/span><\/h4>\n<p><span style=\"color: #b8a596;\"><b><\/b><\/span><\/p>\n<p><span style=\"color: #b8a596;\"><a href=\"https:\/\/bio-reflexo-therapie.fr\/la-methode-de-drainage-manuel-de-mme-librach-nadine\/\" style=\"color: #b8a596;\"><span style=\"font-weight: 400;\">The Nadine Librach method  <\/span><\/a><\/span><\/p>\n<p><span style=\"color: #b8a596;\"><a href=\"https:\/\/bio-reflexo-therapie.fr\/parcours-de-nadine-librach\/\" style=\"color: #b8a596;\"><span style=\"font-weight: 400;\">My journey<\/span><\/a><\/span><\/p>\n<p><span style=\"color: #b7a496;\"><a href=\"https:\/\/bio-reflexo-therapie.fr\/wp-content\/uploads\/2023\/03\/Charte-2023.pdf\" style=\"color: #b7a496;\">Ethics charter<\/a><\/span><\/p>\n<p><span style=\"color: #b8a596;\"><a href=\"https:\/\/bio-reflexo-therapie.fr\/parcours-de-nadine-librach\/\" style=\"color: #b8a596;\"><span style=\"font-weight: 400;\"><\/span><\/a><a href=\"https:\/\/bio-reflexo-therapie.fr\/cabinet-nadine-librach-paris-7\/\" style=\"color: #b8a596;\">Contact<\/a><\/span><\/p>[\/et_pb_text][\/et_pb_column][et_pb_column type=&#8221;1_4&#8243; _builder_version=&#8221;4.16&#8243; custom_padding=&#8221;|||&#8221; global_colors_info=&#8221;{}&#8221; custom_padding__hover=&#8221;|||&#8221;][et_pb_text _builder_version=&#8221;4.20.0&#8243; _module_preset=&#8221;default&#8221; global_colors_info=&#8221;{}&#8221;]<h4><span style=\"color: #808080;\"><b>About the site<\/b><\/span><\/h4>\n<p>&nbsp;<\/p>\n<p><span style=\"color: #b8a596;\"><a style=\"color: #b8a596;\" href=\"https:\/\/bio-reflexo-therapie.fr\/non-categorise\/propriete-intellectuelle-site\/\">Intellectual Property<\/a><\/span><\/p>\n<p><span style=\"color: #b8a596;\"><a style=\"color: #b8a596;\" href=\"https:\/\/bio-reflexo-therapie.fr\/liens\/page-de-liens-sites-partenaires\/\">Partner sites<\/a><\/span><\/p>\n<p><span style=\"color: #b8a596;\"><a style=\"color: #b8a596;\" href=\"https:\/\/www.mieuxvivresante.fr\/Forme\/Beaute_Soinsducorps\/2574-Tout-savoir-sur-le-drainage-lymphatique\">La Presse speaks<\/a><\/span><\/p>\n<p>&nbsp;<\/p>[\/et_pb_text][\/et_pb_column][\/et_pb_section][et_pb_section fb_built=&#8221;1&#8243; custom_padding_last_edited=&#8221;on|tablet&#8221; admin_label=&#8221;Footer&#8221; _builder_version=&#8221;4.16&#8243; background_color=&#8221;#171728&#8243; min_height=&#8221;94px&#8221; custom_margin=&#8221;-5px|||||&#8221; custom_padding=&#8221;0|76vw|2px||false|false&#8221; custom_padding_tablet=&#8221;|10vw||10vw||true&#8221; custom_padding_phone=&#8221;&#8221; saved_tabs=&#8221;all&#8221; global_colors_info=&#8221;{}&#8221;][\/et_pb_section]\n","protected":false},"excerpt":{"rendered":"","protected":false},"author":2,"featured_media":10175,"parent":0,"menu_order":0,"comment_status":"closed","ping_status":"closed","template":"","meta":{"footnotes":""},"class_list":["post-10384","page","type-page","status-publish","has-post-thumbnail","hentry"],"yoast_head":"<!-- This site is optimized with the Yoast SEO Premium plugin v27.0 (Yoast SEO v27.4) - https:\/\/yoast.com\/product\/yoast-seo-premium-wordpress\/ -->\n<title>manual lymphatic drainage training paris<\/title>\n<meta name=\"description\" content=\"training in manual lymphatic drainage Paris. This course integrates a global method enriched with complementary knowledge.\" \/>\n<meta name=\"robots\" content=\"index, follow, max-snippet:-1, max-image-preview:large, max-video-preview:-1\" \/>\n<link rel=\"canonical\" href=\"https:\/\/bio-reflexo-therapie.fr\/en\/lymphatic-drainage-training\/\" \/>\n<meta property=\"og:locale\" content=\"en_US\" \/>\n<meta property=\"og:type\" content=\"article\" \/>\n<meta property=\"og:title\" content=\"Nadine Librach expertise professionnelle Drainage lymphatique manuel et Autres soins corporels\" \/>\n<meta property=\"og:description\" content=\"Nadine Librach 30 ans d&#039;expertise professionnelle et enseignante en drainage lymphatique manuel m\u00e9thode Vodder , sp\u00e9cialis\u00e9e en th\u00e9rapie \u00e9nerg\u00e9tique globale et holistique\" \/>\n<meta property=\"og:url\" content=\"https:\/\/bio-reflexo-therapie.fr\/en\/lymphatic-drainage-training\/\" \/>\n<meta property=\"og:site_name\" content=\"Bio R\u00e9fl\u00e9xo Th\u00e9rapie\" \/>\n<meta property=\"article:modified_time\" content=\"2025-06-29T12:21:29+00:00\" \/>\n<meta property=\"og:image\" content=\"https:\/\/bio-reflexo-therapie.fr\/wp-content\/uploads\/2018\/02\/drainage-corps.jpg\" \/>\n\t<meta property=\"og:image:width\" content=\"450\" \/>\n\t<meta property=\"og:image:height\" content=\"300\" \/>\n\t<meta property=\"og:image:type\" content=\"image\/jpeg\" \/>\n<meta name=\"twitter:card\" content=\"summary_large_image\" \/>\n<meta name=\"twitter:label1\" content=\"Est. reading time\" \/>\n\t<meta name=\"twitter:data1\" content=\"5 minutes\" \/>\n<script type=\"application\/ld+json\" class=\"yoast-schema-graph\">{\"@context\":\"https:\\\/\\\/schema.org\",\"@graph\":[{\"@type\":\"WebPage\",\"@id\":\"https:\\\/\\\/bio-reflexo-therapie.fr\\\/en\\\/lymphatic-drainage-training\\\/\",\"url\":\"https:\\\/\\\/bio-reflexo-therapie.fr\\\/en\\\/lymphatic-drainage-training\\\/\",\"name\":\"manual lymphatic drainage training paris\",\"isPartOf\":{\"@id\":\"https:\\\/\\\/bio-reflexo-therapie.fr\\\/en\\\/#website\"},\"primaryImageOfPage\":{\"@id\":\"https:\\\/\\\/bio-reflexo-therapie.fr\\\/en\\\/lymphatic-drainage-training\\\/#primaryimage\"},\"image\":{\"@id\":\"https:\\\/\\\/bio-reflexo-therapie.fr\\\/en\\\/lymphatic-drainage-training\\\/#primaryimage\"},\"thumbnailUrl\":\"https:\\\/\\\/bio-reflexo-therapie.fr\\\/wp-content\\\/uploads\\\/2018\\\/02\\\/drainage-corps.jpg\",\"datePublished\":\"2023-02-20T09:17:13+00:00\",\"dateModified\":\"2025-06-29T12:21:29+00:00\",\"description\":\"training in manual lymphatic drainage Paris. This course integrates a global method enriched with complementary knowledge.\",\"breadcrumb\":{\"@id\":\"https:\\\/\\\/bio-reflexo-therapie.fr\\\/en\\\/lymphatic-drainage-training\\\/#breadcrumb\"},\"inLanguage\":\"en-US\",\"potentialAction\":[{\"@type\":\"ReadAction\",\"target\":[\"https:\\\/\\\/bio-reflexo-therapie.fr\\\/en\\\/lymphatic-drainage-training\\\/\"]}]},{\"@type\":\"ImageObject\",\"inLanguage\":\"en-US\",\"@id\":\"https:\\\/\\\/bio-reflexo-therapie.fr\\\/en\\\/lymphatic-drainage-training\\\/#primaryimage\",\"url\":\"https:\\\/\\\/bio-reflexo-therapie.fr\\\/wp-content\\\/uploads\\\/2018\\\/02\\\/drainage-corps.jpg\",\"contentUrl\":\"https:\\\/\\\/bio-reflexo-therapie.fr\\\/wp-content\\\/uploads\\\/2018\\\/02\\\/drainage-corps.jpg\",\"width\":450,\"height\":300,\"caption\":\"drainage lymphatique manuel par Nadine Librach\"},{\"@type\":\"BreadcrumbList\",\"@id\":\"https:\\\/\\\/bio-reflexo-therapie.fr\\\/en\\\/lymphatic-drainage-training\\\/#breadcrumb\",\"itemListElement\":[{\"@type\":\"ListItem\",\"position\":1,\"name\":\"Accueil\",\"item\":\"https:\\\/\\\/bio-reflexo-therapie.fr\\\/en\\\/?page_id=10454\"},{\"@type\":\"ListItem\",\"position\":2,\"name\":\"Lymphatic drainage training\"}]},{\"@type\":\"WebSite\",\"@id\":\"https:\\\/\\\/bio-reflexo-therapie.fr\\\/en\\\/#website\",\"url\":\"https:\\\/\\\/bio-reflexo-therapie.fr\\\/en\\\/\",\"name\":\"Bio R\u00e9fl\u00e9xo Th\u00e9rapie\",\"description\":\"Nadine Librach Drainage lymphatique manuel et th\u00e9rapie alternative\",\"publisher\":{\"@id\":\"https:\\\/\\\/bio-reflexo-therapie.fr\\\/en\\\/#organization\"},\"potentialAction\":[{\"@type\":\"SearchAction\",\"target\":{\"@type\":\"EntryPoint\",\"urlTemplate\":\"https:\\\/\\\/bio-reflexo-therapie.fr\\\/en\\\/?s={search_term_string}\"},\"query-input\":{\"@type\":\"PropertyValueSpecification\",\"valueRequired\":true,\"valueName\":\"search_term_string\"}}],\"inLanguage\":\"en-US\"},{\"@type\":\"Organization\",\"@id\":\"https:\\\/\\\/bio-reflexo-therapie.fr\\\/en\\\/#organization\",\"name\":\"Cabinet de Soins Psycho-corporels Nadine LIBRACH\",\"url\":\"https:\\\/\\\/bio-reflexo-therapie.fr\\\/en\\\/\",\"logo\":{\"@type\":\"ImageObject\",\"inLanguage\":\"en-US\",\"@id\":\"https:\\\/\\\/bio-reflexo-therapie.fr\\\/en\\\/#\\\/schema\\\/logo\\\/image\\\/\",\"url\":\"https:\\\/\\\/bio-reflexo-therapie.fr\\\/wp-content\\\/uploads\\\/2021\\\/07\\\/logo-nlibrach-PT-couleur.jpg\",\"contentUrl\":\"https:\\\/\\\/bio-reflexo-therapie.fr\\\/wp-content\\\/uploads\\\/2021\\\/07\\\/logo-nlibrach-PT-couleur.jpg\",\"width\":1362,\"height\":1361,\"caption\":\"Cabinet de Soins Psycho-corporels Nadine LIBRACH\"},\"image\":{\"@id\":\"https:\\\/\\\/bio-reflexo-therapie.fr\\\/en\\\/#\\\/schema\\\/logo\\\/image\\\/\"},\"sameAs\":[\"https:\\\/\\\/www.instagram.com\\\/nlmethode\\\/?hl=fr\"]}]}<\/script>\n<!-- \/ Yoast SEO Premium plugin. -->","yoast_head_json":{"title":"manual lymphatic drainage training paris","description":"training in manual lymphatic drainage Paris. This course integrates a global method enriched with complementary knowledge.","robots":{"index":"index","follow":"follow","max-snippet":"max-snippet:-1","max-image-preview":"max-image-preview:large","max-video-preview":"max-video-preview:-1"},"canonical":"https:\/\/bio-reflexo-therapie.fr\/en\/lymphatic-drainage-training\/","og_locale":"en_US","og_type":"article","og_title":"Nadine Librach expertise professionnelle Drainage lymphatique manuel et Autres soins corporels","og_description":"Nadine Librach 30 ans d'expertise professionnelle et enseignante en drainage lymphatique manuel m\u00e9thode Vodder , sp\u00e9cialis\u00e9e en th\u00e9rapie \u00e9nerg\u00e9tique globale et holistique","og_url":"https:\/\/bio-reflexo-therapie.fr\/en\/lymphatic-drainage-training\/","og_site_name":"Bio R\u00e9fl\u00e9xo Th\u00e9rapie","article_modified_time":"2025-06-29T12:21:29+00:00","og_image":[{"width":450,"height":300,"url":"https:\/\/bio-reflexo-therapie.fr\/wp-content\/uploads\/2018\/02\/drainage-corps.jpg","type":"image\/jpeg"}],"twitter_card":"summary_large_image","twitter_misc":{"Est. reading time":"5 minutes"},"schema":{"@context":"https:\/\/schema.org","@graph":[{"@type":"WebPage","@id":"https:\/\/bio-reflexo-therapie.fr\/en\/lymphatic-drainage-training\/","url":"https:\/\/bio-reflexo-therapie.fr\/en\/lymphatic-drainage-training\/","name":"manual lymphatic drainage training paris","isPartOf":{"@id":"https:\/\/bio-reflexo-therapie.fr\/en\/#website"},"primaryImageOfPage":{"@id":"https:\/\/bio-reflexo-therapie.fr\/en\/lymphatic-drainage-training\/#primaryimage"},"image":{"@id":"https:\/\/bio-reflexo-therapie.fr\/en\/lymphatic-drainage-training\/#primaryimage"},"thumbnailUrl":"https:\/\/bio-reflexo-therapie.fr\/wp-content\/uploads\/2018\/02\/drainage-corps.jpg","datePublished":"2023-02-20T09:17:13+00:00","dateModified":"2025-06-29T12:21:29+00:00","description":"training in manual lymphatic drainage Paris. This course integrates a global method enriched with complementary knowledge.","breadcrumb":{"@id":"https:\/\/bio-reflexo-therapie.fr\/en\/lymphatic-drainage-training\/#breadcrumb"},"inLanguage":"en-US","potentialAction":[{"@type":"ReadAction","target":["https:\/\/bio-reflexo-therapie.fr\/en\/lymphatic-drainage-training\/"]}]},{"@type":"ImageObject","inLanguage":"en-US","@id":"https:\/\/bio-reflexo-therapie.fr\/en\/lymphatic-drainage-training\/#primaryimage","url":"https:\/\/bio-reflexo-therapie.fr\/wp-content\/uploads\/2018\/02\/drainage-corps.jpg","contentUrl":"https:\/\/bio-reflexo-therapie.fr\/wp-content\/uploads\/2018\/02\/drainage-corps.jpg","width":450,"height":300,"caption":"drainage lymphatique manuel par Nadine Librach"},{"@type":"BreadcrumbList","@id":"https:\/\/bio-reflexo-therapie.fr\/en\/lymphatic-drainage-training\/#breadcrumb","itemListElement":[{"@type":"ListItem","position":1,"name":"Accueil","item":"https:\/\/bio-reflexo-therapie.fr\/en\/?page_id=10454"},{"@type":"ListItem","position":2,"name":"Lymphatic drainage training"}]},{"@type":"WebSite","@id":"https:\/\/bio-reflexo-therapie.fr\/en\/#website","url":"https:\/\/bio-reflexo-therapie.fr\/en\/","name":"Bio R\u00e9fl\u00e9xo Th\u00e9rapie","description":"Nadine Librach Drainage lymphatique manuel et th\u00e9rapie alternative","publisher":{"@id":"https:\/\/bio-reflexo-therapie.fr\/en\/#organization"},"potentialAction":[{"@type":"SearchAction","target":{"@type":"EntryPoint","urlTemplate":"https:\/\/bio-reflexo-therapie.fr\/en\/?s={search_term_string}"},"query-input":{"@type":"PropertyValueSpecification","valueRequired":true,"valueName":"search_term_string"}}],"inLanguage":"en-US"},{"@type":"Organization","@id":"https:\/\/bio-reflexo-therapie.fr\/en\/#organization","name":"Cabinet de Soins Psycho-corporels Nadine LIBRACH","url":"https:\/\/bio-reflexo-therapie.fr\/en\/","logo":{"@type":"ImageObject","inLanguage":"en-US","@id":"https:\/\/bio-reflexo-therapie.fr\/en\/#\/schema\/logo\/image\/","url":"https:\/\/bio-reflexo-therapie.fr\/wp-content\/uploads\/2021\/07\/logo-nlibrach-PT-couleur.jpg","contentUrl":"https:\/\/bio-reflexo-therapie.fr\/wp-content\/uploads\/2021\/07\/logo-nlibrach-PT-couleur.jpg","width":1362,"height":1361,"caption":"Cabinet de Soins Psycho-corporels Nadine LIBRACH"},"image":{"@id":"https:\/\/bio-reflexo-therapie.fr\/en\/#\/schema\/logo\/image\/"},"sameAs":["https:\/\/www.instagram.com\/nlmethode\/?hl=fr"]}]}},"_links":{"self":[{"href":"https:\/\/bio-reflexo-therapie.fr\/en\/wp-json\/wp\/v2\/pages\/10384","targetHints":{"allow":["GET"]}}],"collection":[{"href":"https:\/\/bio-reflexo-therapie.fr\/en\/wp-json\/wp\/v2\/pages"}],"about":[{"href":"https:\/\/bio-reflexo-therapie.fr\/en\/wp-json\/wp\/v2\/types\/page"}],"author":[{"embeddable":true,"href":"https:\/\/bio-reflexo-therapie.fr\/en\/wp-json\/wp\/v2\/users\/2"}],"replies":[{"embeddable":true,"href":"https:\/\/bio-reflexo-therapie.fr\/en\/wp-json\/wp\/v2\/comments?post=10384"}],"version-history":[{"count":2,"href":"https:\/\/bio-reflexo-therapie.fr\/en\/wp-json\/wp\/v2\/pages\/10384\/revisions"}],"predecessor-version":[{"id":10386,"href":"https:\/\/bio-reflexo-therapie.fr\/en\/wp-json\/wp\/v2\/pages\/10384\/revisions\/10386"}],"wp:featuredmedia":[{"embeddable":true,"href":"https:\/\/bio-reflexo-therapie.fr\/en\/wp-json\/wp\/v2\/media\/10175"}],"wp:attachment":[{"href":"https:\/\/bio-reflexo-therapie.fr\/en\/wp-json\/wp\/v2\/media?parent=10384"}],"curies":[{"name":"wp","href":"https:\/\/api.w.org\/{rel}","templated":true}]}}