{"id":10381,"date":"2021-01-15T22:02:10","date_gmt":"2021-01-15T21:02:10","guid":{"rendered":"https:\/\/bio-reflexo-therapie.fr\/registration-formalities\/"},"modified":"2025-06-29T14:21:29","modified_gmt":"2025-06-29T12:21:29","slug":"registration-formalities","status":"publish","type":"page","link":"https:\/\/bio-reflexo-therapie.fr\/en\/registration-formalities\/","title":{"rendered":"Registration formalities"},"content":{"rendered":"\n[et_pb_section fb_built=&#8221;1&#8243; _builder_version=&#8221;4.20.0&#8243; background_color=&#8221;#171728&#8243; min_height=&#8221;369px&#8221; custom_margin=&#8221;||0px|||&#8221; custom_padding=&#8221;||13px|||&#8221; collapsed=&#8221;off&#8221; global_colors_info=&#8221;{}&#8221;][et_pb_row _builder_version=&#8221;4.20.0&#8243; background_color=&#8221;#171728&#8243; width=&#8221;100%&#8221; max_width=&#8221;1040px&#8221; module_alignment=&#8221;center&#8221; min_height=&#8221;586.7px&#8221; custom_margin=&#8221;|auto|-11px|auto|false|false&#8221; custom_padding=&#8221;30px||101px||false|false&#8221; global_colors_info=&#8221;{}&#8221; background__hover_enabled=&#8221;off|hover&#8221;][et_pb_column type=&#8221;4_4&#8243; _builder_version=&#8221;4.16&#8243; global_colors_info=&#8221;{}&#8221;][et_pb_text _builder_version=&#8221;4.20.0&#8243; text_text_color=&#8221;rgba(255,218,185,0.59)&#8221; text_font_size=&#8221;30px&#8221; text_orientation=&#8221;center&#8221; min_height=&#8221;609.6px&#8221; custom_margin=&#8221;-3px||40px||false|&#8221; custom_padding=&#8221;||5px|||&#8221; global_colors_info=&#8221;{}&#8221;]<h3 style=\"text-align: left;\"><\/h3>\n<p>&nbsp;<\/p>\n<h3 style=\"text-align: center;\"><img decoding=\"async\" src=\"https:\/\/bio-reflexo-therapie.fr\/wp-content\/uploads\/2023\/03\/logo-nlibrach-PT-blanc-300x300.png\" width=\"121\" height=\"121\" alt=\"\" class=\"wp-image-8303 alignnone size-medium\" srcset=\"https:\/\/bio-reflexo-therapie.fr\/wp-content\/uploads\/2023\/03\/logo-nlibrach-PT-blanc-300x300.png 300w, https:\/\/bio-reflexo-therapie.fr\/wp-content\/uploads\/2023\/03\/logo-nlibrach-PT-blanc-1024x1024.png 1024w, https:\/\/bio-reflexo-therapie.fr\/wp-content\/uploads\/2023\/03\/logo-nlibrach-PT-blanc-138x138.png 138w, https:\/\/bio-reflexo-therapie.fr\/wp-content\/uploads\/2023\/03\/logo-nlibrach-PT-blanc-768x767.png 768w, https:\/\/bio-reflexo-therapie.fr\/wp-content\/uploads\/2023\/03\/logo-nlibrach-PT-blanc-1080x1079.png 1080w, https:\/\/bio-reflexo-therapie.fr\/wp-content\/uploads\/2023\/03\/logo-nlibrach-PT-blanc-1280x1279.png 1280w, https:\/\/bio-reflexo-therapie.fr\/wp-content\/uploads\/2023\/03\/logo-nlibrach-PT-blanc-980x979.png 980w, https:\/\/bio-reflexo-therapie.fr\/wp-content\/uploads\/2023\/03\/logo-nlibrach-PT-blanc-480x480.png 480w, https:\/\/bio-reflexo-therapie.fr\/wp-content\/uploads\/2023\/03\/logo-nlibrach-PT-blanc.png 1362w\" sizes=\"(max-width: 121px) 100vw, 121px\" \/><\/h3>\n<h3 style=\"text-align: left;\"><\/h3>\n<h2 style=\"text-align: center;\"> <span style=\"color: #ffffff;\">  Training program\/ General terms and conditions\/ Information sheet<\/span><\/h2>\n<p>&nbsp;<\/p>\n<h4><span style=\"color: #ffcc99; font-size: medium;\"><span style=\"caret-color: #ffcc99;\">Training becomes effective once you have completed :<\/span><\/span><\/h4>\n<h4><span style=\"color: #ffcc99; font-size: medium;\"><span style=\"caret-color: #ffcc99;\">  the registration form sent by e-mail  <\/span><\/span><\/h4>\n<p><span style=\"color: #ffcc99; font-size: medium;\"><span style=\"caret-color: #ffcc99;\"><\/span><\/span><\/p>\n<h4><span style=\"color: #ffcc99; font-size: medium;\"><span style=\"caret-color: #ffcc99;\">Signed General Terms and Conditions<\/span><\/span><\/h4>\n<h4><span style=\"color: #ffcc99; font-size: medium;\"><span style=\"caret-color: #ffcc99;\">Ethics charter signed<\/span><\/span><\/h4>\n<p><span style=\"color: #ffcc99; font-size: medium;\"><span style=\"caret-color: #ffcc99;\"><\/span><\/span><\/p>\n<h4><span style=\"font-size: medium;\"><span style=\"color: #ffcc99; font-size: medium;\"><span style=\"caret-color: #ffcc99;\">The information sheet<\/span><\/span><\/span><\/h4>\n<h4><span style=\"color: #ffcc99; font-size: medium;\"><span style=\"caret-color: #ffcc99;\">To be sent to Ms Librach Nadine<\/span><\/span><\/h4>\n<h4 style=\"text-align: center;\"><span style=\"color: #ffcc99; font-size: medium;\"><span style=\"caret-color: #ffcc99;\">ln.pro@free.fr<\/span><\/span><\/h4>[\/et_pb_text][et_pb_button button_url=&#8221;https:\/\/bio-reflexo-therapie.fr\/wp-content\/uploads\/2023\/07\/condition-dinscription-formation-drainage-lymphatique-mauel-Nadine-Librach.pdf&#8221; button_text=&#8221;  conditions d&#8217;inscription\/pr\u00e9-requis\/tarif\/ Certification&#8221; button_alignment=&#8221;center&#8221; disabled_on=&#8221;off|off|off&#8221; _builder_version=&#8221;4.21.0&#8243; _module_preset=&#8221;default&#8221; custom_button=&#8221;on&#8221; button_text_size=&#8221;16px&#8221; button_text_color=&#8221;#000000&#8243; button_bg_color=&#8221;#FFFFFF&#8221; button_border_color=&#8221;#000000&#8243; button_font=&#8221;|700|||||||&#8221; button_icon=&#8221;I||divi||400&#8243; button_icon_color=&#8221;#000000&#8243; button_on_hover=&#8221;off&#8221; button_rel=&#8221;off|on|off|off|off&#8221; transform_scale_linked=&#8221;off&#8221; custom_margin=&#8221;16px|10px|16px|10px|true|true&#8221; custom_padding=&#8221;10px|40px|10px|30px|true|false&#8221; hover_enabled=&#8221;0&#8243; animation_delay_tablet=&#8221;&#8221; animation_delay_phone=&#8221;&#8221; animation_delay_last_edited=&#8221;on|tablet&#8221; global_colors_info=&#8221;{}&#8221; button_text__hover_enabled=&#8221;off|desktop&#8221; sticky_enabled=&#8221;0&#8243;][\/et_pb_button][et_pb_button button_url=&#8221;https:\/\/bio-reflexo-therapie.fr\/wp-content\/uploads\/2023\/03\/Fiche-de-renseignement-maj-2023.pdf&#8221; url_new_window=&#8221;on&#8221; button_text=&#8221;Fiche de renseignements&#8221; button_alignment=&#8221;center&#8221; _builder_version=&#8221;4.20.2&#8243; custom_button=&#8221;on&#8221; button_text_size=&#8221;16px&#8221; button_text_color=&#8221;#000000&#8243; button_bg_color=&#8221;#FFFFFF&#8221; button_border_color=&#8221;#000000&#8243; button_icon=&#8221;I||divi||400&#8243; button_icon_color=&#8221;#000000&#8243; button_on_hover=&#8221;off&#8221; custom_margin=&#8221;4px||19px||false|false&#8221; custom_padding=&#8221;10px|40px|10px|30px|true|false&#8221; animation_delay_tablet=&#8221;&#8221; animation_delay_phone=&#8221;&#8221; animation_delay_last_edited=&#8221;on|tablet&#8221; global_colors_info=&#8221;{}&#8221;][\/et_pb_button][et_pb_button button_url=&#8221;https:\/\/bio-reflexo-therapie.fr\/ok-cgv-juillet-22-nadine-librach-v9\/&#8221; url_new_window=&#8221;on&#8221; button_text=&#8221;Les CGV de la formation \u00e0 lire et imprimer avant inscription&#8221; button_alignment=&#8221;center&#8221; _builder_version=&#8221;4.20.2&#8243; custom_button=&#8221;on&#8221; button_text_size=&#8221;16px&#8221; button_text_color=&#8221;#000000&#8243; button_bg_color=&#8221;#FFFFFF&#8221; button_border_color=&#8221;#000000&#8243; button_icon=&#8221;I||divi||400&#8243; button_icon_color=&#8221;#000000&#8243; button_on_hover=&#8221;off&#8221; custom_margin=&#8221;4px||19px||false|false&#8221; custom_padding=&#8221;10px|40px|10px|30px|true|false&#8221; animation_delay_tablet=&#8221;&#8221; animation_delay_phone=&#8221;&#8221; animation_delay_last_edited=&#8221;on|tablet&#8221; global_colors_info=&#8221;{}&#8221;][\/et_pb_button][et_pb_button button_url=&#8221;https:\/\/bio-reflexo-therapie.fr\/wp-content\/uploads\/2023\/03\/oraganisation-et-planning-en-detail-formation-2023.pdf&#8221; button_text=&#8221;Organisation et planning de la formation&#8221; button_alignment=&#8221;center&#8221; _builder_version=&#8221;4.20.2&#8243; _module_preset=&#8221;default&#8221; custom_button=&#8221;on&#8221; button_text_size=&#8221;16px&#8221; button_text_color=&#8221;#000000&#8243; button_bg_color=&#8221;#F3EEED&#8221; button_icon=&#8221;I||divi||400&#8243; button_icon_color=&#8221;#000000&#8243; button_on_hover=&#8221;off&#8221; global_colors_info=&#8221;{}&#8221;][\/et_pb_button][\/et_pb_column][\/et_pb_row][\/et_pb_section][et_pb_section fb_built=&#8221;1&#8243; specialty=&#8221;on&#8221; _builder_version=&#8221;4.20.0&#8243; _module_preset=&#8221;default&#8221; background_enable_color=&#8221;off&#8221; global_colors_info=&#8221;{}&#8221;][et_pb_column type=&#8221;1_2&#8243; specialty_columns=&#8221;2&#8243; _builder_version=&#8221;4.16&#8243; custom_padding=&#8221;|||&#8221; global_colors_info=&#8221;{}&#8221; custom_padding__hover=&#8221;|||&#8221;][et_pb_row_inner column_structure=&#8221;1_2,1_2&#8243; _builder_version=&#8221;4.20.0&#8243; _module_preset=&#8221;default&#8221; global_colors_info=&#8221;{}&#8221;][et_pb_column_inner type=&#8221;1_2&#8243; saved_specialty_column_type=&#8221;1_2&#8243; _builder_version=&#8221;4.20.0&#8243; _module_preset=&#8221;default&#8221; global_colors_info=&#8221;{}&#8221;][et_pb_text _builder_version=&#8221;4.20.0&#8243; _module_preset=&#8221;default&#8221; global_colors_info=&#8221;{}&#8221;]<h4><span style=\"color: #808080;\"><b>Popular treatments<\/b><\/span><\/h4>\n<p><b><\/b><\/p>\n<p><span style=\"color: #b8a596;\"><a href=\"https:\/\/bio-reflexo-therapie.fr\/drainage-lymphatique-manuel-corps-et-visage-paris\/\" style=\"color: #b8a596;\"><b><span style=\"font-weight: 400;\">Manual lymph drainage<\/span><\/b><\/a><\/span><\/p>\n<p><span style=\"color: #b8a596;\"><b><a href=\"https:\/\/bio-reflexo-therapie.fr\/temoignage-sur-le-drainage-lymphatique-manuel\/\" style=\"color: #b8a596;\"><span style=\"font-weight: 400;\">Testimonials on manual lymphatic drainage<\/span><\/a><\/b><\/span><\/p>\n<p><span style=\"color: #b8a596;\"><b><a href=\"https:\/\/bio-reflexo-therapie.fr\/les-soins-proposes-par-nadine-librach\/\" style=\"color: #b8a596;\"><span style=\"font-weight: 400;\">Lymphatic drainage rates<\/span><\/a><\/b><\/span><\/p>\n<p><span style=\"color: #b8a596;\"><a href=\"https:\/\/bio-reflexo-therapie.fr\/offrir-un-soin-bien-etre-par-professionnelle\/?et_fb=1&#038;PageSpeed=off\" style=\"color: #b8a596;\">Offer a treatment<\/a><\/span><\/p>[\/et_pb_text][\/et_pb_column_inner][et_pb_column_inner type=&#8221;1_2&#8243; saved_specialty_column_type=&#8221;1_2&#8243; _builder_version=&#8221;4.20.0&#8243; _module_preset=&#8221;default&#8221; global_colors_info=&#8221;{}&#8221;][et_pb_text _builder_version=&#8221;4.20.2&#8243; _module_preset=&#8221;default&#8221; global_colors_info=&#8221;{}&#8221;]<h4><span style=\"color: #808080;\"><b>Lymphatic drainage training<\/b><\/span><\/h4>\n<p><span style=\"color: #b8a596;\"><a style=\"color: #b8a596;\" href=\"https:\/\/bio-reflexo-therapie.fr\/formation-drainage-lymphatique\/formation-au-drainage-lymphatique-manuel\/\"><span style=\"font-weight: 400;\">Certified training in manual lymphatic drainage<\/span><\/a><\/span><\/p>\n<p><span style=\"color: #b8a596;\"><a style=\"color: #b8a596;\" href=\"https:\/\/www.google.fr\/search?tbs=lf:1,lf_ui:2&amp;tbm=lcl&amp;q=drainage+lymphatique+manuel&amp;rflfq=1&amp;num=10&amp;sa=X&amp;ved=2ahUKEwijvcDx1LD9AhV1Y6QEHcXhC_kQjGp6BAhXEAI&amp;biw=1440&amp;bih=740&amp;dpr=2#rlfi=hd:;si:6983399841679813499,l,ChtkcmFpbmFnZSBseW1waGF0aXF1ZSBtYW51ZWwZgj6qGeUq8WJIjPvl7eWAgIAIWisQABABEAIYABgBIhtkcmFpbmFnZSBseW1waGF0aXF1ZSBtYW51ZWwyAmZykgEObHltcGhfZHJhaW5hZ2WaASNDaFpEU1VoTk1HOW5TMFZKUTBGblNVTmxiblYyU1dabkVBRaoBRBABGh8QASIbWcSy2I1aNeUklPK759ZRPWq7SZBA4KMrcM4BKh8iG2RyYWluYWdlIGx5bXBoYXRpcXVlIG1hbnVlbCgE;mv:%5B%5B48.8957549,2.6130782%5D,%5B48.666646,2.2105733000000005%5D%5D\"><span style=\"font-weight: 400;\">Training testimonials<\/span><\/a><\/span><\/p>\n<p><span style=\"color: #b8a596;\"><a style=\"color: #b8a596;\" href=\"https:\/\/bio-reflexo-therapie.fr\/en\/?page_id=10381\"><span style=\"font-weight: 400;\">Registration formalities<\/span><\/a><\/span><\/p>\n<p><span style=\"color: #b8a596;\"><a style=\"color: #b8a596;\" href=\"https:\/\/bio-reflexo-therapie.fr\/formation-drainage-lymphatique\/financement-formation-nadine-lib\/\" data-wplink-edit=\"true\">Training financing<\/a><\/span><\/p>[\/et_pb_text][\/et_pb_column_inner][\/et_pb_row_inner][\/et_pb_column][et_pb_column type=&#8221;1_4&#8243; _builder_version=&#8221;4.16&#8243; custom_padding=&#8221;|||&#8221; global_colors_info=&#8221;{}&#8221; custom_padding__hover=&#8221;|||&#8221;][et_pb_text _builder_version=&#8221;4.20.0&#8243; _module_preset=&#8221;default&#8221; global_colors_info=&#8221;{}&#8221;]<h4><span style=\"color: #808080;\"><b>About Nadine Librach<\/b><\/span><\/h4>\n<p><span style=\"color: #b8a596;\"><b><\/b><\/span><\/p>\n<p><span style=\"color: #b8a596;\"><a href=\"https:\/\/bio-reflexo-therapie.fr\/la-methode-de-drainage-manuel-de-mme-librach-nadine\/\" style=\"color: #b8a596;\"><span style=\"font-weight: 400;\">The Nadine Librach method  <\/span><\/a><\/span><\/p>\n<p><span style=\"color: #b8a596;\"><a href=\"https:\/\/bio-reflexo-therapie.fr\/parcours-de-nadine-librach\/\" style=\"color: #b8a596;\"><span style=\"font-weight: 400;\">My journey<\/span><\/a><\/span><\/p>\n<p><span style=\"color: #b7a496;\"><a href=\"https:\/\/bio-reflexo-therapie.fr\/wp-content\/uploads\/2023\/03\/Charte-2023.pdf\" style=\"color: #b7a496;\">Ethics charter<\/a><\/span><\/p>\n<p><span style=\"color: #b8a596;\"><a href=\"https:\/\/bio-reflexo-therapie.fr\/parcours-de-nadine-librach\/\" style=\"color: #b8a596;\"><span style=\"font-weight: 400;\"><\/span><\/a><a href=\"https:\/\/bio-reflexo-therapie.fr\/cabinet-nadine-librach-paris-7\/\" style=\"color: #b8a596;\">Contact<\/a><\/span><\/p>[\/et_pb_text][\/et_pb_column][et_pb_column type=&#8221;1_4&#8243; _builder_version=&#8221;4.16&#8243; custom_padding=&#8221;|||&#8221; global_colors_info=&#8221;{}&#8221; custom_padding__hover=&#8221;|||&#8221;][et_pb_text _builder_version=&#8221;4.20.0&#8243; _module_preset=&#8221;default&#8221; global_colors_info=&#8221;{}&#8221;]<h4><span style=\"color: #808080;\"><b>About the site<\/b><\/span><\/h4>\n<p>&nbsp;<\/p>\n<p><span style=\"color: #b8a596;\"><a style=\"color: #b8a596;\" href=\"https:\/\/bio-reflexo-therapie.fr\/non-categorise\/propriete-intellectuelle-site\/\">Intellectual Property<\/a><\/span><\/p>\n<p><span style=\"color: #b8a596;\"><a style=\"color: #b8a596;\" href=\"https:\/\/bio-reflexo-therapie.fr\/liens\/page-de-liens-sites-partenaires\/\">Partner sites<\/a><\/span><\/p>\n<p><span style=\"color: #b8a596;\"><a style=\"color: #b8a596;\" href=\"https:\/\/www.mieuxvivresante.fr\/Forme\/Beaute_Soinsducorps\/2574-Tout-savoir-sur-le-drainage-lymphatique\">La Presse speaks<\/a><\/span><\/p>\n<p>&nbsp;<\/p>[\/et_pb_text][\/et_pb_column][\/et_pb_section]\n","protected":false},"excerpt":{"rendered":"<p>I am committed to sharing my know-how and knowledge to enable future practitioners to practice with respect for both the individual and the technique. This teaching is the culmination of 25 years of practice, and is based on a holistic approach to the individual. This approach has been recognized and registered under the name : Drainage lymphatique manuel \u00e0 vis\u00e9e de bien \u00eatre technique Nadine Librach.  <\/p>\n","protected":false},"author":2,"featured_media":10200,"parent":0,"menu_order":0,"comment_status":"closed","ping_status":"closed","template":"","meta":{"footnotes":""},"class_list":["post-10381","page","type-page","status-publish","has-post-thumbnail","hentry"],"yoast_head":"<!-- This site is optimized with the Yoast SEO Premium plugin v27.0 (Yoast SEO v27.5) - https:\/\/yoast.com\/product\/yoast-seo-premium-wordpress\/ -->\n<title>paris lymphatic drainage training and professional certification<\/title>\n<meta name=\"description\" content=\"manual lymphatic drainage training see her program.25 years of experience.\" \/>\n<meta name=\"robots\" content=\"index, follow, max-snippet:-1, max-image-preview:large, max-video-preview:-1\" \/>\n<link rel=\"canonical\" href=\"https:\/\/bio-reflexo-therapie.fr\/en\/registration-formalities\/\" \/>\n<meta property=\"og:locale\" content=\"en_US\" \/>\n<meta property=\"og:type\" content=\"article\" \/>\n<meta property=\"og:title\" content=\"Nadine Librach expertise professionnelle Drainage lymphatique manuel et Autres soins corporels\" \/>\n<meta property=\"og:description\" content=\"Nadine Librach 30 ans d&#039;expertise professionnelle et enseignante en drainage lymphatique manuel m\u00e9thode Vodder , sp\u00e9cialis\u00e9e en th\u00e9rapie \u00e9nerg\u00e9tique globale et holistique\" \/>\n<meta property=\"og:url\" content=\"https:\/\/bio-reflexo-therapie.fr\/en\/registration-formalities\/\" \/>\n<meta property=\"og:site_name\" content=\"Bio R\u00e9fl\u00e9xo Th\u00e9rapie\" \/>\n<meta property=\"article:modified_time\" content=\"2025-06-29T12:21:29+00:00\" \/>\n<meta property=\"og:image\" content=\"https:\/\/bio-reflexo-therapie.fr\/wp-content\/uploads\/2019\/12\/toa-heftiba-a9pFSC8dTlo-unsplash-scaled-e1574772395418.jpg\" \/>\n\t<meta property=\"og:image:width\" content=\"1708\" \/>\n\t<meta property=\"og:image:height\" content=\"1273\" \/>\n\t<meta property=\"og:image:type\" content=\"image\/jpeg\" \/>\n<meta name=\"twitter:card\" content=\"summary_large_image\" \/>\n<meta name=\"twitter:label1\" content=\"Est. reading time\" \/>\n\t<meta name=\"twitter:data1\" content=\"4 minutes\" \/>\n<script type=\"application\/ld+json\" class=\"yoast-schema-graph\">{\"@context\":\"https:\\\/\\\/schema.org\",\"@graph\":[{\"@type\":\"WebPage\",\"@id\":\"https:\\\/\\\/bio-reflexo-therapie.fr\\\/en\\\/registration-formalities\\\/\",\"url\":\"https:\\\/\\\/bio-reflexo-therapie.fr\\\/en\\\/registration-formalities\\\/\",\"name\":\"paris lymphatic drainage training and professional certification\",\"isPartOf\":{\"@id\":\"https:\\\/\\\/bio-reflexo-therapie.fr\\\/en\\\/#website\"},\"primaryImageOfPage\":{\"@id\":\"https:\\\/\\\/bio-reflexo-therapie.fr\\\/en\\\/registration-formalities\\\/#primaryimage\"},\"image\":{\"@id\":\"https:\\\/\\\/bio-reflexo-therapie.fr\\\/en\\\/registration-formalities\\\/#primaryimage\"},\"thumbnailUrl\":\"https:\\\/\\\/bio-reflexo-therapie.fr\\\/wp-content\\\/uploads\\\/2019\\\/12\\\/toa-heftiba-a9pFSC8dTlo-unsplash-scaled-e1574772395418.jpg\",\"datePublished\":\"2021-01-15T21:02:10+00:00\",\"dateModified\":\"2025-06-29T12:21:29+00:00\",\"description\":\"manual lymphatic drainage training see her program.25 years of experience.\",\"breadcrumb\":{\"@id\":\"https:\\\/\\\/bio-reflexo-therapie.fr\\\/en\\\/registration-formalities\\\/#breadcrumb\"},\"inLanguage\":\"en-US\",\"potentialAction\":[{\"@type\":\"ReadAction\",\"target\":[\"https:\\\/\\\/bio-reflexo-therapie.fr\\\/en\\\/registration-formalities\\\/\"]}]},{\"@type\":\"ImageObject\",\"inLanguage\":\"en-US\",\"@id\":\"https:\\\/\\\/bio-reflexo-therapie.fr\\\/en\\\/registration-formalities\\\/#primaryimage\",\"url\":\"https:\\\/\\\/bio-reflexo-therapie.fr\\\/wp-content\\\/uploads\\\/2019\\\/12\\\/toa-heftiba-a9pFSC8dTlo-unsplash-scaled-e1574772395418.jpg\",\"contentUrl\":\"https:\\\/\\\/bio-reflexo-therapie.fr\\\/wp-content\\\/uploads\\\/2019\\\/12\\\/toa-heftiba-a9pFSC8dTlo-unsplash-scaled-e1574772395418.jpg\",\"width\":1708,\"height\":1273,\"caption\":\"Massage drainage lymphatique Vodder - drainage lymphatique NL\"},{\"@type\":\"BreadcrumbList\",\"@id\":\"https:\\\/\\\/bio-reflexo-therapie.fr\\\/en\\\/registration-formalities\\\/#breadcrumb\",\"itemListElement\":[{\"@type\":\"ListItem\",\"position\":1,\"name\":\"Accueil\",\"item\":\"https:\\\/\\\/bio-reflexo-therapie.fr\\\/en\\\/?page_id=10454\"},{\"@type\":\"ListItem\",\"position\":2,\"name\":\"Registration formalities\"}]},{\"@type\":\"WebSite\",\"@id\":\"https:\\\/\\\/bio-reflexo-therapie.fr\\\/en\\\/#website\",\"url\":\"https:\\\/\\\/bio-reflexo-therapie.fr\\\/en\\\/\",\"name\":\"Bio R\u00e9fl\u00e9xo Th\u00e9rapie\",\"description\":\"Nadine Librach Drainage lymphatique manuel et th\u00e9rapie alternative\",\"publisher\":{\"@id\":\"https:\\\/\\\/bio-reflexo-therapie.fr\\\/en\\\/#organization\"},\"potentialAction\":[{\"@type\":\"SearchAction\",\"target\":{\"@type\":\"EntryPoint\",\"urlTemplate\":\"https:\\\/\\\/bio-reflexo-therapie.fr\\\/en\\\/?s={search_term_string}\"},\"query-input\":{\"@type\":\"PropertyValueSpecification\",\"valueRequired\":true,\"valueName\":\"search_term_string\"}}],\"inLanguage\":\"en-US\"},{\"@type\":\"Organization\",\"@id\":\"https:\\\/\\\/bio-reflexo-therapie.fr\\\/en\\\/#organization\",\"name\":\"Cabinet de Soins Psycho-corporels Nadine LIBRACH\",\"url\":\"https:\\\/\\\/bio-reflexo-therapie.fr\\\/en\\\/\",\"logo\":{\"@type\":\"ImageObject\",\"inLanguage\":\"en-US\",\"@id\":\"https:\\\/\\\/bio-reflexo-therapie.fr\\\/en\\\/#\\\/schema\\\/logo\\\/image\\\/\",\"url\":\"https:\\\/\\\/bio-reflexo-therapie.fr\\\/wp-content\\\/uploads\\\/2021\\\/07\\\/logo-nlibrach-PT-couleur.jpg\",\"contentUrl\":\"https:\\\/\\\/bio-reflexo-therapie.fr\\\/wp-content\\\/uploads\\\/2021\\\/07\\\/logo-nlibrach-PT-couleur.jpg\",\"width\":1362,\"height\":1361,\"caption\":\"Cabinet de Soins Psycho-corporels Nadine LIBRACH\"},\"image\":{\"@id\":\"https:\\\/\\\/bio-reflexo-therapie.fr\\\/en\\\/#\\\/schema\\\/logo\\\/image\\\/\"},\"sameAs\":[\"https:\\\/\\\/www.instagram.com\\\/nlmethode\\\/?hl=fr\"]}]}<\/script>\n<!-- \/ Yoast SEO Premium plugin. -->","yoast_head_json":{"title":"paris lymphatic drainage training and professional certification","description":"manual lymphatic drainage training see her program.25 years of experience.","robots":{"index":"index","follow":"follow","max-snippet":"max-snippet:-1","max-image-preview":"max-image-preview:large","max-video-preview":"max-video-preview:-1"},"canonical":"https:\/\/bio-reflexo-therapie.fr\/en\/registration-formalities\/","og_locale":"en_US","og_type":"article","og_title":"Nadine Librach expertise professionnelle Drainage lymphatique manuel et Autres soins corporels","og_description":"Nadine Librach 30 ans d'expertise professionnelle et enseignante en drainage lymphatique manuel m\u00e9thode Vodder , sp\u00e9cialis\u00e9e en th\u00e9rapie \u00e9nerg\u00e9tique globale et holistique","og_url":"https:\/\/bio-reflexo-therapie.fr\/en\/registration-formalities\/","og_site_name":"Bio R\u00e9fl\u00e9xo Th\u00e9rapie","article_modified_time":"2025-06-29T12:21:29+00:00","og_image":[{"width":1708,"height":1273,"url":"https:\/\/bio-reflexo-therapie.fr\/wp-content\/uploads\/2019\/12\/toa-heftiba-a9pFSC8dTlo-unsplash-scaled-e1574772395418.jpg","type":"image\/jpeg"}],"twitter_card":"summary_large_image","twitter_misc":{"Est. reading time":"4 minutes"},"schema":{"@context":"https:\/\/schema.org","@graph":[{"@type":"WebPage","@id":"https:\/\/bio-reflexo-therapie.fr\/en\/registration-formalities\/","url":"https:\/\/bio-reflexo-therapie.fr\/en\/registration-formalities\/","name":"paris lymphatic drainage training and professional certification","isPartOf":{"@id":"https:\/\/bio-reflexo-therapie.fr\/en\/#website"},"primaryImageOfPage":{"@id":"https:\/\/bio-reflexo-therapie.fr\/en\/registration-formalities\/#primaryimage"},"image":{"@id":"https:\/\/bio-reflexo-therapie.fr\/en\/registration-formalities\/#primaryimage"},"thumbnailUrl":"https:\/\/bio-reflexo-therapie.fr\/wp-content\/uploads\/2019\/12\/toa-heftiba-a9pFSC8dTlo-unsplash-scaled-e1574772395418.jpg","datePublished":"2021-01-15T21:02:10+00:00","dateModified":"2025-06-29T12:21:29+00:00","description":"manual lymphatic drainage training see her program.25 years of experience.","breadcrumb":{"@id":"https:\/\/bio-reflexo-therapie.fr\/en\/registration-formalities\/#breadcrumb"},"inLanguage":"en-US","potentialAction":[{"@type":"ReadAction","target":["https:\/\/bio-reflexo-therapie.fr\/en\/registration-formalities\/"]}]},{"@type":"ImageObject","inLanguage":"en-US","@id":"https:\/\/bio-reflexo-therapie.fr\/en\/registration-formalities\/#primaryimage","url":"https:\/\/bio-reflexo-therapie.fr\/wp-content\/uploads\/2019\/12\/toa-heftiba-a9pFSC8dTlo-unsplash-scaled-e1574772395418.jpg","contentUrl":"https:\/\/bio-reflexo-therapie.fr\/wp-content\/uploads\/2019\/12\/toa-heftiba-a9pFSC8dTlo-unsplash-scaled-e1574772395418.jpg","width":1708,"height":1273,"caption":"Massage drainage lymphatique Vodder - drainage lymphatique NL"},{"@type":"BreadcrumbList","@id":"https:\/\/bio-reflexo-therapie.fr\/en\/registration-formalities\/#breadcrumb","itemListElement":[{"@type":"ListItem","position":1,"name":"Accueil","item":"https:\/\/bio-reflexo-therapie.fr\/en\/?page_id=10454"},{"@type":"ListItem","position":2,"name":"Registration formalities"}]},{"@type":"WebSite","@id":"https:\/\/bio-reflexo-therapie.fr\/en\/#website","url":"https:\/\/bio-reflexo-therapie.fr\/en\/","name":"Bio R\u00e9fl\u00e9xo Th\u00e9rapie","description":"Nadine Librach Drainage lymphatique manuel et th\u00e9rapie alternative","publisher":{"@id":"https:\/\/bio-reflexo-therapie.fr\/en\/#organization"},"potentialAction":[{"@type":"SearchAction","target":{"@type":"EntryPoint","urlTemplate":"https:\/\/bio-reflexo-therapie.fr\/en\/?s={search_term_string}"},"query-input":{"@type":"PropertyValueSpecification","valueRequired":true,"valueName":"search_term_string"}}],"inLanguage":"en-US"},{"@type":"Organization","@id":"https:\/\/bio-reflexo-therapie.fr\/en\/#organization","name":"Cabinet de Soins Psycho-corporels Nadine LIBRACH","url":"https:\/\/bio-reflexo-therapie.fr\/en\/","logo":{"@type":"ImageObject","inLanguage":"en-US","@id":"https:\/\/bio-reflexo-therapie.fr\/en\/#\/schema\/logo\/image\/","url":"https:\/\/bio-reflexo-therapie.fr\/wp-content\/uploads\/2021\/07\/logo-nlibrach-PT-couleur.jpg","contentUrl":"https:\/\/bio-reflexo-therapie.fr\/wp-content\/uploads\/2021\/07\/logo-nlibrach-PT-couleur.jpg","width":1362,"height":1361,"caption":"Cabinet de Soins Psycho-corporels Nadine LIBRACH"},"image":{"@id":"https:\/\/bio-reflexo-therapie.fr\/en\/#\/schema\/logo\/image\/"},"sameAs":["https:\/\/www.instagram.com\/nlmethode\/?hl=fr"]}]}},"_links":{"self":[{"href":"https:\/\/bio-reflexo-therapie.fr\/en\/wp-json\/wp\/v2\/pages\/10381","targetHints":{"allow":["GET"]}}],"collection":[{"href":"https:\/\/bio-reflexo-therapie.fr\/en\/wp-json\/wp\/v2\/pages"}],"about":[{"href":"https:\/\/bio-reflexo-therapie.fr\/en\/wp-json\/wp\/v2\/types\/page"}],"author":[{"embeddable":true,"href":"https:\/\/bio-reflexo-therapie.fr\/en\/wp-json\/wp\/v2\/users\/2"}],"replies":[{"embeddable":true,"href":"https:\/\/bio-reflexo-therapie.fr\/en\/wp-json\/wp\/v2\/comments?post=10381"}],"version-history":[{"count":2,"href":"https:\/\/bio-reflexo-therapie.fr\/en\/wp-json\/wp\/v2\/pages\/10381\/revisions"}],"predecessor-version":[{"id":10383,"href":"https:\/\/bio-reflexo-therapie.fr\/en\/wp-json\/wp\/v2\/pages\/10381\/revisions\/10383"}],"wp:featuredmedia":[{"embeddable":true,"href":"https:\/\/bio-reflexo-therapie.fr\/en\/wp-json\/wp\/v2\/media\/10200"}],"wp:attachment":[{"href":"https:\/\/bio-reflexo-therapie.fr\/en\/wp-json\/wp\/v2\/media?parent=10381"}],"curies":[{"name":"wp","href":"https:\/\/api.w.org\/{rel}","templated":true}]}}