{"id":10357,"date":"2021-07-14T22:52:07","date_gmt":"2021-07-14T20:52:07","guid":{"rendered":"https:\/\/bio-reflexo-therapie.fr\/contact\/"},"modified":"2025-06-29T14:00:08","modified_gmt":"2025-06-29T12:00:08","slug":"contact","status":"publish","type":"page","link":"https:\/\/bio-reflexo-therapie.fr\/en\/contact\/","title":{"rendered":"Contact"},"content":{"rendered":"\t\t<div data-elementor-type=\"wp-page\" data-elementor-id=\"10357\" class=\"elementor elementor-10357 elementor-7324\" data-elementor-post-type=\"page\">\n\t\t\t\t<div class=\"elementor-element elementor-element-a5ba77c e-flex e-con-boxed e-con e-parent\" data-id=\"a5ba77c\" data-element_type=\"container\" data-e-type=\"container\">\n\t\t\t\t\t<div class=\"e-con-inner\">\n\t\t<div class=\"elementor-element elementor-element-b06456d e-con-full e-flex e-con e-child\" data-id=\"b06456d\" data-element_type=\"container\" data-e-type=\"container\">\n\t\t\t\t<div class=\"elementor-element elementor-element-713878c elementor-widget elementor-widget-heading\" data-id=\"713878c\" data-element_type=\"widget\" data-e-type=\"widget\" data-widget_type=\"heading.default\">\n\t\t\t\t<div class=\"elementor-widget-container\">\n\t\t\t\t\t<h3 class=\"elementor-heading-title elementor-size-default\">Contact<\/h3>\t\t\t\t<\/div>\n\t\t\t\t<\/div>\n\t\t\t\t<div class=\"elementor-element elementor-element-4199510 elementor-widget elementor-widget-heading\" data-id=\"4199510\" data-element_type=\"widget\" data-e-type=\"widget\" data-widget_type=\"heading.default\">\n\t\t\t\t<div class=\"elementor-widget-container\">\n\t\t\t\t\t<h1 class=\"elementor-heading-title elementor-size-default\">  A telephone conversation with Ms. Librach allows us to target the request and explain the concept.\n<\/h1>\t\t\t\t<\/div>\n\t\t\t\t<\/div>\n\t\t<div class=\"elementor-element elementor-element-ae8f353 e-con-full e-flex e-con e-child\" data-id=\"ae8f353\" data-element_type=\"container\" data-e-type=\"container\">\n\t\t\t\t<div class=\"elementor-element elementor-element-505c897 elementor-widget-tablet__width-initial elementor-widget-mobile__width-inherit elementor-widget elementor-widget-heading\" data-id=\"505c897\" data-element_type=\"widget\" data-e-type=\"widget\" data-widget_type=\"heading.default\">\n\t\t\t\t<div class=\"elementor-widget-container\">\n\t\t\t\t\t<h3 class=\"elementor-heading-title elementor-size-default\">Phone &amp; Mail<\/h3>\t\t\t\t<\/div>\n\t\t\t\t<\/div>\n\t\t\t\t<div class=\"elementor-element elementor-element-3ad3c38 elementor-icon-list--layout-traditional elementor-list-item-link-full_width elementor-widget elementor-widget-icon-list\" data-id=\"3ad3c38\" data-element_type=\"widget\" data-e-type=\"widget\" data-widget_type=\"icon-list.default\">\n\t\t\t\t<div class=\"elementor-widget-container\">\n\t\t\t\t\t\t\t<ul class=\"elementor-icon-list-items\">\n\t\t\t\t\t\t\t<li class=\"elementor-icon-list-item\">\n\t\t\t\t\t\t\t\t\t\t\t<a href=\"tel:0609386642%20\">\n\n\t\t\t\t\t\t\t\t\t\t\t<span class=\"elementor-icon-list-text\">  Telephone: 06 09 38 66 42  <\/span>\n\t\t\t\t\t\t\t\t\t\t\t<\/a>\n\t\t\t\t\t\t\t\t\t<\/li>\n\t\t\t\t\t\t\t\t<li class=\"elementor-icon-list-item\">\n\t\t\t\t\t\t\t\t\t\t\t<a href=\"mailto:ln.pro@free.fr\">\n\n\t\t\t\t\t\t\t\t\t\t\t<span class=\"elementor-icon-list-text\">Email : ln.pro@free.fr<\/span>\n\t\t\t\t\t\t\t\t\t\t\t<\/a>\n\t\t\t\t\t\t\t\t\t<\/li>\n\t\t\t\t\t\t<\/ul>\n\t\t\t\t\t\t<\/div>\n\t\t\t\t<\/div>\n\t\t\t\t<\/div>\n\t\t<div class=\"elementor-element elementor-element-5468727 e-con-full e-flex e-con e-child\" data-id=\"5468727\" data-element_type=\"container\" data-e-type=\"container\">\n\t\t\t\t<div class=\"elementor-element elementor-element-0fb02ac elementor-widget-tablet__width-initial elementor-widget-mobile__width-inherit elementor-widget elementor-widget-heading\" data-id=\"0fb02ac\" data-element_type=\"widget\" data-e-type=\"widget\" data-widget_type=\"heading.default\">\n\t\t\t\t<div class=\"elementor-widget-container\">\n\t\t\t\t\t<h3 class=\"elementor-heading-title elementor-size-default\">Address<\/h3>\t\t\t\t<\/div>\n\t\t\t\t<\/div>\n\t\t\t\t<div class=\"elementor-element elementor-element-80aac5b elementor-icon-list--layout-traditional elementor-list-item-link-full_width elementor-widget elementor-widget-icon-list\" data-id=\"80aac5b\" data-element_type=\"widget\" data-e-type=\"widget\" data-widget_type=\"icon-list.default\">\n\t\t\t\t<div class=\"elementor-widget-container\">\n\t\t\t\t\t\t\t<ul class=\"elementor-icon-list-items\">\n\t\t\t\t\t\t\t<li class=\"elementor-icon-list-item\">\n\t\t\t\t\t\t\t\t\t\t\t<a href=\"https:\/\/maps.app.goo.gl\/NnyYtbWZ2y6d6LRJ6\">\n\n\t\t\t\t\t\t\t\t\t\t\t<span class=\"elementor-icon-list-text\">Cabinet Soin Corporel Nadine Librach <br>17 Bd Raspail Paris 75007<br> M\u00e9tro rue du bac  <\/span>\n\t\t\t\t\t\t\t\t\t\t\t<\/a>\n\t\t\t\t\t\t\t\t\t<\/li>\n\t\t\t\t\t\t<\/ul>\n\t\t\t\t\t\t<\/div>\n\t\t\t\t<\/div>\n\t\t\t\t<\/div>\n\t\t\t\t<div class=\"elementor-element elementor-element-c5db5a9 elementor-align-justify elementor-hidden-desktop elementor-widget elementor-widget-button\" data-id=\"c5db5a9\" data-element_type=\"widget\" data-e-type=\"widget\" data-widget_type=\"button.default\">\n\t\t\t\t<div class=\"elementor-widget-container\">\n\t\t\t\t\t\t\t\t\t<div class=\"elementor-button-wrapper\">\n\t\t\t\t\t<a class=\"elementor-button elementor-button-link elementor-size-sm\" href=\"https:\/\/bio-reflexo-therapie.fr\/la-methode-de-drainage-manuel-de-mme-librach-nadine\/\">\n\t\t\t\t\t\t<span class=\"elementor-button-content-wrapper\">\n\t\t\t\t\t\t\t\t\t<span class=\"elementor-button-text\">Call the office<\/span>\n\t\t\t\t\t<\/span>\n\t\t\t\t\t<\/a>\n\t\t\t\t<\/div>\n\t\t\t\t\t\t\t\t<\/div>\n\t\t\t\t<\/div>\n\t\t\t\t<\/div>\n\t\t\t\t<div class=\"elementor-element elementor-element-35ecfee elementor-widget__width-initial elementor-widget elementor-widget-google_maps\" data-id=\"35ecfee\" data-element_type=\"widget\" data-e-type=\"widget\" data-widget_type=\"google_maps.default\">\n\t\t\t\t<div class=\"elementor-widget-container\">\n\t\t\t\t\t\t\t<div class=\"elementor-custom-embed\">\n\t\t\t<iframe loading=\"lazy\"\n\t\t\t\t\tsrc=\"https:\/\/maps.google.com\/maps?q=Cabinet%20Soin%20Corporel%20Nadine%20Librach%2017%20Bd%20Raspail%20Paris%2075007%20&#038;t=m&#038;z=13&#038;output=embed&#038;iwloc=near\"\n\t\t\t\t\ttitle=\"Cabinet Soin Corporel Nadine Librach 17 Bd Raspail Paris 75007 \"\n\t\t\t\t\taria-label=\"Cabinet Soin Corporel Nadine Librach 17 Bd Raspail Paris 75007 \"\n\t\t\t><\/iframe>\n\t\t<\/div>\n\t\t\t\t\t\t<\/div>\n\t\t\t\t<\/div>\n\t\t\t\t\t<\/div>\n\t\t\t\t<\/div>\n\t\t<div class=\"elementor-element elementor-element-72e22d5 e-flex e-con-boxed e-con e-parent\" data-id=\"72e22d5\" data-element_type=\"container\" data-e-type=\"container\">\n\t\t\t\t\t<div class=\"e-con-inner\">\n\t\t\t\t<div class=\"elementor-element elementor-element-9fbc460 elementor-arrows-position-inside elementor-pagination-position-outside elementor-widget elementor-widget-image-carousel\" data-id=\"9fbc460\" data-element_type=\"widget\" data-e-type=\"widget\" data-settings=\"{&quot;slides_to_show&quot;:&quot;3&quot;,&quot;image_spacing_custom&quot;:{&quot;unit&quot;:&quot;px&quot;,&quot;size&quot;:26,&quot;sizes&quot;:[]},&quot;navigation&quot;:&quot;both&quot;,&quot;autoplay&quot;:&quot;yes&quot;,&quot;pause_on_hover&quot;:&quot;yes&quot;,&quot;pause_on_interaction&quot;:&quot;yes&quot;,&quot;autoplay_speed&quot;:5000,&quot;infinite&quot;:&quot;yes&quot;,&quot;speed&quot;:500,&quot;image_spacing_custom_tablet&quot;:{&quot;unit&quot;:&quot;px&quot;,&quot;size&quot;:&quot;&quot;,&quot;sizes&quot;:[]},&quot;image_spacing_custom_mobile&quot;:{&quot;unit&quot;:&quot;px&quot;,&quot;size&quot;:&quot;&quot;,&quot;sizes&quot;:[]}}\" data-widget_type=\"image-carousel.default\">\n\t\t\t\t<div class=\"elementor-widget-container\">\n\t\t\t\t\t\t\t<div class=\"elementor-image-carousel-wrapper swiper\" role=\"region\" aria-roledescription=\"carousel\" aria-label=\"Carrousel d\u2019images\" dir=\"ltr\">\n\t\t\t<div class=\"elementor-image-carousel swiper-wrapper swiper-image-stretch\" aria-live=\"off\">\n\t\t\t\t\t\t\t\t<div class=\"swiper-slide\" role=\"group\" aria-roledescription=\"slide\" aria-label=\"1 of 3\"><figure class=\"swiper-slide-inner\"><img decoding=\"async\" class=\"swiper-slide-image\" src=\"https:\/\/bio-reflexo-therapie.fr\/wp-content\/uploads\/elementor\/thumbs\/cabinet-NL-r7ewpkpocfdjefib4aggrvtq6wm2xjf9etfzaaibw8.jpeg\" alt=\"Nadine Librach\" \/><\/figure><\/div><div class=\"swiper-slide\" role=\"group\" aria-roledescription=\"slide\" aria-label=\"2 of 3\"><figure class=\"swiper-slide-inner\"><img decoding=\"async\" class=\"swiper-slide-image\" src=\"https:\/\/bio-reflexo-therapie.fr\/wp-content\/uploads\/elementor\/thumbs\/20230225_165856-scaled-1-r7ewv8onjh4rdta118miaycr3ioqbux0iv0cfc3we0.jpg\" alt=\"20230225_165856-scaled-1.jpg\" \/><\/figure><\/div><div class=\"swiper-slide\" role=\"group\" aria-roledescription=\"slide\" aria-label=\"3 of 3\"><figure class=\"swiper-slide-inner\"><img decoding=\"async\" class=\"swiper-slide-image\" src=\"https:\/\/bio-reflexo-therapie.fr\/wp-content\/uploads\/elementor\/thumbs\/ok-CABINET-NADINE-LIBRACH56EAD7F4-78E1-48D4-B7D2-5E304E3465CE-scaled-1-r7ewq6bypm74tgmwm1svv8dburniukt35sg5bnm9x4.jpg\" alt=\"ok-CABINET-NADINE-LIBRACH.jpg56EAD7F4-78E1-48D4-B7D2-5E304E3465CE-scaled-1.jpg\" \/><\/figure><\/div>\t\t\t<\/div>\n\t\t\t\t\t\t\t\t\t\t\t\t<div class=\"elementor-swiper-button elementor-swiper-button-prev\" role=\"button\" tabindex=\"0\">\n\t\t\t\t\t\t<svg aria-hidden=\"true\" class=\"e-font-icon-svg e-eicon-chevron-left\" viewBox=\"0 0 1000 1000\" xmlns=\"http:\/\/www.w3.org\/2000\/svg\"><path d=\"M646 125C629 125 613 133 604 142L308 442C296 454 292 471 292 487 292 504 296 521 308 533L604 854C617 867 629 875 646 875 663 875 679 871 692 858 704 846 713 829 713 812 713 796 708 779 692 767L438 487 692 225C700 217 708 204 708 187 708 171 704 154 692 142 675 129 663 125 646 125Z\"><\/path><\/svg>\t\t\t\t\t<\/div>\n\t\t\t\t\t<div class=\"elementor-swiper-button elementor-swiper-button-next\" role=\"button\" tabindex=\"0\">\n\t\t\t\t\t\t<svg aria-hidden=\"true\" class=\"e-font-icon-svg e-eicon-chevron-right\" viewBox=\"0 0 1000 1000\" xmlns=\"http:\/\/www.w3.org\/2000\/svg\"><path d=\"M696 533C708 521 713 504 713 487 713 471 708 454 696 446L400 146C388 133 375 125 354 125 338 125 325 129 313 142 300 154 292 171 292 187 292 204 296 221 308 233L563 492 304 771C292 783 288 800 288 817 288 833 296 850 308 863 321 871 338 875 354 875 371 875 388 867 400 854L696 533Z\"><\/path><\/svg>\t\t\t\t\t<\/div>\n\t\t\t\t\n\t\t\t\t\t\t\t\t\t<div class=\"swiper-pagination\"><\/div>\n\t\t\t\t\t\t\t\t\t<\/div>\n\t\t\t\t\t\t<\/div>\n\t\t\t\t<\/div>\n\t\t\t\t\t<\/div>\n\t\t\t\t<\/div>\n\t\t\t\t<\/div>\n\t\t","protected":false},"excerpt":{"rendered":"<p>Contact A telephone conversation with Ms. Librach allows us to target the request and explain the concept. Phone &amp; Mail Telephone: 06 09 38 66 42 Email : ln.pro@free.fr Address Cabinet Soin Corporel Nadine Librach 17 Bd Raspail Paris 75007 M\u00e9tro rue du bac Call the office<\/p>\n","protected":false},"author":2,"featured_media":10221,"parent":0,"menu_order":0,"comment_status":"closed","ping_status":"closed","template":"","meta":{"footnotes":""},"class_list":["post-10357","page","type-page","status-publish","has-post-thumbnail","hentry"],"yoast_head":"<!-- This site is optimized with the Yoast SEO Premium plugin v27.0 (Yoast SEO v27.5) - https:\/\/yoast.com\/product\/yoast-seo-premium-wordpress\/ -->\n<title>Practice address Nadine Librach Paris 7<\/title>\n<meta name=\"description\" content=\"Nadine Librach therapist and teacher, specialized in manual lymphatic drainage and global rebalancing, with a holistic approach.\" \/>\n<meta name=\"robots\" content=\"index, follow, max-snippet:-1, max-image-preview:large, max-video-preview:-1\" \/>\n<link rel=\"canonical\" href=\"https:\/\/bio-reflexo-therapie.fr\/en\/contact\/\" \/>\n<meta property=\"og:locale\" content=\"en_US\" \/>\n<meta property=\"og:type\" content=\"article\" \/>\n<meta property=\"og:title\" content=\"Nadine Librach expertise professionnelle Drainage lymphatique manuel et Autres soins corporels\" \/>\n<meta property=\"og:description\" content=\"Nadine Librach 30 ans d&#039;expertise professionnelle et enseignante en drainage lymphatique manuel m\u00e9thode Vodder , sp\u00e9cialis\u00e9e en th\u00e9rapie \u00e9nerg\u00e9tique globale et holistique\" \/>\n<meta property=\"og:url\" content=\"https:\/\/bio-reflexo-therapie.fr\/en\/contact\/\" \/>\n<meta property=\"og:site_name\" content=\"Bio R\u00e9fl\u00e9xo Th\u00e9rapie\" \/>\n<meta property=\"article:modified_time\" content=\"2025-06-29T12:00:08+00:00\" \/>\n<meta property=\"og:image\" content=\"https:\/\/bio-reflexo-therapie.fr\/wp-content\/uploads\/2021\/07\/logo-nlibrach-PT-couleur.jpg\" \/>\n\t<meta property=\"og:image:width\" content=\"1362\" \/>\n\t<meta property=\"og:image:height\" content=\"1361\" \/>\n\t<meta property=\"og:image:type\" content=\"image\/jpeg\" \/>\n<meta name=\"twitter:card\" content=\"summary_large_image\" \/>\n<script type=\"application\/ld+json\" class=\"yoast-schema-graph\">{\"@context\":\"https:\\\/\\\/schema.org\",\"@graph\":[{\"@type\":\"WebPage\",\"@id\":\"https:\\\/\\\/bio-reflexo-therapie.fr\\\/en\\\/contact\\\/\",\"url\":\"https:\\\/\\\/bio-reflexo-therapie.fr\\\/en\\\/contact\\\/\",\"name\":\"Practice address Nadine Librach Paris 7\",\"isPartOf\":{\"@id\":\"https:\\\/\\\/bio-reflexo-therapie.fr\\\/en\\\/#website\"},\"primaryImageOfPage\":{\"@id\":\"https:\\\/\\\/bio-reflexo-therapie.fr\\\/en\\\/contact\\\/#primaryimage\"},\"image\":{\"@id\":\"https:\\\/\\\/bio-reflexo-therapie.fr\\\/en\\\/contact\\\/#primaryimage\"},\"thumbnailUrl\":\"https:\\\/\\\/bio-reflexo-therapie.fr\\\/wp-content\\\/uploads\\\/2021\\\/07\\\/logo-nlibrach-PT-couleur.jpg\",\"datePublished\":\"2021-07-14T20:52:07+00:00\",\"dateModified\":\"2025-06-29T12:00:08+00:00\",\"description\":\"Nadine Librach therapist and teacher, specialized in manual lymphatic drainage and global rebalancing, with a holistic approach.\",\"breadcrumb\":{\"@id\":\"https:\\\/\\\/bio-reflexo-therapie.fr\\\/en\\\/contact\\\/#breadcrumb\"},\"inLanguage\":\"en-US\",\"potentialAction\":[{\"@type\":\"ReadAction\",\"target\":[\"https:\\\/\\\/bio-reflexo-therapie.fr\\\/en\\\/contact\\\/\"]}]},{\"@type\":\"ImageObject\",\"inLanguage\":\"en-US\",\"@id\":\"https:\\\/\\\/bio-reflexo-therapie.fr\\\/en\\\/contact\\\/#primaryimage\",\"url\":\"https:\\\/\\\/bio-reflexo-therapie.fr\\\/wp-content\\\/uploads\\\/2021\\\/07\\\/logo-nlibrach-PT-couleur.jpg\",\"contentUrl\":\"https:\\\/\\\/bio-reflexo-therapie.fr\\\/wp-content\\\/uploads\\\/2021\\\/07\\\/logo-nlibrach-PT-couleur.jpg\",\"width\":1362,\"height\":1361,\"caption\":\"Logo de l'entreprise de Mme Librach\"},{\"@type\":\"BreadcrumbList\",\"@id\":\"https:\\\/\\\/bio-reflexo-therapie.fr\\\/en\\\/contact\\\/#breadcrumb\",\"itemListElement\":[{\"@type\":\"ListItem\",\"position\":1,\"name\":\"Accueil\",\"item\":\"https:\\\/\\\/bio-reflexo-therapie.fr\\\/en\\\/?page_id=10454\"},{\"@type\":\"ListItem\",\"position\":2,\"name\":\"Contact\"}]},{\"@type\":\"WebSite\",\"@id\":\"https:\\\/\\\/bio-reflexo-therapie.fr\\\/en\\\/#website\",\"url\":\"https:\\\/\\\/bio-reflexo-therapie.fr\\\/en\\\/\",\"name\":\"Bio R\u00e9fl\u00e9xo Th\u00e9rapie\",\"description\":\"Nadine Librach Drainage lymphatique manuel et th\u00e9rapie alternative\",\"publisher\":{\"@id\":\"https:\\\/\\\/bio-reflexo-therapie.fr\\\/en\\\/#organization\"},\"potentialAction\":[{\"@type\":\"SearchAction\",\"target\":{\"@type\":\"EntryPoint\",\"urlTemplate\":\"https:\\\/\\\/bio-reflexo-therapie.fr\\\/en\\\/?s={search_term_string}\"},\"query-input\":{\"@type\":\"PropertyValueSpecification\",\"valueRequired\":true,\"valueName\":\"search_term_string\"}}],\"inLanguage\":\"en-US\"},{\"@type\":\"Organization\",\"@id\":\"https:\\\/\\\/bio-reflexo-therapie.fr\\\/en\\\/#organization\",\"name\":\"Cabinet de Soins Psycho-corporels Nadine LIBRACH\",\"url\":\"https:\\\/\\\/bio-reflexo-therapie.fr\\\/en\\\/\",\"logo\":{\"@type\":\"ImageObject\",\"inLanguage\":\"en-US\",\"@id\":\"https:\\\/\\\/bio-reflexo-therapie.fr\\\/en\\\/#\\\/schema\\\/logo\\\/image\\\/\",\"url\":\"https:\\\/\\\/bio-reflexo-therapie.fr\\\/wp-content\\\/uploads\\\/2021\\\/07\\\/logo-nlibrach-PT-couleur.jpg\",\"contentUrl\":\"https:\\\/\\\/bio-reflexo-therapie.fr\\\/wp-content\\\/uploads\\\/2021\\\/07\\\/logo-nlibrach-PT-couleur.jpg\",\"width\":1362,\"height\":1361,\"caption\":\"Cabinet de Soins Psycho-corporels Nadine LIBRACH\"},\"image\":{\"@id\":\"https:\\\/\\\/bio-reflexo-therapie.fr\\\/en\\\/#\\\/schema\\\/logo\\\/image\\\/\"},\"sameAs\":[\"https:\\\/\\\/www.instagram.com\\\/nlmethode\\\/?hl=fr\"]}]}<\/script>\n<!-- \/ Yoast SEO Premium plugin. -->","yoast_head_json":{"title":"Practice address Nadine Librach Paris 7","description":"Nadine Librach therapist and teacher, specialized in manual lymphatic drainage and global rebalancing, with a holistic approach.","robots":{"index":"index","follow":"follow","max-snippet":"max-snippet:-1","max-image-preview":"max-image-preview:large","max-video-preview":"max-video-preview:-1"},"canonical":"https:\/\/bio-reflexo-therapie.fr\/en\/contact\/","og_locale":"en_US","og_type":"article","og_title":"Nadine Librach expertise professionnelle Drainage lymphatique manuel et Autres soins corporels","og_description":"Nadine Librach 30 ans d'expertise professionnelle et enseignante en drainage lymphatique manuel m\u00e9thode Vodder , sp\u00e9cialis\u00e9e en th\u00e9rapie \u00e9nerg\u00e9tique globale et holistique","og_url":"https:\/\/bio-reflexo-therapie.fr\/en\/contact\/","og_site_name":"Bio R\u00e9fl\u00e9xo Th\u00e9rapie","article_modified_time":"2025-06-29T12:00:08+00:00","og_image":[{"width":1362,"height":1361,"url":"https:\/\/bio-reflexo-therapie.fr\/wp-content\/uploads\/2021\/07\/logo-nlibrach-PT-couleur.jpg","type":"image\/jpeg"}],"twitter_card":"summary_large_image","schema":{"@context":"https:\/\/schema.org","@graph":[{"@type":"WebPage","@id":"https:\/\/bio-reflexo-therapie.fr\/en\/contact\/","url":"https:\/\/bio-reflexo-therapie.fr\/en\/contact\/","name":"Practice address Nadine Librach Paris 7","isPartOf":{"@id":"https:\/\/bio-reflexo-therapie.fr\/en\/#website"},"primaryImageOfPage":{"@id":"https:\/\/bio-reflexo-therapie.fr\/en\/contact\/#primaryimage"},"image":{"@id":"https:\/\/bio-reflexo-therapie.fr\/en\/contact\/#primaryimage"},"thumbnailUrl":"https:\/\/bio-reflexo-therapie.fr\/wp-content\/uploads\/2021\/07\/logo-nlibrach-PT-couleur.jpg","datePublished":"2021-07-14T20:52:07+00:00","dateModified":"2025-06-29T12:00:08+00:00","description":"Nadine Librach therapist and teacher, specialized in manual lymphatic drainage and global rebalancing, with a holistic approach.","breadcrumb":{"@id":"https:\/\/bio-reflexo-therapie.fr\/en\/contact\/#breadcrumb"},"inLanguage":"en-US","potentialAction":[{"@type":"ReadAction","target":["https:\/\/bio-reflexo-therapie.fr\/en\/contact\/"]}]},{"@type":"ImageObject","inLanguage":"en-US","@id":"https:\/\/bio-reflexo-therapie.fr\/en\/contact\/#primaryimage","url":"https:\/\/bio-reflexo-therapie.fr\/wp-content\/uploads\/2021\/07\/logo-nlibrach-PT-couleur.jpg","contentUrl":"https:\/\/bio-reflexo-therapie.fr\/wp-content\/uploads\/2021\/07\/logo-nlibrach-PT-couleur.jpg","width":1362,"height":1361,"caption":"Logo de l'entreprise de Mme Librach"},{"@type":"BreadcrumbList","@id":"https:\/\/bio-reflexo-therapie.fr\/en\/contact\/#breadcrumb","itemListElement":[{"@type":"ListItem","position":1,"name":"Accueil","item":"https:\/\/bio-reflexo-therapie.fr\/en\/?page_id=10454"},{"@type":"ListItem","position":2,"name":"Contact"}]},{"@type":"WebSite","@id":"https:\/\/bio-reflexo-therapie.fr\/en\/#website","url":"https:\/\/bio-reflexo-therapie.fr\/en\/","name":"Bio R\u00e9fl\u00e9xo Th\u00e9rapie","description":"Nadine Librach Drainage lymphatique manuel et th\u00e9rapie alternative","publisher":{"@id":"https:\/\/bio-reflexo-therapie.fr\/en\/#organization"},"potentialAction":[{"@type":"SearchAction","target":{"@type":"EntryPoint","urlTemplate":"https:\/\/bio-reflexo-therapie.fr\/en\/?s={search_term_string}"},"query-input":{"@type":"PropertyValueSpecification","valueRequired":true,"valueName":"search_term_string"}}],"inLanguage":"en-US"},{"@type":"Organization","@id":"https:\/\/bio-reflexo-therapie.fr\/en\/#organization","name":"Cabinet de Soins Psycho-corporels Nadine LIBRACH","url":"https:\/\/bio-reflexo-therapie.fr\/en\/","logo":{"@type":"ImageObject","inLanguage":"en-US","@id":"https:\/\/bio-reflexo-therapie.fr\/en\/#\/schema\/logo\/image\/","url":"https:\/\/bio-reflexo-therapie.fr\/wp-content\/uploads\/2021\/07\/logo-nlibrach-PT-couleur.jpg","contentUrl":"https:\/\/bio-reflexo-therapie.fr\/wp-content\/uploads\/2021\/07\/logo-nlibrach-PT-couleur.jpg","width":1362,"height":1361,"caption":"Cabinet de Soins Psycho-corporels Nadine LIBRACH"},"image":{"@id":"https:\/\/bio-reflexo-therapie.fr\/en\/#\/schema\/logo\/image\/"},"sameAs":["https:\/\/www.instagram.com\/nlmethode\/?hl=fr"]}]}},"_links":{"self":[{"href":"https:\/\/bio-reflexo-therapie.fr\/en\/wp-json\/wp\/v2\/pages\/10357","targetHints":{"allow":["GET"]}}],"collection":[{"href":"https:\/\/bio-reflexo-therapie.fr\/en\/wp-json\/wp\/v2\/pages"}],"about":[{"href":"https:\/\/bio-reflexo-therapie.fr\/en\/wp-json\/wp\/v2\/types\/page"}],"author":[{"embeddable":true,"href":"https:\/\/bio-reflexo-therapie.fr\/en\/wp-json\/wp\/v2\/users\/2"}],"replies":[{"embeddable":true,"href":"https:\/\/bio-reflexo-therapie.fr\/en\/wp-json\/wp\/v2\/comments?post=10357"}],"version-history":[{"count":4,"href":"https:\/\/bio-reflexo-therapie.fr\/en\/wp-json\/wp\/v2\/pages\/10357\/revisions"}],"predecessor-version":[{"id":10375,"href":"https:\/\/bio-reflexo-therapie.fr\/en\/wp-json\/wp\/v2\/pages\/10357\/revisions\/10375"}],"wp:featuredmedia":[{"embeddable":true,"href":"https:\/\/bio-reflexo-therapie.fr\/en\/wp-json\/wp\/v2\/media\/10221"}],"wp:attachment":[{"href":"https:\/\/bio-reflexo-therapie.fr\/en\/wp-json\/wp\/v2\/media?parent=10357"}],"curies":[{"name":"wp","href":"https:\/\/api.w.org\/{rel}","templated":true}]}}