{"id":10318,"date":"2025-06-17T01:58:38","date_gmt":"2025-06-16T23:58:38","guid":{"rendered":"https:\/\/bio-reflexo-therapie.fr\/partner-sites\/"},"modified":"2025-06-29T13:52:18","modified_gmt":"2025-06-29T11:52:18","slug":"partner-sites","status":"publish","type":"page","link":"https:\/\/bio-reflexo-therapie.fr\/en\/partner-sites\/","title":{"rendered":"Partner sites"},"content":{"rendered":"\t\t<div data-elementor-type=\"wp-page\" data-elementor-id=\"10318\" class=\"elementor elementor-10318 elementor-9967\" data-elementor-post-type=\"page\">\n\t\t\t\t<div class=\"elementor-element elementor-element-2849776 e-flex e-con-boxed e-con e-parent\" data-id=\"2849776\" data-element_type=\"container\" data-e-type=\"container\">\n\t\t\t\t\t<div class=\"e-con-inner\">\n\t\t<div class=\"elementor-element elementor-element-d32cd8f e-con-full e-flex e-con e-child\" data-id=\"d32cd8f\" data-element_type=\"container\" data-e-type=\"container\">\n\t\t\t\t<div class=\"elementor-element elementor-element-282e59a elementor-widget elementor-widget-heading\" data-id=\"282e59a\" data-element_type=\"widget\" data-e-type=\"widget\" data-widget_type=\"heading.default\">\n\t\t\t\t<div class=\"elementor-widget-container\">\n\t\t\t\t\t<h1 class=\"elementor-heading-title elementor-size-default\">Some partner sites<\/h1>\t\t\t\t<\/div>\n\t\t\t\t<\/div>\n\t\t\t\t<div class=\"elementor-element elementor-element-42a3977 elementor-icon-list--layout-traditional elementor-list-item-link-full_width elementor-widget elementor-widget-icon-list\" data-id=\"42a3977\" data-element_type=\"widget\" data-e-type=\"widget\" data-widget_type=\"icon-list.default\">\n\t\t\t\t<div class=\"elementor-widget-container\">\n\t\t\t\t\t\t\t<ul class=\"elementor-icon-list-items\">\n\t\t\t\t\t\t\t<li class=\"elementor-icon-list-item\">\n\t\t\t\t\t\t\t\t\t\t\t<span class=\"elementor-icon-list-icon\">\n\t\t\t\t\t\t\t<svg aria-hidden=\"true\" class=\"e-font-icon-svg e-fas-chevron-right\" viewBox=\"0 0 320 512\" xmlns=\"http:\/\/www.w3.org\/2000\/svg\"><path d=\"M285.476 272.971L91.132 467.314c-9.373 9.373-24.569 9.373-33.941 0l-22.667-22.667c-9.357-9.357-9.375-24.522-.04-33.901L188.505 256 34.484 101.255c-9.335-9.379-9.317-24.544.04-33.901l22.667-22.667c9.373-9.373 24.569-9.373 33.941 0L285.475 239.03c9.373 9.372 9.373 24.568.001 33.941z\"><\/path><\/svg>\t\t\t\t\t\t<\/span>\n\t\t\t\t\t\t\t\t\t\t<span class=\"elementor-icon-list-text\">Portal for wellness professionals: http:\/\/www.mieux-etre.org\/<\/span>\n\t\t\t\t\t\t\t\t\t<\/li>\n\t\t\t\t\t\t\t\t<li class=\"elementor-icon-list-item\">\n\t\t\t\t\t\t\t\t\t\t\t<span class=\"elementor-icon-list-icon\">\n\t\t\t\t\t\t\t<svg aria-hidden=\"true\" class=\"e-font-icon-svg e-fas-chevron-right\" viewBox=\"0 0 320 512\" xmlns=\"http:\/\/www.w3.org\/2000\/svg\"><path d=\"M285.476 272.971L91.132 467.314c-9.373 9.373-24.569 9.373-33.941 0l-22.667-22.667c-9.357-9.357-9.375-24.522-.04-33.901L188.505 256 34.484 101.255c-9.335-9.379-9.317-24.544.04-33.901l22.667-22.667c9.373-9.373 24.569-9.373 33.941 0L285.475 239.03c9.373 9.372 9.373 24.568.001 33.941z\"><\/path><\/svg>\t\t\t\t\t\t<\/span>\n\t\t\t\t\t\t\t\t\t\t<span class=\"elementor-icon-list-text\">MY BLOG bioenergy and complementary medicine: http:\/\/soinbioenergie.blogspot.com<\/span>\n\t\t\t\t\t\t\t\t\t<\/li>\n\t\t\t\t\t\t\t\t<li class=\"elementor-icon-list-item\">\n\t\t\t\t\t\t\t\t\t\t\t<span class=\"elementor-icon-list-icon\">\n\t\t\t\t\t\t\t<svg aria-hidden=\"true\" class=\"e-font-icon-svg e-fas-chevron-right\" viewBox=\"0 0 320 512\" xmlns=\"http:\/\/www.w3.org\/2000\/svg\"><path d=\"M285.476 272.971L91.132 467.314c-9.373 9.373-24.569 9.373-33.941 0l-22.667-22.667c-9.357-9.357-9.375-24.522-.04-33.901L188.505 256 34.484 101.255c-9.335-9.379-9.317-24.544.04-33.901l22.667-22.667c9.373-9.373 24.569-9.373 33.941 0L285.475 239.03c9.373 9.372 9.373 24.568.001 33.941z\"><\/path><\/svg>\t\t\t\t\t\t<\/span>\n\t\t\t\t\t\t\t\t\t\t<span class=\"elementor-icon-list-text\">iledefrance.org http:\/\/www.iledefrance.org<\/span>\n\t\t\t\t\t\t\t\t\t<\/li>\n\t\t\t\t\t\t\t\t<li class=\"elementor-icon-list-item\">\n\t\t\t\t\t\t\t\t\t\t\t<span class=\"elementor-icon-list-icon\">\n\t\t\t\t\t\t\t<svg aria-hidden=\"true\" class=\"e-font-icon-svg e-fas-chevron-right\" viewBox=\"0 0 320 512\" xmlns=\"http:\/\/www.w3.org\/2000\/svg\"><path d=\"M285.476 272.971L91.132 467.314c-9.373 9.373-24.569 9.373-33.941 0l-22.667-22.667c-9.357-9.357-9.375-24.522-.04-33.901L188.505 256 34.484 101.255c-9.335-9.379-9.317-24.544.04-33.901l22.667-22.667c9.373-9.373 24.569-9.373 33.941 0L285.475 239.03c9.373 9.372 9.373 24.568.001 33.941z\"><\/path><\/svg>\t\t\t\t\t\t<\/span>\n\t\t\t\t\t\t\t\t\t\t<span class=\"elementor-icon-list-text\">www.etula.com http:\/\/www.etula.com<\/span>\n\t\t\t\t\t\t\t\t\t<\/li>\n\t\t\t\t\t\t\t\t<li class=\"elementor-icon-list-item\">\n\t\t\t\t\t\t\t\t\t\t\t<span class=\"elementor-icon-list-icon\">\n\t\t\t\t\t\t\t<svg aria-hidden=\"true\" class=\"e-font-icon-svg e-fas-chevron-right\" viewBox=\"0 0 320 512\" xmlns=\"http:\/\/www.w3.org\/2000\/svg\"><path d=\"M285.476 272.971L91.132 467.314c-9.373 9.373-24.569 9.373-33.941 0l-22.667-22.667c-9.357-9.357-9.375-24.522-.04-33.901L188.505 256 34.484 101.255c-9.335-9.379-9.317-24.544.04-33.901l22.667-22.667c9.373-9.373 24.569-9.373 33.941 0L285.475 239.03c9.373 9.372 9.373 24.568.001 33.941z\"><\/path><\/svg>\t\t\t\t\t\t<\/span>\n\t\t\t\t\t\t\t\t\t\t<span class=\"elementor-icon-list-text\">dieteticanaturo http:\/\/dieteticanaturo.over-blog.com<\/span>\n\t\t\t\t\t\t\t\t\t<\/li>\n\t\t\t\t\t\t\t\t<li class=\"elementor-icon-list-item\">\n\t\t\t\t\t\t\t\t\t\t\t<span class=\"elementor-icon-list-icon\">\n\t\t\t\t\t\t\t<svg aria-hidden=\"true\" class=\"e-font-icon-svg e-fas-chevron-right\" viewBox=\"0 0 320 512\" xmlns=\"http:\/\/www.w3.org\/2000\/svg\"><path d=\"M285.476 272.971L91.132 467.314c-9.373 9.373-24.569 9.373-33.941 0l-22.667-22.667c-9.357-9.357-9.375-24.522-.04-33.901L188.505 256 34.484 101.255c-9.335-9.379-9.317-24.544.04-33.901l22.667-22.667c9.373-9.373 24.569-9.373 33.941 0L285.475 239.03c9.373 9.372 9.373 24.568.001 33.941z\"><\/path><\/svg>\t\t\t\t\t\t<\/span>\n\t\t\t\t\t\t\t\t\t\t<span class=\"elementor-icon-list-text\">tourisme-paris.info\/massage,relaxation,paris,642,h http:\/\/www.tourisme-paris.info\/massage,relaxation,<\/span>\n\t\t\t\t\t\t\t\t\t<\/li>\n\t\t\t\t\t\t\t\t<li class=\"elementor-icon-list-item\">\n\t\t\t\t\t\t\t\t\t\t\t<span class=\"elementor-icon-list-icon\">\n\t\t\t\t\t\t\t<svg aria-hidden=\"true\" class=\"e-font-icon-svg e-fas-chevron-right\" viewBox=\"0 0 320 512\" xmlns=\"http:\/\/www.w3.org\/2000\/svg\"><path d=\"M285.476 272.971L91.132 467.314c-9.373 9.373-24.569 9.373-33.941 0l-22.667-22.667c-9.357-9.357-9.375-24.522-.04-33.901L188.505 256 34.484 101.255c-9.335-9.379-9.317-24.544.04-33.901l22.667-22.667c9.373-9.373 24.569-9.373 33.941 0L285.475 239.03c9.373 9.372 9.373 24.568.001 33.941z\"><\/path><\/svg>\t\t\t\t\t\t<\/span>\n\t\t\t\t\t\t\t\t\t\t<span class=\"elementor-icon-list-text\">At the heart of well-being http:\/\/aucoeurdubienetre.com<\/span>\n\t\t\t\t\t\t\t\t\t<\/li>\n\t\t\t\t\t\t\t\t<li class=\"elementor-icon-list-item\">\n\t\t\t\t\t\t\t\t\t\t\t<span class=\"elementor-icon-list-icon\">\n\t\t\t\t\t\t\t<svg aria-hidden=\"true\" class=\"e-font-icon-svg e-fas-chevron-right\" viewBox=\"0 0 320 512\" xmlns=\"http:\/\/www.w3.org\/2000\/svg\"><path d=\"M285.476 272.971L91.132 467.314c-9.373 9.373-24.569 9.373-33.941 0l-22.667-22.667c-9.357-9.357-9.375-24.522-.04-33.901L188.505 256 34.484 101.255c-9.335-9.379-9.317-24.544.04-33.901l22.667-22.667c9.373-9.373 24.569-9.373 33.941 0L285.475 239.03c9.373 9.372 9.373 24.568.001 33.941z\"><\/path><\/svg>\t\t\t\t\t\t<\/span>\n\t\t\t\t\t\t\t\t\t\t<span class=\"elementor-icon-list-text\">Qype: Paris wellness guide http:\/\/www.qype.fr\/fr01-paris\/categories\/884-in<\/span>\n\t\t\t\t\t\t\t\t\t<\/li>\n\t\t\t\t\t\t\t\t<li class=\"elementor-icon-list-item\">\n\t\t\t\t\t\t\t\t\t\t\t<span class=\"elementor-icon-list-icon\">\n\t\t\t\t\t\t\t<svg aria-hidden=\"true\" class=\"e-font-icon-svg e-fas-chevron-right\" viewBox=\"0 0 320 512\" xmlns=\"http:\/\/www.w3.org\/2000\/svg\"><path d=\"M285.476 272.971L91.132 467.314c-9.373 9.373-24.569 9.373-33.941 0l-22.667-22.667c-9.357-9.357-9.375-24.522-.04-33.901L188.505 256 34.484 101.255c-9.335-9.379-9.317-24.544.04-33.901l22.667-22.667c9.373-9.373 24.569-9.373 33.941 0L285.475 239.03c9.373 9.372 9.373 24.568.001 33.941z\"><\/path><\/svg>\t\t\t\t\t\t<\/span>\n\t\t\t\t\t\t\t\t\t\t<span class=\"elementor-icon-list-text\">http:\/\/www.massage-zen-therapie.com massage-zen-therapie<\/span>\n\t\t\t\t\t\t\t\t\t<\/li>\n\t\t\t\t\t\t\t\t<li class=\"elementor-icon-list-item\">\n\t\t\t\t\t\t\t\t\t\t\t<span class=\"elementor-icon-list-icon\">\n\t\t\t\t\t\t\t<svg aria-hidden=\"true\" class=\"e-font-icon-svg e-fas-chevron-right\" viewBox=\"0 0 320 512\" xmlns=\"http:\/\/www.w3.org\/2000\/svg\"><path d=\"M285.476 272.971L91.132 467.314c-9.373 9.373-24.569 9.373-33.941 0l-22.667-22.667c-9.357-9.357-9.375-24.522-.04-33.901L188.505 256 34.484 101.255c-9.335-9.379-9.317-24.544.04-33.901l22.667-22.667c9.373-9.373 24.569-9.373 33.941 0L285.475 239.03c9.373 9.372 9.373 24.568.001 33.941z\"><\/path><\/svg>\t\t\t\t\t\t<\/span>\n\t\t\t\t\t\t\t\t\t\t<span class=\"elementor-icon-list-text\">www.tourisme-paris.info : body care paris tourisme-paris.info\/form-active<\/span>\n\t\t\t\t\t\t\t\t\t<\/li>\n\t\t\t\t\t\t\t\t<li class=\"elementor-icon-list-item\">\n\t\t\t\t\t\t\t\t\t\t\t<span class=\"elementor-icon-list-icon\">\n\t\t\t\t\t\t\t<svg aria-hidden=\"true\" class=\"e-font-icon-svg e-fas-chevron-right\" viewBox=\"0 0 320 512\" xmlns=\"http:\/\/www.w3.org\/2000\/svg\"><path d=\"M285.476 272.971L91.132 467.314c-9.373 9.373-24.569 9.373-33.941 0l-22.667-22.667c-9.357-9.357-9.375-24.522-.04-33.901L188.505 256 34.484 101.255c-9.335-9.379-9.317-24.544.04-33.901l22.667-22.667c9.373-9.373 24.569-9.373 33.941 0L285.475 239.03c9.373 9.372 9.373 24.568.001 33.941z\"><\/path><\/svg>\t\t\t\t\t\t<\/span>\n\t\t\t\t\t\t\t\t\t\t<span class=\"elementor-icon-list-text\">http:\/\/www.guide-maison-retraite.com\/maison-de-ret guide-maison-retraite.com<\/span>\n\t\t\t\t\t\t\t\t\t<\/li>\n\t\t\t\t\t\t\t\t<li class=\"elementor-icon-list-item\">\n\t\t\t\t\t\t\t\t\t\t\t<span class=\"elementor-icon-list-icon\">\n\t\t\t\t\t\t\t<svg aria-hidden=\"true\" class=\"e-font-icon-svg e-fas-chevron-right\" viewBox=\"0 0 320 512\" xmlns=\"http:\/\/www.w3.org\/2000\/svg\"><path d=\"M285.476 272.971L91.132 467.314c-9.373 9.373-24.569 9.373-33.941 0l-22.667-22.667c-9.357-9.357-9.375-24.522-.04-33.901L188.505 256 34.484 101.255c-9.335-9.379-9.317-24.544.04-33.901l22.667-22.667c9.373-9.373 24.569-9.373 33.941 0L285.475 239.03c9.373 9.372 9.373 24.568.001 33.941z\"><\/path><\/svg>\t\t\t\t\t\t<\/span>\n\t\t\t\t\t\t\t\t\t\t<span class=\"elementor-icon-list-text\">Edgar Cayce Center http:\/\/www.centre-edgar-cayce.com\/index.php\/fr\/<\/span>\n\t\t\t\t\t\t\t\t\t<\/li>\n\t\t\t\t\t\t<\/ul>\n\t\t\t\t\t\t<\/div>\n\t\t\t\t<\/div>\n\t\t\t\t<\/div>\n\t\t\t\t\t<\/div>\n\t\t\t\t<\/div>\n\t\t<div class=\"elementor-element elementor-element-05e144c e-flex e-con-boxed e-con e-parent\" data-id=\"05e144c\" data-element_type=\"container\" data-e-type=\"container\" data-settings=\"{&quot;background_background&quot;:&quot;classic&quot;}\">\n\t\t\t\t\t<div class=\"e-con-inner\">\n\t\t\t\t<div class=\"elementor-element elementor-element-c06d347 elementor-widget__width-initial elementor-widget elementor-widget-heading\" data-id=\"c06d347\" data-element_type=\"widget\" data-e-type=\"widget\" data-widget_type=\"heading.default\">\n\t\t\t\t<div class=\"elementor-widget-container\">\n\t\t\t\t\t<h2 class=\"elementor-heading-title elementor-size-default\">Customer testimonials<\/h2>\t\t\t\t<\/div>\n\t\t\t\t<\/div>\n\t\t\t\t<div class=\"elementor-element elementor-element-e1c4d84 elementor-align-justify elementor-widget elementor-widget-button\" data-id=\"e1c4d84\" data-element_type=\"widget\" data-e-type=\"widget\" data-widget_type=\"button.default\">\n\t\t\t\t<div class=\"elementor-widget-container\">\n\t\t\t\t\t\t\t\t\t<div class=\"elementor-button-wrapper\">\n\t\t\t\t\t<a class=\"elementor-button elementor-button-link elementor-size-sm\" href=\"https:\/\/www.bio-reflexo-therapie.fr\/temoignages\/\">\n\t\t\t\t\t\t<span class=\"elementor-button-content-wrapper\">\n\t\t\t\t\t\t\t\t\t<span class=\"elementor-button-text\">See testimonials<\/span>\n\t\t\t\t\t<\/span>\n\t\t\t\t\t<\/a>\n\t\t\t\t<\/div>\n\t\t\t\t\t\t\t\t<\/div>\n\t\t\t\t<\/div>\n\t\t\t\t\t<\/div>\n\t\t\t\t<\/div>\n\t\t\t\t<\/div>\n\t\t","protected":false},"excerpt":{"rendered":"<p>Some partner sites Portal for wellness professionals: http:\/\/www.mieux-etre.org\/ MY BLOG bioenergy and complementary medicine: http:\/\/soinbioenergie.blogspot.com iledefrance.org http:\/\/www.iledefrance.org www.etula.com http:\/\/www.etula.com dieteticanaturo http:\/\/dieteticanaturo.over-blog.com tourisme-paris.info\/massage,relaxation,paris,642,h http:\/\/www.tourisme-paris.info\/massage,relaxation, At the heart of well-being http:\/\/aucoeurdubienetre.com Qype: Paris wellness guide http:\/\/www.qype.fr\/fr01-paris\/categories\/884-in http:\/\/www.massage-zen-therapie.com massage-zen-therapie www.tourisme-paris.info : body care paris tourisme-paris.info\/form-active http:\/\/www.guide-maison-retraite.com\/maison-de-ret guide-maison-retraite.com Edgar Cayce Center http:\/\/www.centre-edgar-cayce.com\/index.php\/fr\/ Customer testimonials See testimonials<\/p>\n","protected":false},"author":7,"featured_media":0,"parent":0,"menu_order":0,"comment_status":"closed","ping_status":"closed","template":"","meta":{"footnotes":""},"class_list":["post-10318","page","type-page","status-publish","hentry"],"yoast_head":"<!-- This site is optimized with the Yoast SEO Premium plugin v27.0 (Yoast SEO v27.5) - https:\/\/yoast.com\/product\/yoast-seo-premium-wordpress\/ -->\n<title>Partner sites - Bio R\u00e9fl\u00e9xo Th\u00e9rapie<\/title>\n<meta name=\"robots\" content=\"index, follow, max-snippet:-1, max-image-preview:large, max-video-preview:-1\" \/>\n<link rel=\"canonical\" href=\"https:\/\/bio-reflexo-therapie.fr\/en\/partner-sites\/\" \/>\n<meta property=\"og:locale\" content=\"en_US\" \/>\n<meta property=\"og:type\" content=\"article\" \/>\n<meta property=\"og:title\" content=\"Nadine Librach expertise professionnelle Drainage lymphatique manuel et Autres soins corporels\" \/>\n<meta property=\"og:description\" content=\"Nadine Librach 30 ans d&#039;expertise professionnelle et enseignante en drainage lymphatique manuel m\u00e9thode Vodder , sp\u00e9cialis\u00e9e en th\u00e9rapie \u00e9nerg\u00e9tique globale et holistique\" \/>\n<meta property=\"og:url\" content=\"https:\/\/bio-reflexo-therapie.fr\/en\/partner-sites\/\" \/>\n<meta property=\"og:site_name\" content=\"Bio R\u00e9fl\u00e9xo Th\u00e9rapie\" \/>\n<meta property=\"article:modified_time\" content=\"2025-06-29T11:52:18+00:00\" \/>\n<meta property=\"og:image\" content=\"https:\/\/bio-reflexo-therapie.fr\/wp-content\/uploads\/2021\/07\/cropped-logo-nlibrach-PT-couleur.jpg\" \/>\n\t<meta property=\"og:image:width\" content=\"512\" \/>\n\t<meta property=\"og:image:height\" content=\"512\" \/>\n\t<meta property=\"og:image:type\" content=\"image\/jpeg\" \/>\n<meta name=\"twitter:card\" content=\"summary_large_image\" \/>\n<meta name=\"twitter:label1\" content=\"Est. reading time\" \/>\n\t<meta name=\"twitter:data1\" content=\"1 minute\" \/>\n<script type=\"application\/ld+json\" class=\"yoast-schema-graph\">{\"@context\":\"https:\\\/\\\/schema.org\",\"@graph\":[{\"@type\":\"WebPage\",\"@id\":\"https:\\\/\\\/bio-reflexo-therapie.fr\\\/en\\\/partner-sites\\\/\",\"url\":\"https:\\\/\\\/bio-reflexo-therapie.fr\\\/en\\\/partner-sites\\\/\",\"name\":\"Partner sites - Bio R\u00e9fl\u00e9xo Th\u00e9rapie\",\"isPartOf\":{\"@id\":\"https:\\\/\\\/bio-reflexo-therapie.fr\\\/en\\\/#website\"},\"datePublished\":\"2025-06-16T23:58:38+00:00\",\"dateModified\":\"2025-06-29T11:52:18+00:00\",\"breadcrumb\":{\"@id\":\"https:\\\/\\\/bio-reflexo-therapie.fr\\\/en\\\/partner-sites\\\/#breadcrumb\"},\"inLanguage\":\"en-US\",\"potentialAction\":[{\"@type\":\"ReadAction\",\"target\":[\"https:\\\/\\\/bio-reflexo-therapie.fr\\\/en\\\/partner-sites\\\/\"]}]},{\"@type\":\"BreadcrumbList\",\"@id\":\"https:\\\/\\\/bio-reflexo-therapie.fr\\\/en\\\/partner-sites\\\/#breadcrumb\",\"itemListElement\":[{\"@type\":\"ListItem\",\"position\":1,\"name\":\"Accueil\",\"item\":\"https:\\\/\\\/bio-reflexo-therapie.fr\\\/en\\\/?page_id=10454\"},{\"@type\":\"ListItem\",\"position\":2,\"name\":\"Partner sites\"}]},{\"@type\":\"WebSite\",\"@id\":\"https:\\\/\\\/bio-reflexo-therapie.fr\\\/en\\\/#website\",\"url\":\"https:\\\/\\\/bio-reflexo-therapie.fr\\\/en\\\/\",\"name\":\"Bio R\u00e9fl\u00e9xo Th\u00e9rapie\",\"description\":\"Nadine Librach Drainage lymphatique manuel et th\u00e9rapie alternative\",\"publisher\":{\"@id\":\"https:\\\/\\\/bio-reflexo-therapie.fr\\\/en\\\/#organization\"},\"potentialAction\":[{\"@type\":\"SearchAction\",\"target\":{\"@type\":\"EntryPoint\",\"urlTemplate\":\"https:\\\/\\\/bio-reflexo-therapie.fr\\\/en\\\/?s={search_term_string}\"},\"query-input\":{\"@type\":\"PropertyValueSpecification\",\"valueRequired\":true,\"valueName\":\"search_term_string\"}}],\"inLanguage\":\"en-US\"},{\"@type\":\"Organization\",\"@id\":\"https:\\\/\\\/bio-reflexo-therapie.fr\\\/en\\\/#organization\",\"name\":\"Cabinet de Soins Psycho-corporels Nadine LIBRACH\",\"url\":\"https:\\\/\\\/bio-reflexo-therapie.fr\\\/en\\\/\",\"logo\":{\"@type\":\"ImageObject\",\"inLanguage\":\"en-US\",\"@id\":\"https:\\\/\\\/bio-reflexo-therapie.fr\\\/en\\\/#\\\/schema\\\/logo\\\/image\\\/\",\"url\":\"https:\\\/\\\/bio-reflexo-therapie.fr\\\/wp-content\\\/uploads\\\/2021\\\/07\\\/logo-nlibrach-PT-couleur.jpg\",\"contentUrl\":\"https:\\\/\\\/bio-reflexo-therapie.fr\\\/wp-content\\\/uploads\\\/2021\\\/07\\\/logo-nlibrach-PT-couleur.jpg\",\"width\":1362,\"height\":1361,\"caption\":\"Cabinet de Soins Psycho-corporels Nadine LIBRACH\"},\"image\":{\"@id\":\"https:\\\/\\\/bio-reflexo-therapie.fr\\\/en\\\/#\\\/schema\\\/logo\\\/image\\\/\"},\"sameAs\":[\"https:\\\/\\\/www.instagram.com\\\/nlmethode\\\/?hl=fr\"]}]}<\/script>\n<!-- \/ Yoast SEO Premium plugin. -->","yoast_head_json":{"title":"Partner sites - Bio R\u00e9fl\u00e9xo Th\u00e9rapie","robots":{"index":"index","follow":"follow","max-snippet":"max-snippet:-1","max-image-preview":"max-image-preview:large","max-video-preview":"max-video-preview:-1"},"canonical":"https:\/\/bio-reflexo-therapie.fr\/en\/partner-sites\/","og_locale":"en_US","og_type":"article","og_title":"Nadine Librach expertise professionnelle Drainage lymphatique manuel et Autres soins corporels","og_description":"Nadine Librach 30 ans d'expertise professionnelle et enseignante en drainage lymphatique manuel m\u00e9thode Vodder , sp\u00e9cialis\u00e9e en th\u00e9rapie \u00e9nerg\u00e9tique globale et holistique","og_url":"https:\/\/bio-reflexo-therapie.fr\/en\/partner-sites\/","og_site_name":"Bio R\u00e9fl\u00e9xo Th\u00e9rapie","article_modified_time":"2025-06-29T11:52:18+00:00","og_image":[{"width":512,"height":512,"url":"https:\/\/bio-reflexo-therapie.fr\/wp-content\/uploads\/2021\/07\/cropped-logo-nlibrach-PT-couleur.jpg","type":"image\/jpeg"}],"twitter_card":"summary_large_image","twitter_misc":{"Est. reading time":"1 minute"},"schema":{"@context":"https:\/\/schema.org","@graph":[{"@type":"WebPage","@id":"https:\/\/bio-reflexo-therapie.fr\/en\/partner-sites\/","url":"https:\/\/bio-reflexo-therapie.fr\/en\/partner-sites\/","name":"Partner sites - Bio R\u00e9fl\u00e9xo Th\u00e9rapie","isPartOf":{"@id":"https:\/\/bio-reflexo-therapie.fr\/en\/#website"},"datePublished":"2025-06-16T23:58:38+00:00","dateModified":"2025-06-29T11:52:18+00:00","breadcrumb":{"@id":"https:\/\/bio-reflexo-therapie.fr\/en\/partner-sites\/#breadcrumb"},"inLanguage":"en-US","potentialAction":[{"@type":"ReadAction","target":["https:\/\/bio-reflexo-therapie.fr\/en\/partner-sites\/"]}]},{"@type":"BreadcrumbList","@id":"https:\/\/bio-reflexo-therapie.fr\/en\/partner-sites\/#breadcrumb","itemListElement":[{"@type":"ListItem","position":1,"name":"Accueil","item":"https:\/\/bio-reflexo-therapie.fr\/en\/?page_id=10454"},{"@type":"ListItem","position":2,"name":"Partner sites"}]},{"@type":"WebSite","@id":"https:\/\/bio-reflexo-therapie.fr\/en\/#website","url":"https:\/\/bio-reflexo-therapie.fr\/en\/","name":"Bio R\u00e9fl\u00e9xo Th\u00e9rapie","description":"Nadine Librach Drainage lymphatique manuel et th\u00e9rapie alternative","publisher":{"@id":"https:\/\/bio-reflexo-therapie.fr\/en\/#organization"},"potentialAction":[{"@type":"SearchAction","target":{"@type":"EntryPoint","urlTemplate":"https:\/\/bio-reflexo-therapie.fr\/en\/?s={search_term_string}"},"query-input":{"@type":"PropertyValueSpecification","valueRequired":true,"valueName":"search_term_string"}}],"inLanguage":"en-US"},{"@type":"Organization","@id":"https:\/\/bio-reflexo-therapie.fr\/en\/#organization","name":"Cabinet de Soins Psycho-corporels Nadine LIBRACH","url":"https:\/\/bio-reflexo-therapie.fr\/en\/","logo":{"@type":"ImageObject","inLanguage":"en-US","@id":"https:\/\/bio-reflexo-therapie.fr\/en\/#\/schema\/logo\/image\/","url":"https:\/\/bio-reflexo-therapie.fr\/wp-content\/uploads\/2021\/07\/logo-nlibrach-PT-couleur.jpg","contentUrl":"https:\/\/bio-reflexo-therapie.fr\/wp-content\/uploads\/2021\/07\/logo-nlibrach-PT-couleur.jpg","width":1362,"height":1361,"caption":"Cabinet de Soins Psycho-corporels Nadine LIBRACH"},"image":{"@id":"https:\/\/bio-reflexo-therapie.fr\/en\/#\/schema\/logo\/image\/"},"sameAs":["https:\/\/www.instagram.com\/nlmethode\/?hl=fr"]}]}},"_links":{"self":[{"href":"https:\/\/bio-reflexo-therapie.fr\/en\/wp-json\/wp\/v2\/pages\/10318","targetHints":{"allow":["GET"]}}],"collection":[{"href":"https:\/\/bio-reflexo-therapie.fr\/en\/wp-json\/wp\/v2\/pages"}],"about":[{"href":"https:\/\/bio-reflexo-therapie.fr\/en\/wp-json\/wp\/v2\/types\/page"}],"author":[{"embeddable":true,"href":"https:\/\/bio-reflexo-therapie.fr\/en\/wp-json\/wp\/v2\/users\/7"}],"replies":[{"embeddable":true,"href":"https:\/\/bio-reflexo-therapie.fr\/en\/wp-json\/wp\/v2\/comments?post=10318"}],"version-history":[{"count":2,"href":"https:\/\/bio-reflexo-therapie.fr\/en\/wp-json\/wp\/v2\/pages\/10318\/revisions"}],"predecessor-version":[{"id":10322,"href":"https:\/\/bio-reflexo-therapie.fr\/en\/wp-json\/wp\/v2\/pages\/10318\/revisions\/10322"}],"wp:attachment":[{"href":"https:\/\/bio-reflexo-therapie.fr\/en\/wp-json\/wp\/v2\/media?parent=10318"}],"curies":[{"name":"wp","href":"https:\/\/api.w.org\/{rel}","templated":true}]}}